{"id":113697,"date":"2025-05-18T21:06:14","date_gmt":"2025-05-18T21:06:14","guid":{"rendered":"https:\/\/staging2.stylingagenten.com\/fi\/produkt\/anua-heartleaf-77-soothing-toner-250ml\/"},"modified":"2025-11-19T12:48:14","modified_gmt":"2025-11-19T12:48:14","slug":"anua-heartleaf-77-soothing-toner-250ml","status":"publish","type":"product","link":"https:\/\/stylingagenten.com\/fi\/tuote\/anua-heartleaf-77-soothing-toner-250ml\/","title":{"rendered":"Anua Heartleaf 77% Soothing Toner 250ml"},"content":{"rendered":"<p>Anua Heartleaf 77% Soothing Toner on kosteuttava kasvovesi, joka sis\u00e4lt\u00e4\u00e4 77 % kameleontinlehden uutetta. T\u00e4m\u00e4 uute on tunnettu rauhoittavista ja terapeuttisista ominaisuuksistaan. Toneri on erityisesti suunniteltu herk\u00e4lle ja \u00e4rtyneelle iholle ja kosteuttaa ihoa. Se sis\u00e4lt\u00e4\u00e4 my\u00f6s kameleontinlehte\u00e4, joka rauhoittaa ihoa ja antaa parantavan vaikutuksen. Kameleontinlehden lis\u00e4ksi t\u00e4m\u00e4 kasvovesi sis\u00e4lt\u00e4\u00e4 beetaiinia, centella asiatica -uutetta ja kamomillaa, jotka kaikki auttavat v\u00e4hent\u00e4m\u00e4\u00e4n punoitusta ja rauhoittamaan ihoa. N\u00e4m\u00e4 ainesosat ovat my\u00f6s kosteuttavia ja edist\u00e4v\u00e4t terveellist\u00e4 hehkua. Minimalistisen koostumuksensa ansiosta t\u00e4m\u00e4 toner sopii kaikille ihotyypeille ja ihotiloille.<\/p>\n<p>Rauhoittava vaikutus, t\u00e4ydellinen \u00e4rsytyksen ja punoituksen v\u00e4hent\u00e4miseen. Kosteuttava, yll\u00e4pit\u00e4\u00e4 ihon raikkautta ja joustavuutta. Tulehduksenvastainen, v\u00e4hent\u00e4\u00e4 punoitusta ja antaa terveellisen hehkun. Yksinkertaisen koostumuksensa ansiosta toner sopii kaikille ihotyypeille ja ihotiloille.<\/p>\n<p>250ml<\/p>\n","protected":false},"excerpt":{"rendered":"<p>Anua Heartleaf 77% Soothing Toner on kosteuttava kasvovesi, joka sis\u00e4lt\u00e4\u00e4 77 % kameleontinlehden uutetta. T\u00e4m\u00e4 uute on tunnettu rauhoittavista ja terapeuttisista ominaisuuksistaan. Toneri on erityisesti suunniteltu herk\u00e4lle ja \u00e4rtyneelle iholle ja kosteuttaa ihoa. Se sis\u00e4lt\u00e4\u00e4 my\u00f6s kameleontinlehte\u00e4, joka rauhoittaa ihoa ja antaa parantavan vaikutuksen. Kameleontinlehden lis\u00e4ksi t\u00e4m\u00e4 kasvovesi sis\u00e4lt\u00e4\u00e4 beetaiinia, centella asiatica -uutetta ja kamomillaa, [&hellip;]<\/p>\n","protected":false},"featured_media":113692,"comment_status":"open","ping_status":"closed","template":"","meta":{"_trash_the_other_posts":false},"product_brand":[],"product_cat":[571],"product_tag":[2388],"berocket_brand":[1421],"class_list":{"0":"post-113697","1":"product","2":"type-product","3":"status-publish","4":"has-post-thumbnail","6":"product_cat-kasvovesi","7":"product_tag-anua-heartleaf-77-soothing-toner","8":"pa_brand-anua","9":"pa_variantti-250ml","10":"berocket_brand-anua","12":"first","13":"instock","14":"sale","15":"taxable","16":"shipping-taxable","17":"purchasable","18":"product-type-simple"},"_links":{"self":[{"href":"https:\/\/stylingagenten.com\/fi\/wp-json\/wp\/v2\/product\/113697","targetHints":{"allow":["GET"]}}],"collection":[{"href":"https:\/\/stylingagenten.com\/fi\/wp-json\/wp\/v2\/product"}],"about":[{"href":"https:\/\/stylingagenten.com\/fi\/wp-json\/wp\/v2\/types\/product"}],"replies":[{"embeddable":true,"href":"https:\/\/stylingagenten.com\/fi\/wp-json\/wp\/v2\/comments?post=113697"}],"version-history":[{"count":0,"href":"https:\/\/stylingagenten.com\/fi\/wp-json\/wp\/v2\/product\/113697\/revisions"}],"wp:featuredmedia":[{"embeddable":true,"href":"https:\/\/stylingagenten.com\/fi\/wp-json\/wp\/v2\/media\/113692"}],"wp:attachment":[{"href":"https:\/\/stylingagenten.com\/fi\/wp-json\/wp\/v2\/media?parent=113697"}],"wp:term":[{"taxonomy":"product_brand","embeddable":true,"href":"https:\/\/stylingagenten.com\/fi\/wp-json\/wp\/v2\/product_brand?post=113697"},{"taxonomy":"product_cat","embeddable":true,"href":"https:\/\/stylingagenten.com\/fi\/wp-json\/wp\/v2\/product_cat?post=113697"},{"taxonomy":"product_tag","embeddable":true,"href":"https:\/\/stylingagenten.com\/fi\/wp-json\/wp\/v2\/product_tag?post=113697"},{"taxonomy":"berocket_brand","embeddable":true,"href":"https:\/\/stylingagenten.com\/fi\/wp-json\/wp\/v2\/berocket_brand?post=113697"}],"curies":[{"name":"wp","href":"https:\/\/api.w.org\/{rel}","templated":true}]}}