{"id":113669,"date":"2025-05-18T21:05:52","date_gmt":"2025-05-18T21:05:52","guid":{"rendered":"https:\/\/staging2.stylingagenten.com\/fi\/produkt\/elizabeth-arden-ceramide-replenishing-cleansing-oil-195ml\/"},"modified":"2026-02-17T20:36:33","modified_gmt":"2026-02-17T20:36:33","slug":"elizabeth-arden-ceramide-replenishing-cleansing-oil-195ml","status":"publish","type":"product","link":"https:\/\/stylingagenten.com\/fi\/tuote\/elizabeth-arden-ceramide-replenishing-cleansing-oil-195ml\/","title":{"rendered":"Elizabeth Arden Ceramide Replenishing Cleansing Oil 195ml"},"content":{"rendered":"<p>Upea puhdistusaine, joka poistaa tehokkaasti ep\u00e4puhtaudet ja meikinj\u00e4\u00e4m\u00e4t iholta samalla kun se ravitsee ihoa ja tarjoaa t\u00e4rkeit\u00e4 ainesosia, kuten omega 3, 6 ja 9 sek\u00e4 E-vitamiinia.<\/p>\n<p>Ylellinen \u00f6ljy muuttuu pehme\u00e4ksi, kermaiseksi vaahdoksi, joka poistaa ep\u00e4puhtaudet ja j\u00e4tt\u00e4\u00e4 ihon silkinpehme\u00e4ksi ja joustavaksi ilman, ett\u00e4 se tulee rasvaiseksi.<\/p>\n","protected":false},"excerpt":{"rendered":"<p>Upea puhdistusaine, joka poistaa tehokkaasti ep\u00e4puhtaudet ja meikinj\u00e4\u00e4m\u00e4t iholta samalla kun se ravitsee ihoa ja tarjoaa t\u00e4rkeit\u00e4 ainesosia, kuten omega 3, 6 ja 9 sek\u00e4 E-vitamiinia. Ylellinen \u00f6ljy muuttuu pehme\u00e4ksi, kermaiseksi vaahdoksi, joka poistaa ep\u00e4puhtaudet ja j\u00e4tt\u00e4\u00e4 ihon silkinpehme\u00e4ksi ja joustavaksi ilman, ett\u00e4 se tulee rasvaiseksi.<\/p>\n","protected":false},"featured_media":113667,"comment_status":"open","ping_status":"closed","template":"","meta":{"_trash_the_other_posts":false},"product_brand":[],"product_cat":[609],"product_tag":[],"berocket_brand":[1303],"class_list":{"0":"post-113669","1":"product","2":"type-product","3":"status-publish","4":"has-post-thumbnail","6":"product_cat-kasvojen-puhdistus","7":"pa_brand-elizabeth-arden","8":"berocket_brand-elizabeth-arden","10":"first","11":"instock","12":"sale","13":"taxable","14":"shipping-taxable","15":"purchasable","16":"product-type-simple"},"_links":{"self":[{"href":"https:\/\/stylingagenten.com\/fi\/wp-json\/wp\/v2\/product\/113669","targetHints":{"allow":["GET"]}}],"collection":[{"href":"https:\/\/stylingagenten.com\/fi\/wp-json\/wp\/v2\/product"}],"about":[{"href":"https:\/\/stylingagenten.com\/fi\/wp-json\/wp\/v2\/types\/product"}],"replies":[{"embeddable":true,"href":"https:\/\/stylingagenten.com\/fi\/wp-json\/wp\/v2\/comments?post=113669"}],"version-history":[{"count":0,"href":"https:\/\/stylingagenten.com\/fi\/wp-json\/wp\/v2\/product\/113669\/revisions"}],"wp:featuredmedia":[{"embeddable":true,"href":"https:\/\/stylingagenten.com\/fi\/wp-json\/wp\/v2\/media\/113667"}],"wp:attachment":[{"href":"https:\/\/stylingagenten.com\/fi\/wp-json\/wp\/v2\/media?parent=113669"}],"wp:term":[{"taxonomy":"product_brand","embeddable":true,"href":"https:\/\/stylingagenten.com\/fi\/wp-json\/wp\/v2\/product_brand?post=113669"},{"taxonomy":"product_cat","embeddable":true,"href":"https:\/\/stylingagenten.com\/fi\/wp-json\/wp\/v2\/product_cat?post=113669"},{"taxonomy":"product_tag","embeddable":true,"href":"https:\/\/stylingagenten.com\/fi\/wp-json\/wp\/v2\/product_tag?post=113669"},{"taxonomy":"berocket_brand","embeddable":true,"href":"https:\/\/stylingagenten.com\/fi\/wp-json\/wp\/v2\/berocket_brand?post=113669"}],"curies":[{"name":"wp","href":"https:\/\/api.w.org\/{rel}","templated":true}]}}