{"id":113666,"date":"2025-05-18T21:05:49","date_gmt":"2025-05-18T21:05:49","guid":{"rendered":"https:\/\/staging2.stylingagenten.com\/fi\/produkt\/skin1004-madagascar-centella-toning-toner-210ml\/"},"modified":"2026-01-20T23:25:31","modified_gmt":"2026-01-20T23:25:31","slug":"skin1004-madagascar-centella-toning-toner-210ml","status":"publish","type":"product","link":"https:\/\/stylingagenten.com\/fi\/tuote\/skin1004-madagascar-centella-toning-toner-210ml\/","title":{"rendered":"SKIN1004 Madagascar Centella Toning Toner 210ml"},"content":{"rendered":"<p>SKIN1004 Madagascar Centella Toning Toner on hell\u00e4varaisesti kuoriva kasvovesi, jossa on kevyt ja vetinen koostumus.<br \/>\n<br \/>\u2013 P\u00e4ivitt\u00e4inen kasvovesi, joka sis\u00e4lt\u00e4\u00e4 84 % Centella Asiatica -uutetta ja PHA:ta, mietoa kuorinta-ainetta.<br \/>\n<br \/>\u2013 PHA, hell\u00e4varainen kuorintakoostumus, aktivoituu v\u00e4hitellen iholla poistaen varovasti talia ja kuolleita ihosoluja.<br \/>\n<br \/>\u2013 Sertifioidut kirkastavat ja ik\u00e4\u00e4ntymist\u00e4 ehk\u00e4isev\u00e4t edut kirkkaalle ja kimmoisalle iholle.<br \/>\n<br \/>\u2013 Ei-komedogeeninen testi suoritettu, turvallinen akneen taipuvaiselle iholle ja kaikille ihotyypeille.<\/p>\n<p>210ml<\/p>\n","protected":false},"excerpt":{"rendered":"<p>SKIN1004 Madagascar Centella Toning Toner on hell\u00e4varaisesti kuoriva kasvovesi, jossa on kevyt ja vetinen koostumus. \u2013 P\u00e4ivitt\u00e4inen kasvovesi, joka sis\u00e4lt\u00e4\u00e4 84 % Centella Asiatica -uutetta ja PHA:ta, mietoa kuorinta-ainetta. \u2013 PHA, hell\u00e4varainen kuorintakoostumus, aktivoituu v\u00e4hitellen iholla poistaen varovasti talia ja kuolleita ihosoluja. \u2013 Sertifioidut kirkastavat ja ik\u00e4\u00e4ntymist\u00e4 ehk\u00e4isev\u00e4t edut kirkkaalle ja kimmoisalle iholle. \u2013 Ei-komedogeeninen [&hellip;]<\/p>\n","protected":false},"featured_media":113661,"comment_status":"open","ping_status":"closed","template":"","meta":{"_trash_the_other_posts":false},"product_brand":[],"product_cat":[571],"product_tag":[],"berocket_brand":[2001],"class_list":{"0":"post-113666","1":"product","2":"type-product","3":"status-publish","4":"has-post-thumbnail","6":"product_cat-kasvovesi","7":"pa_brand-skin1006","8":"berocket_brand-skin1006","10":"first","11":"instock","12":"sale","13":"taxable","14":"shipping-taxable","15":"purchasable","16":"product-type-simple"},"_links":{"self":[{"href":"https:\/\/stylingagenten.com\/fi\/wp-json\/wp\/v2\/product\/113666","targetHints":{"allow":["GET"]}}],"collection":[{"href":"https:\/\/stylingagenten.com\/fi\/wp-json\/wp\/v2\/product"}],"about":[{"href":"https:\/\/stylingagenten.com\/fi\/wp-json\/wp\/v2\/types\/product"}],"replies":[{"embeddable":true,"href":"https:\/\/stylingagenten.com\/fi\/wp-json\/wp\/v2\/comments?post=113666"}],"version-history":[{"count":0,"href":"https:\/\/stylingagenten.com\/fi\/wp-json\/wp\/v2\/product\/113666\/revisions"}],"wp:featuredmedia":[{"embeddable":true,"href":"https:\/\/stylingagenten.com\/fi\/wp-json\/wp\/v2\/media\/113661"}],"wp:attachment":[{"href":"https:\/\/stylingagenten.com\/fi\/wp-json\/wp\/v2\/media?parent=113666"}],"wp:term":[{"taxonomy":"product_brand","embeddable":true,"href":"https:\/\/stylingagenten.com\/fi\/wp-json\/wp\/v2\/product_brand?post=113666"},{"taxonomy":"product_cat","embeddable":true,"href":"https:\/\/stylingagenten.com\/fi\/wp-json\/wp\/v2\/product_cat?post=113666"},{"taxonomy":"product_tag","embeddable":true,"href":"https:\/\/stylingagenten.com\/fi\/wp-json\/wp\/v2\/product_tag?post=113666"},{"taxonomy":"berocket_brand","embeddable":true,"href":"https:\/\/stylingagenten.com\/fi\/wp-json\/wp\/v2\/berocket_brand?post=113666"}],"curies":[{"name":"wp","href":"https:\/\/api.w.org\/{rel}","templated":true}]}}