{"id":113521,"date":"2025-05-18T21:03:51","date_gmt":"2025-05-18T21:03:51","guid":{"rendered":"https:\/\/staging2.stylingagenten.com\/fi\/produkt\/filorga-age-purify-clean-150ml\/"},"modified":"2026-04-10T15:08:38","modified_gmt":"2026-04-10T15:08:38","slug":"filorga-age-purify-clean-150ml","status":"publish","type":"product","link":"https:\/\/stylingagenten.com\/fi\/tuote\/filorga-age-purify-clean-150ml\/","title":{"rendered":"Filorga Age-Purify Clean 150ml"},"content":{"rendered":"<p>Silottava ja puhdistava puhdistusgeeli uuteen ihovaikutukseen 7 p\u00e4iv\u00e4n k\u00e4yt\u00f6n j\u00e4lkeen!<br \/>Kasvojen puhdistus FILORGA:n ainutlaatuisella koostumuksella, jonka ovat kehitt\u00e4neet esteettisen l\u00e4\u00e4ketieteen ja ihotautien asiantuntijat. Rikastettu tasoittavilla ja puhdistavilla aktiivisilla ainesosilla sile\u00e4mm\u00e4n ja kirkkaamman ihon saamiseksi. <br \/>Geeli, joka muuttuu hienoksi vaahdoksi ja sopii sekaiholle, joka on ep\u00e4tasapainoinen.<\/p>\n<p>Siloitusvaikutus ja t\u00e4ytt\u00e4\u00e4 ryppyj\u00e4<br \/>Matoittaa ihoa<br \/>Huokosia kirist\u00e4v\u00e4<br \/>V\u00e4hent\u00e4\u00e4 n\u00e4ppyl\u00f6it\u00e4 ja n\u00e4ppyl\u00f6it\u00e4. viat<br \/>Syv\u00e4puhdistus<\/p>\n<p>HYALURO-YOUTH CX yhdistelm\u00e4 kolmea ryppyj\u00e4 ehk\u00e4isev\u00e4\u00e4 ainesosaa, joilla on t\u00e4ytel\u00e4inen ja tasoittava vaikutus ryppyjen ja juonteiden korjaamiseen. Silottava vaikutus 7 p\u00e4iv\u00e4n j\u00e4lkeen.<br \/>DERMO-RESCUE CX [5 mikrokuorintahappoa + sinkki + kasviuute] korjaa ep\u00e4puhtauksia ja ep\u00e4tasapainoista ihoa. N\u00e4kyv\u00e4 vaikutus 7 p\u00e4iv\u00e4n kuluttua.<br \/>Kolme puhdistavaa polysakkaridia tarjoavat suoran syv\u00e4puhdistuksen ja poistavat kasvojen puhdistuksen aiheuttamia hiukkasia.<\/p>\n<p>Kauneusvinkkej\u00e4!<br \/>V\u00e4lt\u00e4 koskettamasta kasvoja ennen r, jotta iho ei p\u00e4\u00e4se ep\u00e4tasapainoon . Yhdist\u00e4 p\u00e4ivitt\u00e4in AGE-PURIFY:n kanssa ryppyjen ja ep\u00e4t\u00e4ydellisyyksien kaksinkertaiseksi korjaamiseksi.<\/p>\n","protected":false},"excerpt":{"rendered":"<p>Silottava ja puhdistava puhdistusgeeli uuteen ihovaikutukseen 7 p\u00e4iv\u00e4n k\u00e4yt\u00f6n j\u00e4lkeen!Kasvojen puhdistus FILORGA:n ainutlaatuisella koostumuksella, jonka ovat kehitt\u00e4neet esteettisen l\u00e4\u00e4ketieteen ja ihotautien asiantuntijat. Rikastettu tasoittavilla ja puhdistavilla aktiivisilla ainesosilla sile\u00e4mm\u00e4n ja kirkkaamman ihon saamiseksi. Geeli, joka muuttuu hienoksi vaahdoksi ja sopii sekaiholle, joka on ep\u00e4tasapainoinen. Siloitusvaikutus ja t\u00e4ytt\u00e4\u00e4 ryppyj\u00e4Matoittaa ihoaHuokosia kirist\u00e4v\u00e4V\u00e4hent\u00e4\u00e4 n\u00e4ppyl\u00f6it\u00e4 ja n\u00e4ppyl\u00f6it\u00e4. viatSyv\u00e4puhdistus HYALURO-YOUTH [&hellip;]<\/p>\n","protected":false},"featured_media":113497,"comment_status":"open","ping_status":"closed","template":"","meta":{"_trash_the_other_posts":false},"product_brand":[],"product_cat":[609],"product_tag":[2912],"berocket_brand":[1317],"class_list":{"0":"post-113521","1":"product","2":"type-product","3":"status-publish","4":"has-post-thumbnail","6":"product_cat-kasvojen-puhdistus","7":"product_tag-filorga-age-purify-clean","8":"pa_brand-filorga","9":"pa_variantti-150ml","10":"berocket_brand-filorga","12":"first","13":"instock","14":"sale","15":"taxable","16":"shipping-taxable","17":"purchasable","18":"product-type-simple"},"_links":{"self":[{"href":"https:\/\/stylingagenten.com\/fi\/wp-json\/wp\/v2\/product\/113521","targetHints":{"allow":["GET"]}}],"collection":[{"href":"https:\/\/stylingagenten.com\/fi\/wp-json\/wp\/v2\/product"}],"about":[{"href":"https:\/\/stylingagenten.com\/fi\/wp-json\/wp\/v2\/types\/product"}],"replies":[{"embeddable":true,"href":"https:\/\/stylingagenten.com\/fi\/wp-json\/wp\/v2\/comments?post=113521"}],"version-history":[{"count":0,"href":"https:\/\/stylingagenten.com\/fi\/wp-json\/wp\/v2\/product\/113521\/revisions"}],"wp:featuredmedia":[{"embeddable":true,"href":"https:\/\/stylingagenten.com\/fi\/wp-json\/wp\/v2\/media\/113497"}],"wp:attachment":[{"href":"https:\/\/stylingagenten.com\/fi\/wp-json\/wp\/v2\/media?parent=113521"}],"wp:term":[{"taxonomy":"product_brand","embeddable":true,"href":"https:\/\/stylingagenten.com\/fi\/wp-json\/wp\/v2\/product_brand?post=113521"},{"taxonomy":"product_cat","embeddable":true,"href":"https:\/\/stylingagenten.com\/fi\/wp-json\/wp\/v2\/product_cat?post=113521"},{"taxonomy":"product_tag","embeddable":true,"href":"https:\/\/stylingagenten.com\/fi\/wp-json\/wp\/v2\/product_tag?post=113521"},{"taxonomy":"berocket_brand","embeddable":true,"href":"https:\/\/stylingagenten.com\/fi\/wp-json\/wp\/v2\/berocket_brand?post=113521"}],"curies":[{"name":"wp","href":"https:\/\/api.w.org\/{rel}","templated":true}]}}