{"id":113492,"date":"2025-05-18T21:03:47","date_gmt":"2025-05-18T21:03:47","guid":{"rendered":"https:\/\/staging2.stylingagenten.com\/fi\/produkt\/neutrogena-clear-defend-wash-mask-150-ml\/"},"modified":"2026-04-12T15:38:30","modified_gmt":"2026-04-12T15:38:30","slug":"neutrogena-clear-defend-wash-mask-150-ml","status":"publish","type":"product","link":"https:\/\/stylingagenten.com\/fi\/tuote\/neutrogena-clear-defend-wash-mask-150-ml\/","title":{"rendered":"Neutrogena Clear &amp; Defend Wash-Mask 150 ml"},"content":{"rendered":"<p>Neutrogena\u00ae Clear &amp; Defend Wash-Mask salisyylihapolla, joka puhdistaa syv\u00e4sti n\u00e4ppyl\u00f6it\u00e4 vastaan. Sis\u00e4lt\u00e4\u00e4 valkoista kaoliinisavea, jonka koostumus syv\u00e4puhdistaa ja poistaa ep\u00e4puhtaudet s\u00e4ilytt\u00e4en samalla ihon luonnollisen tasapainon. Ehk\u00e4isee n\u00e4ppyl\u00f6iden ilmaantumista \u2013 tekee ihosta sile\u00e4mm\u00e4n ja tasaisemman. Voidaan k\u00e4ytt\u00e4\u00e4 p\u00e4ivitt\u00e4iseen puhdistukseen tai syv\u00e4puhdistavana kasvonaamiona.<\/p>\n","protected":false},"excerpt":{"rendered":"<p>Neutrogena\u00ae Clear &amp; Defend Wash-Mask salisyylihapolla, joka puhdistaa syv\u00e4sti n\u00e4ppyl\u00f6it\u00e4 vastaan. Sis\u00e4lt\u00e4\u00e4 valkoista kaoliinisavea, jonka koostumus syv\u00e4puhdistaa ja poistaa ep\u00e4puhtaudet s\u00e4ilytt\u00e4en samalla ihon luonnollisen tasapainon. Ehk\u00e4isee n\u00e4ppyl\u00f6iden ilmaantumista \u2013 tekee ihosta sile\u00e4mm\u00e4n ja tasaisemman. Voidaan k\u00e4ytt\u00e4\u00e4 p\u00e4ivitt\u00e4iseen puhdistukseen tai syv\u00e4puhdistavana kasvonaamiona.<\/p>\n","protected":false},"featured_media":113491,"comment_status":"open","ping_status":"closed","template":"","meta":{"_trash_the_other_posts":false},"product_brand":[],"product_cat":[609],"product_tag":[],"berocket_brand":[1262],"class_list":{"0":"post-113492","1":"product","2":"type-product","3":"status-publish","4":"has-post-thumbnail","6":"product_cat-kasvojen-puhdistus","7":"pa_brand-neutrogena","8":"berocket_brand-neutrogena","10":"first","11":"instock","12":"sale","13":"taxable","14":"shipping-taxable","15":"purchasable","16":"product-type-simple"},"_links":{"self":[{"href":"https:\/\/stylingagenten.com\/fi\/wp-json\/wp\/v2\/product\/113492","targetHints":{"allow":["GET"]}}],"collection":[{"href":"https:\/\/stylingagenten.com\/fi\/wp-json\/wp\/v2\/product"}],"about":[{"href":"https:\/\/stylingagenten.com\/fi\/wp-json\/wp\/v2\/types\/product"}],"replies":[{"embeddable":true,"href":"https:\/\/stylingagenten.com\/fi\/wp-json\/wp\/v2\/comments?post=113492"}],"version-history":[{"count":0,"href":"https:\/\/stylingagenten.com\/fi\/wp-json\/wp\/v2\/product\/113492\/revisions"}],"wp:featuredmedia":[{"embeddable":true,"href":"https:\/\/stylingagenten.com\/fi\/wp-json\/wp\/v2\/media\/113491"}],"wp:attachment":[{"href":"https:\/\/stylingagenten.com\/fi\/wp-json\/wp\/v2\/media?parent=113492"}],"wp:term":[{"taxonomy":"product_brand","embeddable":true,"href":"https:\/\/stylingagenten.com\/fi\/wp-json\/wp\/v2\/product_brand?post=113492"},{"taxonomy":"product_cat","embeddable":true,"href":"https:\/\/stylingagenten.com\/fi\/wp-json\/wp\/v2\/product_cat?post=113492"},{"taxonomy":"product_tag","embeddable":true,"href":"https:\/\/stylingagenten.com\/fi\/wp-json\/wp\/v2\/product_tag?post=113492"},{"taxonomy":"berocket_brand","embeddable":true,"href":"https:\/\/stylingagenten.com\/fi\/wp-json\/wp\/v2\/berocket_brand?post=113492"}],"curies":[{"name":"wp","href":"https:\/\/api.w.org\/{rel}","templated":true}]}}