{"id":113384,"date":"2025-05-18T21:03:31","date_gmt":"2025-05-18T21:03:31","guid":{"rendered":"https:\/\/staging2.stylingagenten.com\/fi\/produkt\/klairs-gentle-black-deep-cleansing-oil-150ml\/"},"modified":"2026-04-03T05:27:34","modified_gmt":"2026-04-03T05:27:34","slug":"klairs-gentle-black-deep-cleansing-oil-150ml","status":"publish","type":"product","link":"https:\/\/stylingagenten.com\/fi\/tuote\/klairs-gentle-black-deep-cleansing-oil-150ml\/","title":{"rendered":"Klairs Gentle Black Deep Cleansing Oil 150ml"},"content":{"rendered":"<p>Klairs Gentle Black Deep Cleansing Oil 150ml<br \/>T\u00e4m\u00e4 \u00f6ljypesu on hell\u00e4varainen mutta tehokas, t\u00e4ydellinen herk\u00e4lle iholle. Sen hypoallergeeninen koostumus kasvi\u00f6ljyill\u00e4 puhdistaa, kosteuttaa ja suojaa hell\u00e4sti. \u00d6ljypohjaista puhdistusainetta suositellaan k\u00e4ytett\u00e4v\u00e4ksi puhdistuksen ensimm\u00e4isen\u00e4 vaiheena \u00f6ljypohjaisten ep\u00e4puhtauksien liuottamiseksi. Saat parhaat tulokset k\u00e4ytt\u00e4m\u00e4ll\u00e4 vesipohjaista puhdistusainetta.<br \/>&#8211; Mustapapu ja \u00f6ljy tasapainottavat talintuotantoa.<br \/>&#8211; Musta seesami\u00f6ljy sis\u00e4lt\u00e4\u00e4 antioksidantteja, jotka vahvistavat ihon suojakerrosta<br \/>&#8211; Mustaherukka- ja siemen\u00f6ljy tarjoavat runsaasti mineraaleja ja vitamiineja<\/p>\n","protected":false},"excerpt":{"rendered":"<p>Klairs Gentle Black Deep Cleansing Oil 150mlT\u00e4m\u00e4 \u00f6ljypesu on hell\u00e4varainen mutta tehokas, t\u00e4ydellinen herk\u00e4lle iholle. Sen hypoallergeeninen koostumus kasvi\u00f6ljyill\u00e4 puhdistaa, kosteuttaa ja suojaa hell\u00e4sti. \u00d6ljypohjaista puhdistusainetta suositellaan k\u00e4ytett\u00e4v\u00e4ksi puhdistuksen ensimm\u00e4isen\u00e4 vaiheena \u00f6ljypohjaisten ep\u00e4puhtauksien liuottamiseksi. Saat parhaat tulokset k\u00e4ytt\u00e4m\u00e4ll\u00e4 vesipohjaista puhdistusainetta.&#8211; Mustapapu ja \u00f6ljy tasapainottavat talintuotantoa.&#8211; Musta seesami\u00f6ljy sis\u00e4lt\u00e4\u00e4 antioksidantteja, jotka vahvistavat ihon suojakerrosta&#8211; Mustaherukka- ja [&hellip;]<\/p>\n","protected":false},"featured_media":113359,"comment_status":"open","ping_status":"closed","template":"","meta":{"_trash_the_other_posts":false},"product_brand":[],"product_cat":[1001,609],"product_tag":[],"berocket_brand":[1397],"class_list":{"0":"post-113384","1":"product","2":"type-product","3":"status-publish","4":"has-post-thumbnail","6":"product_cat-k-beauty","7":"product_cat-kasvojen-puhdistus","8":"pa_brand-klairs","9":"berocket_brand-klairs","11":"first","12":"instock","13":"sale","14":"taxable","15":"shipping-taxable","16":"purchasable","17":"product-type-simple"},"_links":{"self":[{"href":"https:\/\/stylingagenten.com\/fi\/wp-json\/wp\/v2\/product\/113384","targetHints":{"allow":["GET"]}}],"collection":[{"href":"https:\/\/stylingagenten.com\/fi\/wp-json\/wp\/v2\/product"}],"about":[{"href":"https:\/\/stylingagenten.com\/fi\/wp-json\/wp\/v2\/types\/product"}],"replies":[{"embeddable":true,"href":"https:\/\/stylingagenten.com\/fi\/wp-json\/wp\/v2\/comments?post=113384"}],"version-history":[{"count":0,"href":"https:\/\/stylingagenten.com\/fi\/wp-json\/wp\/v2\/product\/113384\/revisions"}],"wp:featuredmedia":[{"embeddable":true,"href":"https:\/\/stylingagenten.com\/fi\/wp-json\/wp\/v2\/media\/113359"}],"wp:attachment":[{"href":"https:\/\/stylingagenten.com\/fi\/wp-json\/wp\/v2\/media?parent=113384"}],"wp:term":[{"taxonomy":"product_brand","embeddable":true,"href":"https:\/\/stylingagenten.com\/fi\/wp-json\/wp\/v2\/product_brand?post=113384"},{"taxonomy":"product_cat","embeddable":true,"href":"https:\/\/stylingagenten.com\/fi\/wp-json\/wp\/v2\/product_cat?post=113384"},{"taxonomy":"product_tag","embeddable":true,"href":"https:\/\/stylingagenten.com\/fi\/wp-json\/wp\/v2\/product_tag?post=113384"},{"taxonomy":"berocket_brand","embeddable":true,"href":"https:\/\/stylingagenten.com\/fi\/wp-json\/wp\/v2\/berocket_brand?post=113384"}],"curies":[{"name":"wp","href":"https:\/\/api.w.org\/{rel}","templated":true}]}}