{"id":113367,"date":"2025-05-18T21:03:30","date_gmt":"2025-05-18T21:03:30","guid":{"rendered":"https:\/\/staging2.stylingagenten.com\/fi\/produkt\/neutrogena-hydro-boost-cleanser-water-gel-200ml\/"},"modified":"2026-03-23T20:26:27","modified_gmt":"2026-03-23T20:26:27","slug":"neutrogena-hydro-boost-cleanser-water-gel-200ml","status":"publish","type":"product","link":"https:\/\/stylingagenten.com\/fi\/tuote\/neutrogena-hydro-boost-cleanser-water-gel-200ml\/","title":{"rendered":"Neutrogena Hydro Boost Cleanser Water Gel 200ml"},"content":{"rendered":"<p>Neutrogena Hydro Boost Cleanser Water Gel 200 ml<br \/>Syv\u00e4puhdistus on ensimm\u00e4inen askel kohti tervett\u00e4, kirkasta ihoa. Tee se Neutrogena Facial Cleansing Gel -puhdistusgeelill\u00e4 saadaksesi tehokkaan ja t\u00e4ysin turvallisen hoidon. T\u00e4m\u00e4n takaa herkk\u00e4 koostumus, joka on rikastettu kosteuttavilla ainesosilla, jotka imev\u00e4t kunnolla ep\u00e4puhtaudet ja yll\u00e4pit\u00e4v\u00e4t orvaskeden optimaalista vesitasapainoa.<\/p>\n","protected":false},"excerpt":{"rendered":"<p>Neutrogena Hydro Boost Cleanser Water Gel 200 mlSyv\u00e4puhdistus on ensimm\u00e4inen askel kohti tervett\u00e4, kirkasta ihoa. Tee se Neutrogena Facial Cleansing Gel -puhdistusgeelill\u00e4 saadaksesi tehokkaan ja t\u00e4ysin turvallisen hoidon. T\u00e4m\u00e4n takaa herkk\u00e4 koostumus, joka on rikastettu kosteuttavilla ainesosilla, jotka imev\u00e4t kunnolla ep\u00e4puhtaudet ja yll\u00e4pit\u00e4v\u00e4t orvaskeden optimaalista vesitasapainoa.<\/p>\n","protected":false},"featured_media":113365,"comment_status":"open","ping_status":"closed","template":"","meta":{"_trash_the_other_posts":false},"product_brand":[],"product_cat":[609],"product_tag":[],"berocket_brand":[1262],"class_list":{"0":"post-113367","1":"product","2":"type-product","3":"status-publish","4":"has-post-thumbnail","6":"product_cat-kasvojen-puhdistus","7":"pa_brand-neutrogena","8":"berocket_brand-neutrogena","10":"first","11":"instock","12":"sale","13":"taxable","14":"shipping-taxable","15":"purchasable","16":"product-type-simple"},"_links":{"self":[{"href":"https:\/\/stylingagenten.com\/fi\/wp-json\/wp\/v2\/product\/113367","targetHints":{"allow":["GET"]}}],"collection":[{"href":"https:\/\/stylingagenten.com\/fi\/wp-json\/wp\/v2\/product"}],"about":[{"href":"https:\/\/stylingagenten.com\/fi\/wp-json\/wp\/v2\/types\/product"}],"replies":[{"embeddable":true,"href":"https:\/\/stylingagenten.com\/fi\/wp-json\/wp\/v2\/comments?post=113367"}],"version-history":[{"count":0,"href":"https:\/\/stylingagenten.com\/fi\/wp-json\/wp\/v2\/product\/113367\/revisions"}],"wp:featuredmedia":[{"embeddable":true,"href":"https:\/\/stylingagenten.com\/fi\/wp-json\/wp\/v2\/media\/113365"}],"wp:attachment":[{"href":"https:\/\/stylingagenten.com\/fi\/wp-json\/wp\/v2\/media?parent=113367"}],"wp:term":[{"taxonomy":"product_brand","embeddable":true,"href":"https:\/\/stylingagenten.com\/fi\/wp-json\/wp\/v2\/product_brand?post=113367"},{"taxonomy":"product_cat","embeddable":true,"href":"https:\/\/stylingagenten.com\/fi\/wp-json\/wp\/v2\/product_cat?post=113367"},{"taxonomy":"product_tag","embeddable":true,"href":"https:\/\/stylingagenten.com\/fi\/wp-json\/wp\/v2\/product_tag?post=113367"},{"taxonomy":"berocket_brand","embeddable":true,"href":"https:\/\/stylingagenten.com\/fi\/wp-json\/wp\/v2\/berocket_brand?post=113367"}],"curies":[{"name":"wp","href":"https:\/\/api.w.org\/{rel}","templated":true}]}}