{"id":113292,"date":"2025-05-18T21:03:20","date_gmt":"2025-05-18T21:03:20","guid":{"rendered":"https:\/\/staging2.stylingagenten.com\/fi\/produkt\/purito-from-green-deep-foaming-cleanser-150ml\/"},"modified":"2026-01-26T08:19:32","modified_gmt":"2026-01-26T08:19:32","slug":"purito-from-green-deep-foaming-cleanser-150ml","status":"publish","type":"product","link":"https:\/\/stylingagenten.com\/fi\/tuote\/purito-from-green-deep-foaming-cleanser-150ml\/","title":{"rendered":"Purito From Green Deep Foaming Cleanser 150ml"},"content":{"rendered":"<p>Purito From Green Deep Foaming Cleanser on koostettu luonnollisista ainesosista ihonyst\u00e4v\u00e4llisen kokemuksen takaamiseksi. Unohda kemialliset pinta-aktiiviset aineet kuten SLS ja SLES &#8211; t\u00e4m\u00e4 puhdistusaine on hell\u00e4varainen kaikille ihotyypeille, my\u00f6s herk\u00e4lle iholle.<\/p>\n<p>Jokaisen puhdistuksen j\u00e4lkeen se j\u00e4tt\u00e4\u00e4 ihosi kosteutetuksi ja tasapainoiseksi, valmiiksi kohtaamaan p\u00e4iv\u00e4n tai y\u00f6n. Optimaalisella pH-arvolla 5,5 se suojaa ihon suojakerrosta ja s\u00e4ilytt\u00e4\u00e4 ihon luonnollisen happovaipan.<\/p>\n<p>Runsaasti vaahto poistaa tehokkaasti ep\u00e4puhtaudet ihohuokosista, ja Centella Asiatica -uute vahvistaa entisest\u00e4\u00e4n ihon suojakerrosta raikkaan ja s\u00e4teilev\u00e4n ihon saavuttamiseksi. T\u00e4ydellinen valinta ihon tiloihin kuten kuivuus ja herkkyys, sek\u00e4 ihotyyppeihin kuten kuiva, herkk\u00e4 ja normaali.<\/p>\n<p>150 ml<\/p>\n","protected":false},"excerpt":{"rendered":"<p>Purito From Green Deep Foaming Cleanser on koostettu luonnollisista ainesosista ihonyst\u00e4v\u00e4llisen kokemuksen takaamiseksi. Unohda kemialliset pinta-aktiiviset aineet kuten SLS ja SLES &#8211; t\u00e4m\u00e4 puhdistusaine on hell\u00e4varainen kaikille ihotyypeille, my\u00f6s herk\u00e4lle iholle. Jokaisen puhdistuksen j\u00e4lkeen se j\u00e4tt\u00e4\u00e4 ihosi kosteutetuksi ja tasapainoiseksi, valmiiksi kohtaamaan p\u00e4iv\u00e4n tai y\u00f6n. Optimaalisella pH-arvolla 5,5 se suojaa ihon suojakerrosta ja s\u00e4ilytt\u00e4\u00e4 ihon [&hellip;]<\/p>\n","protected":false},"featured_media":113264,"comment_status":"open","ping_status":"closed","template":"","meta":{"_trash_the_other_posts":false},"product_brand":[],"product_cat":[1001,609],"product_tag":[],"berocket_brand":[1412],"class_list":{"0":"post-113292","1":"product","2":"type-product","3":"status-publish","4":"has-post-thumbnail","6":"product_cat-k-beauty","7":"product_cat-kasvojen-puhdistus","8":"pa_brand-purito","9":"berocket_brand-purito","11":"first","12":"instock","13":"sale","14":"taxable","15":"shipping-taxable","16":"purchasable","17":"product-type-simple"},"_links":{"self":[{"href":"https:\/\/stylingagenten.com\/fi\/wp-json\/wp\/v2\/product\/113292","targetHints":{"allow":["GET"]}}],"collection":[{"href":"https:\/\/stylingagenten.com\/fi\/wp-json\/wp\/v2\/product"}],"about":[{"href":"https:\/\/stylingagenten.com\/fi\/wp-json\/wp\/v2\/types\/product"}],"replies":[{"embeddable":true,"href":"https:\/\/stylingagenten.com\/fi\/wp-json\/wp\/v2\/comments?post=113292"}],"version-history":[{"count":0,"href":"https:\/\/stylingagenten.com\/fi\/wp-json\/wp\/v2\/product\/113292\/revisions"}],"wp:featuredmedia":[{"embeddable":true,"href":"https:\/\/stylingagenten.com\/fi\/wp-json\/wp\/v2\/media\/113264"}],"wp:attachment":[{"href":"https:\/\/stylingagenten.com\/fi\/wp-json\/wp\/v2\/media?parent=113292"}],"wp:term":[{"taxonomy":"product_brand","embeddable":true,"href":"https:\/\/stylingagenten.com\/fi\/wp-json\/wp\/v2\/product_brand?post=113292"},{"taxonomy":"product_cat","embeddable":true,"href":"https:\/\/stylingagenten.com\/fi\/wp-json\/wp\/v2\/product_cat?post=113292"},{"taxonomy":"product_tag","embeddable":true,"href":"https:\/\/stylingagenten.com\/fi\/wp-json\/wp\/v2\/product_tag?post=113292"},{"taxonomy":"berocket_brand","embeddable":true,"href":"https:\/\/stylingagenten.com\/fi\/wp-json\/wp\/v2\/berocket_brand?post=113292"}],"curies":[{"name":"wp","href":"https:\/\/api.w.org\/{rel}","templated":true}]}}