{"id":113289,"date":"2025-05-18T21:03:20","date_gmt":"2025-05-18T21:03:20","guid":{"rendered":"https:\/\/staging2.stylingagenten.com\/fi\/produkt\/dermalogica-active-clay-cleanser-150ml\/"},"modified":"2026-04-08T15:29:38","modified_gmt":"2026-04-08T15:29:38","slug":"dermalogica-active-clay-cleanser-150ml","status":"publish","type":"product","link":"https:\/\/stylingagenten.com\/fi\/tuote\/dermalogica-active-clay-cleanser-150ml\/","title":{"rendered":"Dermalogica Active Clay Cleanser 150ml"},"content":{"rendered":"<p>Dermalogica Active Clay Cleanser on syv\u00e4puhdistava, mineraalipitoinen kasvojenpuhdistusaine, joka sis\u00e4lt\u00e4\u00e4 ihohuokosia supistavaa kaoliinisavea ja aktiivihiilt\u00e4. Puhdistusaine sis\u00e4lt\u00e4\u00e4 my\u00f6s tasapainottavia prebiootteja, jotka ravitsevat ihon suojamikroflooran hyvi\u00e4 bakteereja.<\/p>\n<p>Lis\u00e4ksi lipidikompleksi liuottaa ylim\u00e4\u00e4r\u00e4ist\u00e4 \u00f6ljy\u00e4 ihon pinnalta, j\u00e4tt\u00e4en ihon s\u00e4teilev\u00e4n puhtaaksi\u2014mutta my\u00f6s pehme\u00e4ksi ja sile\u00e4ksi. Voidaan k\u00e4ytt\u00e4\u00e4 5 minuutin naamiona!<\/p>\n<p>150 ml<\/p>\n","protected":false},"excerpt":{"rendered":"<p>Dermalogica Active Clay Cleanser on syv\u00e4puhdistava, mineraalipitoinen kasvojenpuhdistusaine, joka sis\u00e4lt\u00e4\u00e4 ihohuokosia supistavaa kaoliinisavea ja aktiivihiilt\u00e4. Puhdistusaine sis\u00e4lt\u00e4\u00e4 my\u00f6s tasapainottavia prebiootteja, jotka ravitsevat ihon suojamikroflooran hyvi\u00e4 bakteereja. Lis\u00e4ksi lipidikompleksi liuottaa ylim\u00e4\u00e4r\u00e4ist\u00e4 \u00f6ljy\u00e4 ihon pinnalta, j\u00e4tt\u00e4en ihon s\u00e4teilev\u00e4n puhtaaksi\u2014mutta my\u00f6s pehme\u00e4ksi ja sile\u00e4ksi. Voidaan k\u00e4ytt\u00e4\u00e4 5 minuutin naamiona! 150 ml<\/p>\n","protected":false},"featured_media":113252,"comment_status":"open","ping_status":"closed","template":"","meta":{"_trash_the_other_posts":false},"product_brand":[],"product_cat":[609],"product_tag":[],"berocket_brand":[1420],"class_list":{"0":"post-113289","1":"product","2":"type-product","3":"status-publish","4":"has-post-thumbnail","6":"product_cat-kasvojen-puhdistus","7":"pa_brand-dermalogica","8":"berocket_brand-dermalogica","10":"first","11":"outofstock","12":"sale","13":"taxable","14":"shipping-taxable","15":"purchasable","16":"product-type-simple"},"_links":{"self":[{"href":"https:\/\/stylingagenten.com\/fi\/wp-json\/wp\/v2\/product\/113289","targetHints":{"allow":["GET"]}}],"collection":[{"href":"https:\/\/stylingagenten.com\/fi\/wp-json\/wp\/v2\/product"}],"about":[{"href":"https:\/\/stylingagenten.com\/fi\/wp-json\/wp\/v2\/types\/product"}],"replies":[{"embeddable":true,"href":"https:\/\/stylingagenten.com\/fi\/wp-json\/wp\/v2\/comments?post=113289"}],"version-history":[{"count":0,"href":"https:\/\/stylingagenten.com\/fi\/wp-json\/wp\/v2\/product\/113289\/revisions"}],"wp:featuredmedia":[{"embeddable":true,"href":"https:\/\/stylingagenten.com\/fi\/wp-json\/wp\/v2\/media\/113252"}],"wp:attachment":[{"href":"https:\/\/stylingagenten.com\/fi\/wp-json\/wp\/v2\/media?parent=113289"}],"wp:term":[{"taxonomy":"product_brand","embeddable":true,"href":"https:\/\/stylingagenten.com\/fi\/wp-json\/wp\/v2\/product_brand?post=113289"},{"taxonomy":"product_cat","embeddable":true,"href":"https:\/\/stylingagenten.com\/fi\/wp-json\/wp\/v2\/product_cat?post=113289"},{"taxonomy":"product_tag","embeddable":true,"href":"https:\/\/stylingagenten.com\/fi\/wp-json\/wp\/v2\/product_tag?post=113289"},{"taxonomy":"berocket_brand","embeddable":true,"href":"https:\/\/stylingagenten.com\/fi\/wp-json\/wp\/v2\/berocket_brand?post=113289"}],"curies":[{"name":"wp","href":"https:\/\/api.w.org\/{rel}","templated":true}]}}