{"id":113245,"date":"2025-05-18T21:03:14","date_gmt":"2025-05-18T21:03:14","guid":{"rendered":"https:\/\/staging2.stylingagenten.com\/fi\/produkt\/dermalogica-precleanse-150ml\/"},"modified":"2026-04-08T15:29:48","modified_gmt":"2026-04-08T15:29:48","slug":"dermalogica-precleanse-150ml","status":"publish","type":"product","link":"https:\/\/stylingagenten.com\/fi\/tuote\/dermalogica-precleanse-150ml\/","title":{"rendered":"Dermalogica PreCleanse 150ml"},"content":{"rendered":"<p>Dermalogica PreCleanse k\u00e4ytet\u00e4\u00e4n esipuhdistuksena ja se liuottaa tehokkaasti \u00f6ljypohjaisen lian, aurinkosuojan ja vedenkest\u00e4v\u00e4n meikin. Jatka ihoterapeuttisi suositteleman puhdistusaineen k\u00e4ytt\u00f6\u00e4 ihosi kunnon mukaan.<\/p>\n<p>T\u00e4rkeimm\u00e4t ainesosat<br \/>\n<br \/>\u2022 Purasruoho\u00f6ljy: rauhoittaa ja sitoo kosteutta<br \/>\n<br \/>\u2022 Aprikoosinsiemen\u00f6ljy: vahvistaa ihon suojamuuria, pehment\u00e4v\u00e4<br \/>\n<br \/>\u2022 Kukuip\u00e4hkin\u00e4\u00f6ljy: suojaa ja sitoo kosteutta<\/p>\n<p>150 ml<\/p>\n","protected":false},"excerpt":{"rendered":"<p>Dermalogica PreCleanse k\u00e4ytet\u00e4\u00e4n esipuhdistuksena ja se liuottaa tehokkaasti \u00f6ljypohjaisen lian, aurinkosuojan ja vedenkest\u00e4v\u00e4n meikin. Jatka ihoterapeuttisi suositteleman puhdistusaineen k\u00e4ytt\u00f6\u00e4 ihosi kunnon mukaan. T\u00e4rkeimm\u00e4t ainesosat \u2022 Purasruoho\u00f6ljy: rauhoittaa ja sitoo kosteutta \u2022 Aprikoosinsiemen\u00f6ljy: vahvistaa ihon suojamuuria, pehment\u00e4v\u00e4 \u2022 Kukuip\u00e4hkin\u00e4\u00f6ljy: suojaa ja sitoo kosteutta 150 ml<\/p>\n","protected":false},"featured_media":113220,"comment_status":"open","ping_status":"closed","template":"","meta":{"_trash_the_other_posts":false},"product_brand":[],"product_cat":[609],"product_tag":[2797],"berocket_brand":[1420],"class_list":{"0":"post-113245","1":"product","2":"type-product","3":"status-publish","4":"has-post-thumbnail","6":"product_cat-kasvojen-puhdistus","7":"product_tag-dermalogica-precleanse","8":"pa_brand-dermalogica","9":"pa_variantti-150ml","10":"berocket_brand-dermalogica","12":"first","13":"instock","14":"sale","15":"taxable","16":"shipping-taxable","17":"purchasable","18":"product-type-simple"},"_links":{"self":[{"href":"https:\/\/stylingagenten.com\/fi\/wp-json\/wp\/v2\/product\/113245","targetHints":{"allow":["GET"]}}],"collection":[{"href":"https:\/\/stylingagenten.com\/fi\/wp-json\/wp\/v2\/product"}],"about":[{"href":"https:\/\/stylingagenten.com\/fi\/wp-json\/wp\/v2\/types\/product"}],"replies":[{"embeddable":true,"href":"https:\/\/stylingagenten.com\/fi\/wp-json\/wp\/v2\/comments?post=113245"}],"version-history":[{"count":0,"href":"https:\/\/stylingagenten.com\/fi\/wp-json\/wp\/v2\/product\/113245\/revisions"}],"wp:featuredmedia":[{"embeddable":true,"href":"https:\/\/stylingagenten.com\/fi\/wp-json\/wp\/v2\/media\/113220"}],"wp:attachment":[{"href":"https:\/\/stylingagenten.com\/fi\/wp-json\/wp\/v2\/media?parent=113245"}],"wp:term":[{"taxonomy":"product_brand","embeddable":true,"href":"https:\/\/stylingagenten.com\/fi\/wp-json\/wp\/v2\/product_brand?post=113245"},{"taxonomy":"product_cat","embeddable":true,"href":"https:\/\/stylingagenten.com\/fi\/wp-json\/wp\/v2\/product_cat?post=113245"},{"taxonomy":"product_tag","embeddable":true,"href":"https:\/\/stylingagenten.com\/fi\/wp-json\/wp\/v2\/product_tag?post=113245"},{"taxonomy":"berocket_brand","embeddable":true,"href":"https:\/\/stylingagenten.com\/fi\/wp-json\/wp\/v2\/berocket_brand?post=113245"}],"curies":[{"name":"wp","href":"https:\/\/api.w.org\/{rel}","templated":true}]}}