{"id":113240,"date":"2025-05-18T21:03:14","date_gmt":"2025-05-18T21:03:14","guid":{"rendered":"https:\/\/staging2.stylingagenten.com\/fi\/produkt\/dermalogica-oil-to-foam-total-cleanser-250ml\/"},"modified":"2026-04-08T15:29:33","modified_gmt":"2026-04-08T15:29:33","slug":"dermalogica-oil-to-foam-total-cleanser-250ml","status":"publish","type":"product","link":"https:\/\/stylingagenten.com\/fi\/tuote\/dermalogica-oil-to-foam-total-cleanser-250ml\/","title":{"rendered":"Dermalogica Oil To Foam Total Cleanser 250ml"},"content":{"rendered":"<p>Dermalogica Oil To Foam Total Cleanser on muuttuva \u00f6ljy-vaahdoksi puhdistusaine, joka poistaa meikin, aurinkosuojan ja lian samalla kun iho puhdistuu yhdess\u00e4 vaiheessa ultra-puhtaaksi, terveeksi ihoksi!<\/p>\n<p>T\u00e4m\u00e4 yhdistetty meikinpoistoaine ja puhdistusaine alkaa kultaisena geel\u00f6ljyn\u00e4, jossa on tyrni\u00f6ljy\u00e4; hiero ihoon sulattaaksesi meikkikerrokset, tali (\u00f6ljy) ja aurinkosuoja. Roiske vett\u00e4 muuttaa geel\u00f6ljyn rikkaaksi, pilvim\u00e4iseksi vaahdoksi, joka pesee lian ja mahdolliset j\u00e4ljelle j\u00e4\u00e4neet ep\u00e4puhtaudet pois. T\u00e4m\u00e4 vaahtoava puhdistusaine, joka sis\u00e4lt\u00e4\u00e4 kasviper\u00e4isi\u00e4 prebiootteja, j\u00e4tt\u00e4\u00e4 iholle v\u00e4litt\u00f6m\u00e4n pehme\u00e4n ja sile\u00e4n tunteen.<\/p>\n<p>250 ml<\/p>\n","protected":false},"excerpt":{"rendered":"<p>Dermalogica Oil To Foam Total Cleanser on muuttuva \u00f6ljy-vaahdoksi puhdistusaine, joka poistaa meikin, aurinkosuojan ja lian samalla kun iho puhdistuu yhdess\u00e4 vaiheessa ultra-puhtaaksi, terveeksi ihoksi! T\u00e4m\u00e4 yhdistetty meikinpoistoaine ja puhdistusaine alkaa kultaisena geel\u00f6ljyn\u00e4, jossa on tyrni\u00f6ljy\u00e4; hiero ihoon sulattaaksesi meikkikerrokset, tali (\u00f6ljy) ja aurinkosuoja. Roiske vett\u00e4 muuttaa geel\u00f6ljyn rikkaaksi, pilvim\u00e4iseksi vaahdoksi, joka pesee lian ja [&hellip;]<\/p>\n","protected":false},"featured_media":113209,"comment_status":"open","ping_status":"closed","template":"","meta":{"_trash_the_other_posts":false},"product_brand":[],"product_cat":[609],"product_tag":[],"berocket_brand":[1420],"class_list":{"0":"post-113240","1":"product","2":"type-product","3":"status-publish","4":"has-post-thumbnail","6":"product_cat-kasvojen-puhdistus","7":"pa_brand-dermalogica","8":"berocket_brand-dermalogica","10":"first","11":"instock","12":"sale","13":"taxable","14":"shipping-taxable","15":"purchasable","16":"product-type-simple"},"_links":{"self":[{"href":"https:\/\/stylingagenten.com\/fi\/wp-json\/wp\/v2\/product\/113240","targetHints":{"allow":["GET"]}}],"collection":[{"href":"https:\/\/stylingagenten.com\/fi\/wp-json\/wp\/v2\/product"}],"about":[{"href":"https:\/\/stylingagenten.com\/fi\/wp-json\/wp\/v2\/types\/product"}],"replies":[{"embeddable":true,"href":"https:\/\/stylingagenten.com\/fi\/wp-json\/wp\/v2\/comments?post=113240"}],"version-history":[{"count":0,"href":"https:\/\/stylingagenten.com\/fi\/wp-json\/wp\/v2\/product\/113240\/revisions"}],"wp:featuredmedia":[{"embeddable":true,"href":"https:\/\/stylingagenten.com\/fi\/wp-json\/wp\/v2\/media\/113209"}],"wp:attachment":[{"href":"https:\/\/stylingagenten.com\/fi\/wp-json\/wp\/v2\/media?parent=113240"}],"wp:term":[{"taxonomy":"product_brand","embeddable":true,"href":"https:\/\/stylingagenten.com\/fi\/wp-json\/wp\/v2\/product_brand?post=113240"},{"taxonomy":"product_cat","embeddable":true,"href":"https:\/\/stylingagenten.com\/fi\/wp-json\/wp\/v2\/product_cat?post=113240"},{"taxonomy":"product_tag","embeddable":true,"href":"https:\/\/stylingagenten.com\/fi\/wp-json\/wp\/v2\/product_tag?post=113240"},{"taxonomy":"berocket_brand","embeddable":true,"href":"https:\/\/stylingagenten.com\/fi\/wp-json\/wp\/v2\/berocket_brand?post=113240"}],"curies":[{"name":"wp","href":"https:\/\/api.w.org\/{rel}","templated":true}]}}