{"id":113201,"date":"2025-05-18T21:03:09","date_gmt":"2025-05-18T21:03:09","guid":{"rendered":"https:\/\/staging2.stylingagenten.com\/fi\/produkt\/dermalogica-ultracalming-cleanser-250ml\/"},"modified":"2026-04-08T15:30:11","modified_gmt":"2026-04-08T15:30:11","slug":"dermalogica-ultracalming-cleanser-250ml","status":"publish","type":"product","link":"https:\/\/stylingagenten.com\/fi\/tuote\/dermalogica-ultracalming-cleanser-250ml\/","title":{"rendered":"Dermalogica UltraCalming Cleanser 250ml"},"content":{"rendered":"<p>Dermalogica UltraCalming Cleanser on hell\u00e4varaisesti puhdistava ja viilent\u00e4v\u00e4 geelivoide. Poistaa hell\u00e4sti ep\u00e4puhtaudet, my\u00f6s silm\u00e4nymp\u00e4rysalueelta. Helposti poistettavissa vedell\u00e4 tai pehme\u00e4ll\u00e4 pesuliinalla.<\/p>\n<p>UltraCalming\u2122 Complex (punarnava, kaura, inkiv\u00e4\u00e4ri, kamomilla): V\u00e4hent\u00e4\u00e4 punoitusta, iho\u00e4rsytyst\u00e4 ja tulehdusta.<br \/>\n<br \/>Vadelmauute: Lievitt\u00e4\u00e4 punoitusta ja \u00e4rsytyst\u00e4.<br \/>\n<br \/>Laventeliuute: Rauhoittaa ja puhdistaa.<br \/>\n<br \/>250ml<\/p>\n","protected":false},"excerpt":{"rendered":"<p>Dermalogica UltraCalming Cleanser on hell\u00e4varaisesti puhdistava ja viilent\u00e4v\u00e4 geelivoide. Poistaa hell\u00e4sti ep\u00e4puhtaudet, my\u00f6s silm\u00e4nymp\u00e4rysalueelta. Helposti poistettavissa vedell\u00e4 tai pehme\u00e4ll\u00e4 pesuliinalla. UltraCalming\u2122 Complex (punarnava, kaura, inkiv\u00e4\u00e4ri, kamomilla): V\u00e4hent\u00e4\u00e4 punoitusta, iho\u00e4rsytyst\u00e4 ja tulehdusta. Vadelmauute: Lievitt\u00e4\u00e4 punoitusta ja \u00e4rsytyst\u00e4. Laventeliuute: Rauhoittaa ja puhdistaa. 250ml<\/p>\n","protected":false},"featured_media":113174,"comment_status":"open","ping_status":"closed","template":"","meta":{"_trash_the_other_posts":false},"product_brand":[],"product_cat":[609],"product_tag":[2800],"berocket_brand":[1420],"class_list":{"0":"post-113201","1":"product","2":"type-product","3":"status-publish","4":"has-post-thumbnail","6":"product_cat-kasvojen-puhdistus","7":"product_tag-dermalogica-ultracalming-cleanser","8":"pa_brand-dermalogica","9":"pa_variantti-250ml","10":"berocket_brand-dermalogica","12":"first","13":"instock","14":"sale","15":"taxable","16":"shipping-taxable","17":"purchasable","18":"product-type-simple"},"_links":{"self":[{"href":"https:\/\/stylingagenten.com\/fi\/wp-json\/wp\/v2\/product\/113201","targetHints":{"allow":["GET"]}}],"collection":[{"href":"https:\/\/stylingagenten.com\/fi\/wp-json\/wp\/v2\/product"}],"about":[{"href":"https:\/\/stylingagenten.com\/fi\/wp-json\/wp\/v2\/types\/product"}],"replies":[{"embeddable":true,"href":"https:\/\/stylingagenten.com\/fi\/wp-json\/wp\/v2\/comments?post=113201"}],"version-history":[{"count":0,"href":"https:\/\/stylingagenten.com\/fi\/wp-json\/wp\/v2\/product\/113201\/revisions"}],"wp:featuredmedia":[{"embeddable":true,"href":"https:\/\/stylingagenten.com\/fi\/wp-json\/wp\/v2\/media\/113174"}],"wp:attachment":[{"href":"https:\/\/stylingagenten.com\/fi\/wp-json\/wp\/v2\/media?parent=113201"}],"wp:term":[{"taxonomy":"product_brand","embeddable":true,"href":"https:\/\/stylingagenten.com\/fi\/wp-json\/wp\/v2\/product_brand?post=113201"},{"taxonomy":"product_cat","embeddable":true,"href":"https:\/\/stylingagenten.com\/fi\/wp-json\/wp\/v2\/product_cat?post=113201"},{"taxonomy":"product_tag","embeddable":true,"href":"https:\/\/stylingagenten.com\/fi\/wp-json\/wp\/v2\/product_tag?post=113201"},{"taxonomy":"berocket_brand","embeddable":true,"href":"https:\/\/stylingagenten.com\/fi\/wp-json\/wp\/v2\/berocket_brand?post=113201"}],"curies":[{"name":"wp","href":"https:\/\/api.w.org\/{rel}","templated":true}]}}