{"id":113189,"date":"2025-05-18T21:03:08","date_gmt":"2025-05-18T21:03:08","guid":{"rendered":"https:\/\/staging2.stylingagenten.com\/fi\/produkt\/dermalogica-daily-glycolic-cleanser-150ml\/"},"modified":"2026-04-08T15:29:51","modified_gmt":"2026-04-08T15:29:51","slug":"dermalogica-daily-glycolic-cleanser-150ml","status":"publish","type":"product","link":"https:\/\/stylingagenten.com\/fi\/tuote\/dermalogica-daily-glycolic-cleanser-150ml\/","title":{"rendered":"Dermalogica Daily Glycolic Cleanser 150ml"},"content":{"rendered":"<p>Dermalogica Daily Glycolic Cleanser on 2-in-1: puhdistus ja kuorinta yhdess\u00e4 vaiheessa!<\/p>\n<p>Daily Glycolic Cleanser on kevyesti vaahtoava puhdistusgeeli, jossa on luonnollisia kasviuutteita, jotka kuorivat, puhdistavat ja samalla kosteuttavat ihoa. Hell\u00e4varainen mutta tehokas koostumus liuottaa hell\u00e4sti kapseloituneen lian samalla, kun ihon kosteussuoja s\u00e4ilyy.<\/p>\n<p>Glykoliinihappo (AHA-happo sokeriruo&#8217;osta): kuorii ihoa poistaen kuolleet ihosolut.<br \/>\n<br \/>Keh\u00e4kukkauute: rauhoittaa ihoa ja on t\u00e4ynn\u00e4 suojaavia antioksidantteja.<br \/>\n<br \/>Jojobasiemen\u00f6ljy: palauttaa, pehment\u00e4\u00e4 ja s\u00e4ilytt\u00e4\u00e4 ihon kosteussuojan.<br \/>\n<br \/>Allantoiini (rohtoraunioyrtti): hoitaa, suojaa ja ravitsee.<br \/>\n<br \/>150ml<\/p>\n","protected":false},"excerpt":{"rendered":"<p>Dermalogica Daily Glycolic Cleanser on 2-in-1: puhdistus ja kuorinta yhdess\u00e4 vaiheessa! Daily Glycolic Cleanser on kevyesti vaahtoava puhdistusgeeli, jossa on luonnollisia kasviuutteita, jotka kuorivat, puhdistavat ja samalla kosteuttavat ihoa. Hell\u00e4varainen mutta tehokas koostumus liuottaa hell\u00e4sti kapseloituneen lian samalla, kun ihon kosteussuoja s\u00e4ilyy. Glykoliinihappo (AHA-happo sokeriruo&#8217;osta): kuorii ihoa poistaen kuolleet ihosolut. Keh\u00e4kukkauute: rauhoittaa ihoa ja on [&hellip;]<\/p>\n","protected":false},"featured_media":113167,"comment_status":"open","ping_status":"closed","template":"","meta":{"_trash_the_other_posts":false},"product_brand":[],"product_cat":[609],"product_tag":[2793],"berocket_brand":[1420],"class_list":{"0":"post-113189","1":"product","2":"type-product","3":"status-publish","4":"has-post-thumbnail","6":"product_cat-kasvojen-puhdistus","7":"product_tag-dermalogica-daily-glycolic-cleanser","8":"pa_brand-dermalogica","9":"pa_variantti-150ml","10":"berocket_brand-dermalogica","12":"first","13":"instock","14":"sale","15":"taxable","16":"shipping-taxable","17":"purchasable","18":"product-type-simple"},"_links":{"self":[{"href":"https:\/\/stylingagenten.com\/fi\/wp-json\/wp\/v2\/product\/113189","targetHints":{"allow":["GET"]}}],"collection":[{"href":"https:\/\/stylingagenten.com\/fi\/wp-json\/wp\/v2\/product"}],"about":[{"href":"https:\/\/stylingagenten.com\/fi\/wp-json\/wp\/v2\/types\/product"}],"replies":[{"embeddable":true,"href":"https:\/\/stylingagenten.com\/fi\/wp-json\/wp\/v2\/comments?post=113189"}],"version-history":[{"count":0,"href":"https:\/\/stylingagenten.com\/fi\/wp-json\/wp\/v2\/product\/113189\/revisions"}],"wp:featuredmedia":[{"embeddable":true,"href":"https:\/\/stylingagenten.com\/fi\/wp-json\/wp\/v2\/media\/113167"}],"wp:attachment":[{"href":"https:\/\/stylingagenten.com\/fi\/wp-json\/wp\/v2\/media?parent=113189"}],"wp:term":[{"taxonomy":"product_brand","embeddable":true,"href":"https:\/\/stylingagenten.com\/fi\/wp-json\/wp\/v2\/product_brand?post=113189"},{"taxonomy":"product_cat","embeddable":true,"href":"https:\/\/stylingagenten.com\/fi\/wp-json\/wp\/v2\/product_cat?post=113189"},{"taxonomy":"product_tag","embeddable":true,"href":"https:\/\/stylingagenten.com\/fi\/wp-json\/wp\/v2\/product_tag?post=113189"},{"taxonomy":"berocket_brand","embeddable":true,"href":"https:\/\/stylingagenten.com\/fi\/wp-json\/wp\/v2\/berocket_brand?post=113189"}],"curies":[{"name":"wp","href":"https:\/\/api.w.org\/{rel}","templated":true}]}}