{"id":113161,"date":"2025-05-18T21:03:05","date_gmt":"2025-05-18T21:03:05","guid":{"rendered":"https:\/\/staging2.stylingagenten.com\/fi\/produkt\/skin1004-madagascar-centella-light-cleansing-oil-30ml\/"},"modified":"2026-02-23T07:47:43","modified_gmt":"2026-02-23T07:47:43","slug":"skin1004-madagascar-centella-light-cleansing-oil-30ml","status":"publish","type":"product","link":"https:\/\/stylingagenten.com\/fi\/tuote\/skin1004-madagascar-centella-light-cleansing-oil-30ml\/","title":{"rendered":"SKIN1004 Madagascar Centella Light Cleansing Oil 30ml"},"content":{"rendered":"<p>SKIN1004 Madagascar Centella Light Cleansing Oil liuottaa meikin ja ep\u00e4puhtaudet Centella-pohjaisella MCT-\u00f6ljyll\u00e4 ja kuudella kasviper\u00e4isell\u00e4 ainesosalla. T\u00e4m\u00e4 misellipohjainen puhdistus\u00f6ljy poistaa ylim\u00e4\u00e4r\u00e4isen \u00f6ljyn ja meikin ilman, ett\u00e4 se vie iholta hy\u00f6dyllisi\u00e4 \u00f6ljyj\u00e4. Vedenkaltaisen kevyt koostumus sopii aloittelijoille, jotka k\u00e4ytt\u00e4v\u00e4t \u00f6ljypuhdistusaineita. Ei-komedogeeninen ja liuottaa talia est\u00e4en huokosten tukkeutumisen.<\/p>\n<p>30ml<\/p>\n","protected":false},"excerpt":{"rendered":"<p>SKIN1004 Madagascar Centella Light Cleansing Oil liuottaa meikin ja ep\u00e4puhtaudet Centella-pohjaisella MCT-\u00f6ljyll\u00e4 ja kuudella kasviper\u00e4isell\u00e4 ainesosalla. T\u00e4m\u00e4 misellipohjainen puhdistus\u00f6ljy poistaa ylim\u00e4\u00e4r\u00e4isen \u00f6ljyn ja meikin ilman, ett\u00e4 se vie iholta hy\u00f6dyllisi\u00e4 \u00f6ljyj\u00e4. Vedenkaltaisen kevyt koostumus sopii aloittelijoille, jotka k\u00e4ytt\u00e4v\u00e4t \u00f6ljypuhdistusaineita. Ei-komedogeeninen ja liuottaa talia est\u00e4en huokosten tukkeutumisen. 30ml<\/p>\n","protected":false},"featured_media":113136,"comment_status":"open","ping_status":"closed","template":"","meta":{"_trash_the_other_posts":false},"product_brand":[],"product_cat":[609],"product_tag":[4002],"berocket_brand":[2003],"class_list":{"0":"post-113161","1":"product","2":"type-product","3":"status-publish","4":"has-post-thumbnail","6":"product_cat-kasvojen-puhdistus","7":"product_tag-skin1004-madagascar-centella-light-cleansing-oil","8":"pa_brand-skin1009","9":"pa_variantti-30ml","10":"berocket_brand-skin1009","12":"first","13":"instock","14":"sale","15":"taxable","16":"shipping-taxable","17":"purchasable","18":"product-type-simple"},"_links":{"self":[{"href":"https:\/\/stylingagenten.com\/fi\/wp-json\/wp\/v2\/product\/113161","targetHints":{"allow":["GET"]}}],"collection":[{"href":"https:\/\/stylingagenten.com\/fi\/wp-json\/wp\/v2\/product"}],"about":[{"href":"https:\/\/stylingagenten.com\/fi\/wp-json\/wp\/v2\/types\/product"}],"replies":[{"embeddable":true,"href":"https:\/\/stylingagenten.com\/fi\/wp-json\/wp\/v2\/comments?post=113161"}],"version-history":[{"count":0,"href":"https:\/\/stylingagenten.com\/fi\/wp-json\/wp\/v2\/product\/113161\/revisions"}],"wp:featuredmedia":[{"embeddable":true,"href":"https:\/\/stylingagenten.com\/fi\/wp-json\/wp\/v2\/media\/113136"}],"wp:attachment":[{"href":"https:\/\/stylingagenten.com\/fi\/wp-json\/wp\/v2\/media?parent=113161"}],"wp:term":[{"taxonomy":"product_brand","embeddable":true,"href":"https:\/\/stylingagenten.com\/fi\/wp-json\/wp\/v2\/product_brand?post=113161"},{"taxonomy":"product_cat","embeddable":true,"href":"https:\/\/stylingagenten.com\/fi\/wp-json\/wp\/v2\/product_cat?post=113161"},{"taxonomy":"product_tag","embeddable":true,"href":"https:\/\/stylingagenten.com\/fi\/wp-json\/wp\/v2\/product_tag?post=113161"},{"taxonomy":"berocket_brand","embeddable":true,"href":"https:\/\/stylingagenten.com\/fi\/wp-json\/wp\/v2\/berocket_brand?post=113161"}],"curies":[{"name":"wp","href":"https:\/\/api.w.org\/{rel}","templated":true}]}}