{"id":113155,"date":"2025-05-18T21:03:04","date_gmt":"2025-05-18T21:03:04","guid":{"rendered":"https:\/\/staging2.stylingagenten.com\/fi\/produkt\/banila-co-clean-it-zero-original-cleansing-balm-50ml\/"},"modified":"2025-12-07T09:01:48","modified_gmt":"2025-12-07T09:01:48","slug":"banila-co-clean-it-zero-original-cleansing-balm-50ml","status":"publish","type":"product","link":"https:\/\/stylingagenten.com\/fi\/tuote\/banila-co-clean-it-zero-original-cleansing-balm-50ml\/","title":{"rendered":"Banila Co Clean it Zero Original Cleansing Balm 50ml"},"content":{"rendered":"<p>Banila Clean It Zero Cleansing Balm alkuper\u00e4isess\u00e4 muodossaan. Puhdistusbalsami, joka tehokkaasti sulattaa pois likaa ja meikinj\u00e4\u00e4mi\u00e4 kuivattamatta ihoa ja voi k\u00e4ytt\u00e4\u00e4 kaksoispuhdistuksen ensimm\u00e4isen\u00e4 askeleena. Levitet\u00e4\u00e4n kiinte\u00e4n\u00e4 ja muuttuu \u00f6ljyksi hierottaessa ihoon. Sis\u00e4lt\u00e4\u00e4 ester\u00f6ljy\u00e4 ja E-vitamiinia, jotka hoitavat ja mahdollistavat k\u00e4yt\u00f6n kaikille ihotyypeille.<\/p>\n<p>50 ml<\/p>\n","protected":false},"excerpt":{"rendered":"<p>Banila Clean It Zero Cleansing Balm alkuper\u00e4isess\u00e4 muodossaan. Puhdistusbalsami, joka tehokkaasti sulattaa pois likaa ja meikinj\u00e4\u00e4mi\u00e4 kuivattamatta ihoa ja voi k\u00e4ytt\u00e4\u00e4 kaksoispuhdistuksen ensimm\u00e4isen\u00e4 askeleena. Levitet\u00e4\u00e4n kiinte\u00e4n\u00e4 ja muuttuu \u00f6ljyksi hierottaessa ihoon. Sis\u00e4lt\u00e4\u00e4 ester\u00f6ljy\u00e4 ja E-vitamiinia, jotka hoitavat ja mahdollistavat k\u00e4yt\u00f6n kaikille ihotyypeille. 50 ml<\/p>\n","protected":false},"featured_media":113141,"comment_status":"open","ping_status":"closed","template":"","meta":{"_trash_the_other_posts":false},"product_brand":[],"product_cat":[609],"product_tag":[2464],"berocket_brand":[1394],"class_list":{"0":"post-113155","1":"product","2":"type-product","3":"status-publish","4":"has-post-thumbnail","6":"product_cat-kasvojen-puhdistus","7":"product_tag-banila-co-clean-it-zero-original-cleansing-balm","8":"pa_brand-banila-co","9":"pa_variantti-50ml","10":"berocket_brand-banila-co","12":"first","13":"instock","14":"taxable","15":"shipping-taxable","16":"purchasable","17":"product-type-simple"},"_links":{"self":[{"href":"https:\/\/stylingagenten.com\/fi\/wp-json\/wp\/v2\/product\/113155","targetHints":{"allow":["GET"]}}],"collection":[{"href":"https:\/\/stylingagenten.com\/fi\/wp-json\/wp\/v2\/product"}],"about":[{"href":"https:\/\/stylingagenten.com\/fi\/wp-json\/wp\/v2\/types\/product"}],"replies":[{"embeddable":true,"href":"https:\/\/stylingagenten.com\/fi\/wp-json\/wp\/v2\/comments?post=113155"}],"version-history":[{"count":0,"href":"https:\/\/stylingagenten.com\/fi\/wp-json\/wp\/v2\/product\/113155\/revisions"}],"wp:featuredmedia":[{"embeddable":true,"href":"https:\/\/stylingagenten.com\/fi\/wp-json\/wp\/v2\/media\/113141"}],"wp:attachment":[{"href":"https:\/\/stylingagenten.com\/fi\/wp-json\/wp\/v2\/media?parent=113155"}],"wp:term":[{"taxonomy":"product_brand","embeddable":true,"href":"https:\/\/stylingagenten.com\/fi\/wp-json\/wp\/v2\/product_brand?post=113155"},{"taxonomy":"product_cat","embeddable":true,"href":"https:\/\/stylingagenten.com\/fi\/wp-json\/wp\/v2\/product_cat?post=113155"},{"taxonomy":"product_tag","embeddable":true,"href":"https:\/\/stylingagenten.com\/fi\/wp-json\/wp\/v2\/product_tag?post=113155"},{"taxonomy":"berocket_brand","embeddable":true,"href":"https:\/\/stylingagenten.com\/fi\/wp-json\/wp\/v2\/berocket_brand?post=113155"}],"curies":[{"name":"wp","href":"https:\/\/api.w.org\/{rel}","templated":true}]}}