{"id":113130,"date":"2025-05-18T21:03:02","date_gmt":"2025-05-18T21:03:02","guid":{"rendered":"https:\/\/staging2.stylingagenten.com\/fi\/produkt\/skin1004-madagascar-centella-tone-brightening-cleansing-gel-foam-125ml\/"},"modified":"2026-03-05T08:08:49","modified_gmt":"2026-03-05T08:08:49","slug":"skin1004-madagascar-centella-tone-brightening-cleansing-gel-foam-125ml","status":"publish","type":"product","link":"https:\/\/stylingagenten.com\/fi\/tuote\/skin1004-madagascar-centella-tone-brightening-cleansing-gel-foam-125ml\/","title":{"rendered":"SKIN1004 Madagascar Centella Tone Brightening Cleansing Gel Foam 125ml"},"content":{"rendered":"<p>SKIN1004 Madagascar Centella Tone Brightening Cleansing Gel Foam, luonnollisesti valmistetuilla ainesosilla, puhdistaa ihon hell\u00e4varaisesti h\u00e4iritsem\u00e4tt\u00e4 sen luonnollista kosteustasapainoa. Patentoitu ainesosa Madecassoside kirkastaa ihon s\u00e4vy\u00e4 ja tuo iholle sen luonnollisen hehkun. Madagaskarilta per\u00e4isin oleva Centella Asiatica -uutteet rauhoittavat ihoa. T\u00e4m\u00e4 geelim\u00e4inen puhdistaja kosteuttaa ihoa samalla kun se poistaa meikin ja n\u00e4kyv\u00e4t ep\u00e4puhtaudet.<\/p>\n<p>125ml<\/p>\n","protected":false},"excerpt":{"rendered":"<p>SKIN1004 Madagascar Centella Tone Brightening Cleansing Gel Foam, luonnollisesti valmistetuilla ainesosilla, puhdistaa ihon hell\u00e4varaisesti h\u00e4iritsem\u00e4tt\u00e4 sen luonnollista kosteustasapainoa. Patentoitu ainesosa Madecassoside kirkastaa ihon s\u00e4vy\u00e4 ja tuo iholle sen luonnollisen hehkun. Madagaskarilta per\u00e4isin oleva Centella Asiatica -uutteet rauhoittavat ihoa. T\u00e4m\u00e4 geelim\u00e4inen puhdistaja kosteuttaa ihoa samalla kun se poistaa meikin ja n\u00e4kyv\u00e4t ep\u00e4puhtaudet. 125ml<\/p>\n","protected":false},"featured_media":113106,"comment_status":"open","ping_status":"closed","template":"","meta":{"_trash_the_other_posts":false},"product_brand":[],"product_cat":[609],"product_tag":[],"berocket_brand":[1422],"class_list":{"0":"post-113130","1":"product","2":"type-product","3":"status-publish","4":"has-post-thumbnail","6":"product_cat-kasvojen-puhdistus","7":"pa_brand-skin1004","8":"berocket_brand-skin1004","10":"first","11":"instock","12":"sale","13":"taxable","14":"shipping-taxable","15":"purchasable","16":"product-type-simple"},"_links":{"self":[{"href":"https:\/\/stylingagenten.com\/fi\/wp-json\/wp\/v2\/product\/113130","targetHints":{"allow":["GET"]}}],"collection":[{"href":"https:\/\/stylingagenten.com\/fi\/wp-json\/wp\/v2\/product"}],"about":[{"href":"https:\/\/stylingagenten.com\/fi\/wp-json\/wp\/v2\/types\/product"}],"replies":[{"embeddable":true,"href":"https:\/\/stylingagenten.com\/fi\/wp-json\/wp\/v2\/comments?post=113130"}],"version-history":[{"count":0,"href":"https:\/\/stylingagenten.com\/fi\/wp-json\/wp\/v2\/product\/113130\/revisions"}],"wp:featuredmedia":[{"embeddable":true,"href":"https:\/\/stylingagenten.com\/fi\/wp-json\/wp\/v2\/media\/113106"}],"wp:attachment":[{"href":"https:\/\/stylingagenten.com\/fi\/wp-json\/wp\/v2\/media?parent=113130"}],"wp:term":[{"taxonomy":"product_brand","embeddable":true,"href":"https:\/\/stylingagenten.com\/fi\/wp-json\/wp\/v2\/product_brand?post=113130"},{"taxonomy":"product_cat","embeddable":true,"href":"https:\/\/stylingagenten.com\/fi\/wp-json\/wp\/v2\/product_cat?post=113130"},{"taxonomy":"product_tag","embeddable":true,"href":"https:\/\/stylingagenten.com\/fi\/wp-json\/wp\/v2\/product_tag?post=113130"},{"taxonomy":"berocket_brand","embeddable":true,"href":"https:\/\/stylingagenten.com\/fi\/wp-json\/wp\/v2\/berocket_brand?post=113130"}],"curies":[{"name":"wp","href":"https:\/\/api.w.org\/{rel}","templated":true}]}}