{"id":112838,"date":"2025-05-18T21:02:20","date_gmt":"2025-05-18T21:02:20","guid":{"rendered":"https:\/\/staging2.stylingagenten.com\/fi\/produkt\/milani-green-goddess-sleeping-mask\/"},"modified":"2025-11-19T11:42:52","modified_gmt":"2025-11-19T11:42:52","slug":"milani-green-goddess-sleeping-mask","status":"publish","type":"product","link":"https:\/\/stylingagenten.com\/fi\/tuote\/milani-green-goddess-sleeping-mask\/","title":{"rendered":"Milani Green Goddess Sleeping Mask"},"content":{"rendered":"<p>Milani Green Goddess Sleeping Mask &#8211; 60 ml<\/p>\n<p>Puhukaa kauneusunesta! Muuntava Green Goddess Sleeping Mask + Primer rauhoittaa, ravitsee ja kosteuttaa syv\u00e4lle ihoon y\u00f6n aikana j\u00e4tt\u00e4en ihon t\u00e4ydellisesti pohjustettuun meikin levitt\u00e4miseen. T\u00e4m\u00e4 naamio sis\u00e4lt\u00e4\u00e4 eritt\u00e4in ravitsevaa orgaanista Cannabis Sativa -siemen\u00f6ljy\u00e4, hyaluronihappoa &amp; amp; vegaaninen skvalaani voi vied\u00e4 ihosi uudelle tasolle jumalattaren kaltaisella hehkulla.<\/p>\n","protected":false},"excerpt":{"rendered":"<p>Milani Green Goddess Sleeping Mask &#8211; 60 ml Puhukaa kauneusunesta! Muuntava Green Goddess Sleeping Mask + Primer rauhoittaa, ravitsee ja kosteuttaa syv\u00e4lle ihoon y\u00f6n aikana j\u00e4tt\u00e4en ihon t\u00e4ydellisesti pohjustettuun meikin levitt\u00e4miseen. T\u00e4m\u00e4 naamio sis\u00e4lt\u00e4\u00e4 eritt\u00e4in ravitsevaa orgaanista Cannabis Sativa -siemen\u00f6ljy\u00e4, hyaluronihappoa &amp; amp; vegaaninen skvalaani voi vied\u00e4 ihosi uudelle tasolle jumalattaren kaltaisella hehkulla.<\/p>\n","protected":false},"featured_media":112833,"comment_status":"open","ping_status":"closed","template":"","meta":{"_trash_the_other_posts":false},"product_brand":[],"product_cat":[594],"product_tag":[],"berocket_brand":[1027],"class_list":{"0":"post-112838","1":"product","2":"type-product","3":"status-publish","4":"has-post-thumbnail","6":"product_cat-hengityssuojain","7":"pa_brand-milani","8":"berocket_brand-milani","10":"first","11":"instock","12":"sale","13":"taxable","14":"shipping-taxable","15":"purchasable","16":"product-type-simple"},"_links":{"self":[{"href":"https:\/\/stylingagenten.com\/fi\/wp-json\/wp\/v2\/product\/112838","targetHints":{"allow":["GET"]}}],"collection":[{"href":"https:\/\/stylingagenten.com\/fi\/wp-json\/wp\/v2\/product"}],"about":[{"href":"https:\/\/stylingagenten.com\/fi\/wp-json\/wp\/v2\/types\/product"}],"replies":[{"embeddable":true,"href":"https:\/\/stylingagenten.com\/fi\/wp-json\/wp\/v2\/comments?post=112838"}],"version-history":[{"count":0,"href":"https:\/\/stylingagenten.com\/fi\/wp-json\/wp\/v2\/product\/112838\/revisions"}],"wp:featuredmedia":[{"embeddable":true,"href":"https:\/\/stylingagenten.com\/fi\/wp-json\/wp\/v2\/media\/112833"}],"wp:attachment":[{"href":"https:\/\/stylingagenten.com\/fi\/wp-json\/wp\/v2\/media?parent=112838"}],"wp:term":[{"taxonomy":"product_brand","embeddable":true,"href":"https:\/\/stylingagenten.com\/fi\/wp-json\/wp\/v2\/product_brand?post=112838"},{"taxonomy":"product_cat","embeddable":true,"href":"https:\/\/stylingagenten.com\/fi\/wp-json\/wp\/v2\/product_cat?post=112838"},{"taxonomy":"product_tag","embeddable":true,"href":"https:\/\/stylingagenten.com\/fi\/wp-json\/wp\/v2\/product_tag?post=112838"},{"taxonomy":"berocket_brand","embeddable":true,"href":"https:\/\/stylingagenten.com\/fi\/wp-json\/wp\/v2\/berocket_brand?post=112838"}],"curies":[{"name":"wp","href":"https:\/\/api.w.org\/{rel}","templated":true}]}}