{"id":112811,"date":"2025-05-18T21:02:17","date_gmt":"2025-05-18T21:02:17","guid":{"rendered":"https:\/\/staging2.stylingagenten.com\/fi\/produkt\/peter-thomas-roth-24k-gold-mask-150ml\/"},"modified":"2026-03-30T07:28:58","modified_gmt":"2026-03-30T07:28:58","slug":"peter-thomas-roth-24k-gold-mask-150ml","status":"publish","type":"product","link":"https:\/\/stylingagenten.com\/fi\/tuote\/peter-thomas-roth-24k-gold-mask-150ml\/","title":{"rendered":"Peter Thomas Roth 24k Gold Mask 150ml"},"content":{"rendered":"<p>Ylellinen Peter Thomas Rothin ik\u00e4\u00e4ntymist\u00e4 est\u00e4v\u00e4 hoitonaamio, jossa on 24K kultaa ja kolloidista kultaa, joka auttaa kohottamaan ja kiinteytt\u00e4m\u00e4\u00e4n ihon ulkon\u00e4k\u00f6\u00e4 antaen samalla arvokkaan hehkun.<\/p>\n<p>Osat<\/p>\n<p> &amp;sonni; 24K kultaa, kolloidista kultaa ja kofeiinia sis\u00e4lt\u00e4v\u00e4 kallis hoito auttaa parantamaan ulkon\u00e4k\u00f6\u00e4 hienoja juonteita, ryppyj\u00e4 ja kiinteytt\u00e4<\/p>\n<p>&bull; Peridot tarjoaa energiaa ja auttaa v\u00e4hent\u00e4m\u00e4\u00e4n stressin energisoivia vaikutuksia<\/p>\n<p>&bull; Hyaluronihappo ja glyseriini kosteuttavat intensiivisesti ja tekev\u00e4t ulkon\u00e4\u00f6st\u00e4 t\u00e4ytel\u00e4isemm\u00e4n ja kohotetumman<\/p>\n","protected":false},"excerpt":{"rendered":"<p>Ylellinen Peter Thomas Rothin ik\u00e4\u00e4ntymist\u00e4 est\u00e4v\u00e4 hoitonaamio, jossa on 24K kultaa ja kolloidista kultaa, joka auttaa kohottamaan ja kiinteytt\u00e4m\u00e4\u00e4n ihon ulkon\u00e4k\u00f6\u00e4 antaen samalla arvokkaan hehkun. Osat &amp;sonni; 24K kultaa, kolloidista kultaa ja kofeiinia sis\u00e4lt\u00e4v\u00e4 kallis hoito auttaa parantamaan ulkon\u00e4k\u00f6\u00e4 hienoja juonteita, ryppyj\u00e4 ja kiinteytt\u00e4 &bull; Peridot tarjoaa energiaa ja auttaa v\u00e4hent\u00e4m\u00e4\u00e4n stressin energisoivia vaikutuksia &bull; [&hellip;]<\/p>\n","protected":false},"featured_media":112770,"comment_status":"open","ping_status":"closed","template":"","meta":{"_trash_the_other_posts":false},"product_brand":[],"product_cat":[594],"product_tag":[],"berocket_brand":[1246],"class_list":{"0":"post-112811","1":"product","2":"type-product","3":"status-publish","4":"has-post-thumbnail","6":"product_cat-hengityssuojain","7":"pa_brand-peter-thomas-roth","8":"berocket_brand-peter-thomas-roth","10":"first","11":"instock","12":"sale","13":"taxable","14":"shipping-taxable","15":"purchasable","16":"product-type-simple"},"_links":{"self":[{"href":"https:\/\/stylingagenten.com\/fi\/wp-json\/wp\/v2\/product\/112811","targetHints":{"allow":["GET"]}}],"collection":[{"href":"https:\/\/stylingagenten.com\/fi\/wp-json\/wp\/v2\/product"}],"about":[{"href":"https:\/\/stylingagenten.com\/fi\/wp-json\/wp\/v2\/types\/product"}],"replies":[{"embeddable":true,"href":"https:\/\/stylingagenten.com\/fi\/wp-json\/wp\/v2\/comments?post=112811"}],"version-history":[{"count":0,"href":"https:\/\/stylingagenten.com\/fi\/wp-json\/wp\/v2\/product\/112811\/revisions"}],"wp:featuredmedia":[{"embeddable":true,"href":"https:\/\/stylingagenten.com\/fi\/wp-json\/wp\/v2\/media\/112770"}],"wp:attachment":[{"href":"https:\/\/stylingagenten.com\/fi\/wp-json\/wp\/v2\/media?parent=112811"}],"wp:term":[{"taxonomy":"product_brand","embeddable":true,"href":"https:\/\/stylingagenten.com\/fi\/wp-json\/wp\/v2\/product_brand?post=112811"},{"taxonomy":"product_cat","embeddable":true,"href":"https:\/\/stylingagenten.com\/fi\/wp-json\/wp\/v2\/product_cat?post=112811"},{"taxonomy":"product_tag","embeddable":true,"href":"https:\/\/stylingagenten.com\/fi\/wp-json\/wp\/v2\/product_tag?post=112811"},{"taxonomy":"berocket_brand","embeddable":true,"href":"https:\/\/stylingagenten.com\/fi\/wp-json\/wp\/v2\/berocket_brand?post=112811"}],"curies":[{"name":"wp","href":"https:\/\/api.w.org\/{rel}","templated":true}]}}