{"id":112612,"date":"2025-05-18T21:01:53","date_gmt":"2025-05-18T21:01:53","guid":{"rendered":"https:\/\/staging2.stylingagenten.com\/fi\/produkt\/im-from-mugwort-mask-110g\/"},"modified":"2025-11-19T12:38:06","modified_gmt":"2025-11-19T12:38:06","slug":"im-from-mugwort-mask-110g","status":"publish","type":"product","link":"https:\/\/stylingagenten.com\/fi\/tuote\/im-from-mugwort-mask-110g\/","title":{"rendered":"I&#8217;m From Mugwort Mask 110g"},"content":{"rendered":"<p>T\u00e4m\u00e4 on geelinaamio, joka sis\u00e4lt\u00e4\u00e4 Ganghwan saarelta per\u00e4isin olevaa mugwort (ruotsiksi Mal\u00f6rt). Se on ainesosa, joka suojaa herkk\u00e4\u00e4 ja akneen taipuvaista ihoa. Se antaa nopean helpotuksen vaurioituneelle, \u00e4rtyneelle iholle ja auttaa saamaan raikkaan, virkist\u00e4v\u00e4n tunteen.<\/p>\n<p>Eritt\u00e4in tiivistetty geelikoostumus s\u00e4ilytt\u00e4\u00e4 kasviuutteiden aktiiviset aineosat ja auttaa vaikuttamaan suoraan ihoon. T\u00e4ll\u00e4 naamiolla on rauhoittava vaikutus ja se tarjoaa miellytt\u00e4v\u00e4n viilent\u00e4v\u00e4n vaikutuksen. Sis\u00e4lt\u00e4\u00e4 Centella Asiatica -uutetta, joka tunnetaan vaikutuksistaan \u200b\u200bja hoitaa herkk\u00e4\u00e4 ja \u00e4rtynytt\u00e4 ihoa eritt\u00e4in tehokkaasti. Kun k\u00e4yt\u00e4t p\u00e4iv\u00e4saikaan, on suositeltavaa k\u00e4ytt\u00e4\u00e4 SPF 15 tai korkeampaa sen j\u00e4lkeen.<\/p>\n","protected":false},"excerpt":{"rendered":"<p>T\u00e4m\u00e4 on geelinaamio, joka sis\u00e4lt\u00e4\u00e4 Ganghwan saarelta per\u00e4isin olevaa mugwort (ruotsiksi Mal\u00f6rt). Se on ainesosa, joka suojaa herkk\u00e4\u00e4 ja akneen taipuvaista ihoa. Se antaa nopean helpotuksen vaurioituneelle, \u00e4rtyneelle iholle ja auttaa saamaan raikkaan, virkist\u00e4v\u00e4n tunteen. Eritt\u00e4in tiivistetty geelikoostumus s\u00e4ilytt\u00e4\u00e4 kasviuutteiden aktiiviset aineosat ja auttaa vaikuttamaan suoraan ihoon. T\u00e4ll\u00e4 naamiolla on rauhoittava vaikutus ja se tarjoaa [&hellip;]<\/p>\n","protected":false},"featured_media":112598,"comment_status":"open","ping_status":"closed","template":"","meta":{"_trash_the_other_posts":false},"product_brand":[],"product_cat":[594,1001],"product_tag":[],"berocket_brand":[1407],"class_list":{"0":"post-112612","1":"product","2":"type-product","3":"status-publish","4":"has-post-thumbnail","6":"product_cat-hengityssuojain","7":"product_cat-k-beauty","8":"pa_brand-im-from","9":"berocket_brand-im-from","11":"first","12":"instock","13":"sale","14":"taxable","15":"shipping-taxable","16":"purchasable","17":"product-type-simple"},"_links":{"self":[{"href":"https:\/\/stylingagenten.com\/fi\/wp-json\/wp\/v2\/product\/112612","targetHints":{"allow":["GET"]}}],"collection":[{"href":"https:\/\/stylingagenten.com\/fi\/wp-json\/wp\/v2\/product"}],"about":[{"href":"https:\/\/stylingagenten.com\/fi\/wp-json\/wp\/v2\/types\/product"}],"replies":[{"embeddable":true,"href":"https:\/\/stylingagenten.com\/fi\/wp-json\/wp\/v2\/comments?post=112612"}],"version-history":[{"count":0,"href":"https:\/\/stylingagenten.com\/fi\/wp-json\/wp\/v2\/product\/112612\/revisions"}],"wp:featuredmedia":[{"embeddable":true,"href":"https:\/\/stylingagenten.com\/fi\/wp-json\/wp\/v2\/media\/112598"}],"wp:attachment":[{"href":"https:\/\/stylingagenten.com\/fi\/wp-json\/wp\/v2\/media?parent=112612"}],"wp:term":[{"taxonomy":"product_brand","embeddable":true,"href":"https:\/\/stylingagenten.com\/fi\/wp-json\/wp\/v2\/product_brand?post=112612"},{"taxonomy":"product_cat","embeddable":true,"href":"https:\/\/stylingagenten.com\/fi\/wp-json\/wp\/v2\/product_cat?post=112612"},{"taxonomy":"product_tag","embeddable":true,"href":"https:\/\/stylingagenten.com\/fi\/wp-json\/wp\/v2\/product_tag?post=112612"},{"taxonomy":"berocket_brand","embeddable":true,"href":"https:\/\/stylingagenten.com\/fi\/wp-json\/wp\/v2\/berocket_brand?post=112612"}],"curies":[{"name":"wp","href":"https:\/\/api.w.org\/{rel}","templated":true}]}}