{"id":112608,"date":"2025-05-18T21:01:53","date_gmt":"2025-05-18T21:01:53","guid":{"rendered":"https:\/\/staging2.stylingagenten.com\/fi\/produkt\/im-from-honey-mask-120g\/"},"modified":"2025-11-19T12:38:02","modified_gmt":"2025-11-19T12:38:02","slug":"im-from-honey-mask-120g","status":"publish","type":"product","link":"https:\/\/stylingagenten.com\/fi\/tuote\/im-from-honey-mask-120g\/","title":{"rendered":"I&#8217;m From Honey Mask 120g"},"content":{"rendered":"<p>T\u00e4m\u00e4 naamio sis\u00e4lt\u00e4\u00e4 46,44 grammaa luonnollista hunajaa, joka kosteuttaa ja ravitsee syv\u00e4sti. Aidolla hunajalla on antibakteerinen vaikutus ja se auttaa ihoa pysym\u00e4\u00e4n kimmoisana ja samalla antaa kimmoisuutta, rauhoittaa ja ehk\u00e4isee aknea. Naamiolla on my\u00f6s mieto kuoriva vaikutus, joka antaa kirkkaan ihon ja toimii tehokkaasti &#8221;valkop\u00e4it\u00e4&#8221; vastaan. Greippiuute pehment\u00e4\u00e4 ihoa, kun taas sheavoi ja mehil\u00e4isvaha j\u00e4tt\u00e4v\u00e4t ihon pehme\u00e4ksi, kosteutetuksi ja ehk\u00e4isev\u00e4t \u00e4rsytyst\u00e4.<br \/>Sis\u00e4lt\u00e4\u00e4 my\u00f6s kosteuttavaa macademiap\u00e4hkin\u00e4\u00f6ljy\u00e4 sek\u00e4 kittivahaa ja mehil\u00e4ismyrkky\u00e4, joilla molemmilla on t\u00e4ytel\u00e4inen vaikutus ja jotka muodostavat ihosuojaa. .<\/p>\n","protected":false},"excerpt":{"rendered":"<p>T\u00e4m\u00e4 naamio sis\u00e4lt\u00e4\u00e4 46,44 grammaa luonnollista hunajaa, joka kosteuttaa ja ravitsee syv\u00e4sti. Aidolla hunajalla on antibakteerinen vaikutus ja se auttaa ihoa pysym\u00e4\u00e4n kimmoisana ja samalla antaa kimmoisuutta, rauhoittaa ja ehk\u00e4isee aknea. Naamiolla on my\u00f6s mieto kuoriva vaikutus, joka antaa kirkkaan ihon ja toimii tehokkaasti &#8221;valkop\u00e4it\u00e4&#8221; vastaan. Greippiuute pehment\u00e4\u00e4 ihoa, kun taas sheavoi ja mehil\u00e4isvaha j\u00e4tt\u00e4v\u00e4t [&hellip;]<\/p>\n","protected":false},"featured_media":112594,"comment_status":"open","ping_status":"closed","template":"","meta":{"_trash_the_other_posts":false},"product_brand":[],"product_cat":[594,1001],"product_tag":[],"berocket_brand":[1407],"class_list":{"0":"post-112608","1":"product","2":"type-product","3":"status-publish","4":"has-post-thumbnail","6":"product_cat-hengityssuojain","7":"product_cat-k-beauty","8":"pa_brand-im-from","9":"berocket_brand-im-from","11":"first","12":"instock","13":"sale","14":"taxable","15":"shipping-taxable","16":"purchasable","17":"product-type-simple"},"_links":{"self":[{"href":"https:\/\/stylingagenten.com\/fi\/wp-json\/wp\/v2\/product\/112608","targetHints":{"allow":["GET"]}}],"collection":[{"href":"https:\/\/stylingagenten.com\/fi\/wp-json\/wp\/v2\/product"}],"about":[{"href":"https:\/\/stylingagenten.com\/fi\/wp-json\/wp\/v2\/types\/product"}],"replies":[{"embeddable":true,"href":"https:\/\/stylingagenten.com\/fi\/wp-json\/wp\/v2\/comments?post=112608"}],"version-history":[{"count":0,"href":"https:\/\/stylingagenten.com\/fi\/wp-json\/wp\/v2\/product\/112608\/revisions"}],"wp:featuredmedia":[{"embeddable":true,"href":"https:\/\/stylingagenten.com\/fi\/wp-json\/wp\/v2\/media\/112594"}],"wp:attachment":[{"href":"https:\/\/stylingagenten.com\/fi\/wp-json\/wp\/v2\/media?parent=112608"}],"wp:term":[{"taxonomy":"product_brand","embeddable":true,"href":"https:\/\/stylingagenten.com\/fi\/wp-json\/wp\/v2\/product_brand?post=112608"},{"taxonomy":"product_cat","embeddable":true,"href":"https:\/\/stylingagenten.com\/fi\/wp-json\/wp\/v2\/product_cat?post=112608"},{"taxonomy":"product_tag","embeddable":true,"href":"https:\/\/stylingagenten.com\/fi\/wp-json\/wp\/v2\/product_tag?post=112608"},{"taxonomy":"berocket_brand","embeddable":true,"href":"https:\/\/stylingagenten.com\/fi\/wp-json\/wp\/v2\/berocket_brand?post=112608"}],"curies":[{"name":"wp","href":"https:\/\/api.w.org\/{rel}","templated":true}]}}