{"id":112606,"date":"2025-05-18T21:01:52","date_gmt":"2025-05-18T21:01:52","guid":{"rendered":"https:\/\/staging2.stylingagenten.com\/fi\/produkt\/oh-k-age-defense-hand-mask\/"},"modified":"2026-03-16T13:47:54","modified_gmt":"2026-03-16T13:47:54","slug":"oh-k-age-defense-hand-mask","status":"publish","type":"product","link":"https:\/\/stylingagenten.com\/fi\/tuote\/oh-k-age-defense-hand-mask\/","title":{"rendered":"Oh K! Age Defense Hand Mask"},"content":{"rendered":"<p>Voi K! Age Defense -k\u00e4sinaamio<br \/>T\u00e4m\u00e4 k\u00e4sinaamio on t\u00e4ynn\u00e4 Bakuchiolia, joka antaa hell\u00e4varaisen mutta tehokkaan naamiokokemuksen, joka v\u00e4hent\u00e4\u00e4 juonteita, kosteuttaa ihoa ja parantaa k\u00e4sien rakennetta ja s\u00e4vy\u00e4. Bakuchiolin tiedet\u00e4\u00e4n olevan luonnollinen vaihtoehto A-vitamiinille. A-vitamiini auttaa lis\u00e4\u00e4m\u00e4\u00e4n solujen tuotantoa, v\u00e4hent\u00e4m\u00e4\u00e4n hyperpigmentaatiota ja parantamaan juonteita ja ryppyj\u00e4. Naamio sis\u00e4lt\u00e4\u00e4 my\u00f6s ainesosana Squalanea, joka on 100 % kasvipohjainen ainesosa, joka lukitsee kosteuden, rauhoittaa ja suojaa ihoa.<\/p>\n","protected":false},"excerpt":{"rendered":"<p>Voi K! Age Defense -k\u00e4sinaamioT\u00e4m\u00e4 k\u00e4sinaamio on t\u00e4ynn\u00e4 Bakuchiolia, joka antaa hell\u00e4varaisen mutta tehokkaan naamiokokemuksen, joka v\u00e4hent\u00e4\u00e4 juonteita, kosteuttaa ihoa ja parantaa k\u00e4sien rakennetta ja s\u00e4vy\u00e4. Bakuchiolin tiedet\u00e4\u00e4n olevan luonnollinen vaihtoehto A-vitamiinille. A-vitamiini auttaa lis\u00e4\u00e4m\u00e4\u00e4n solujen tuotantoa, v\u00e4hent\u00e4m\u00e4\u00e4n hyperpigmentaatiota ja parantamaan juonteita ja ryppyj\u00e4. Naamio sis\u00e4lt\u00e4\u00e4 my\u00f6s ainesosana Squalanea, joka on 100 % kasvipohjainen ainesosa, [&hellip;]<\/p>\n","protected":false},"featured_media":112604,"comment_status":"open","ping_status":"closed","template":"","meta":{"_trash_the_other_posts":false},"product_brand":[],"product_cat":[1001,574,1005],"product_tag":[],"berocket_brand":[1398],"class_list":{"0":"post-112606","1":"product","2":"type-product","3":"status-publish","4":"has-post-thumbnail","6":"product_cat-k-beauty","7":"product_cat-kasivoide","8":"product_cat-outlet","9":"pa_brand-oh-k","10":"berocket_brand-oh-k","12":"first","13":"instock","14":"sale","15":"taxable","16":"shipping-taxable","17":"purchasable","18":"product-type-simple"},"_links":{"self":[{"href":"https:\/\/stylingagenten.com\/fi\/wp-json\/wp\/v2\/product\/112606","targetHints":{"allow":["GET"]}}],"collection":[{"href":"https:\/\/stylingagenten.com\/fi\/wp-json\/wp\/v2\/product"}],"about":[{"href":"https:\/\/stylingagenten.com\/fi\/wp-json\/wp\/v2\/types\/product"}],"replies":[{"embeddable":true,"href":"https:\/\/stylingagenten.com\/fi\/wp-json\/wp\/v2\/comments?post=112606"}],"version-history":[{"count":0,"href":"https:\/\/stylingagenten.com\/fi\/wp-json\/wp\/v2\/product\/112606\/revisions"}],"wp:featuredmedia":[{"embeddable":true,"href":"https:\/\/stylingagenten.com\/fi\/wp-json\/wp\/v2\/media\/112604"}],"wp:attachment":[{"href":"https:\/\/stylingagenten.com\/fi\/wp-json\/wp\/v2\/media?parent=112606"}],"wp:term":[{"taxonomy":"product_brand","embeddable":true,"href":"https:\/\/stylingagenten.com\/fi\/wp-json\/wp\/v2\/product_brand?post=112606"},{"taxonomy":"product_cat","embeddable":true,"href":"https:\/\/stylingagenten.com\/fi\/wp-json\/wp\/v2\/product_cat?post=112606"},{"taxonomy":"product_tag","embeddable":true,"href":"https:\/\/stylingagenten.com\/fi\/wp-json\/wp\/v2\/product_tag?post=112606"},{"taxonomy":"berocket_brand","embeddable":true,"href":"https:\/\/stylingagenten.com\/fi\/wp-json\/wp\/v2\/berocket_brand?post=112606"}],"curies":[{"name":"wp","href":"https:\/\/api.w.org\/{rel}","templated":true}]}}