{"id":112589,"date":"2025-05-18T21:01:49","date_gmt":"2025-05-18T21:01:49","guid":{"rendered":"https:\/\/staging2.stylingagenten.com\/fi\/produkt\/oh-k-cherry-gel-lip-mask-2-5g\/"},"modified":"2026-03-20T11:37:40","modified_gmt":"2026-03-20T11:37:40","slug":"oh-k-cherry-gel-lip-mask-2-5g","status":"publish","type":"product","link":"https:\/\/stylingagenten.com\/fi\/tuote\/oh-k-cherry-gel-lip-mask-2-5g\/","title":{"rendered":"Oh K! Cherry Gel Lip Mask 2.5g"},"content":{"rendered":"<p>Voi K! Cherry Gel -huulinaamio 2,5 g<br \/>Luo pehme\u00e4 turska Oh K:lla! Cherry Geel -huulinaamio. T\u00e4m\u00e4 hoito on t\u00e4ydellinen lataus stressaantuneille huulille, ja se on suunniteltu ravitsemaan, t\u00e4ytt\u00e4m\u00e4\u00e4n ja suojaamaan.<br \/>K-Beauty-br\u00e4ndi on luonut ihanteellisen huulipunaa edelt\u00e4v\u00e4n koostumuksen pehment\u00e4\u00e4kseen kuivia, halkeilevia huulia. Kosteuttavista vaikutuksistaan \u200b\u200btunnettu hyaluronihappo antaa huulille eritt\u00e4in t\u00e4rke\u00e4\u00e4 kosteutta. B5-vitamiinin lis\u00e4ys tasoittaa ja t\u00e4ydent\u00e4\u00e4, mik\u00e4 antaa t\u00e4ytel\u00e4isemm\u00e4n ja tasaisemman lopputuloksen.<br \/>Huulinaamio on kohdennettu kertahoito, joka ravitsee syv\u00e4lle ihoa. Rikastettu kirsikkauutteella, se my\u00f6s tuoksuu ihanalta.<\/p>\n","protected":false},"excerpt":{"rendered":"<p>Voi K! Cherry Gel -huulinaamio 2,5 gLuo pehme\u00e4 turska Oh K:lla! Cherry Geel -huulinaamio. T\u00e4m\u00e4 hoito on t\u00e4ydellinen lataus stressaantuneille huulille, ja se on suunniteltu ravitsemaan, t\u00e4ytt\u00e4m\u00e4\u00e4n ja suojaamaan.K-Beauty-br\u00e4ndi on luonut ihanteellisen huulipunaa edelt\u00e4v\u00e4n koostumuksen pehment\u00e4\u00e4kseen kuivia, halkeilevia huulia. Kosteuttavista vaikutuksistaan \u200b\u200btunnettu hyaluronihappo antaa huulille eritt\u00e4in t\u00e4rke\u00e4\u00e4 kosteutta. B5-vitamiinin lis\u00e4ys tasoittaa ja t\u00e4ydent\u00e4\u00e4, mik\u00e4 antaa [&hellip;]<\/p>\n","protected":false},"featured_media":112585,"comment_status":"open","ping_status":"closed","template":"","meta":{"_trash_the_other_posts":false},"product_brand":[],"product_cat":[594,1001],"product_tag":[],"berocket_brand":[1398],"class_list":{"0":"post-112589","1":"product","2":"type-product","3":"status-publish","4":"has-post-thumbnail","6":"product_cat-hengityssuojain","7":"product_cat-k-beauty","8":"pa_brand-oh-k","9":"berocket_brand-oh-k","11":"first","12":"instock","13":"sale","14":"taxable","15":"shipping-taxable","16":"purchasable","17":"product-type-simple"},"_links":{"self":[{"href":"https:\/\/stylingagenten.com\/fi\/wp-json\/wp\/v2\/product\/112589","targetHints":{"allow":["GET"]}}],"collection":[{"href":"https:\/\/stylingagenten.com\/fi\/wp-json\/wp\/v2\/product"}],"about":[{"href":"https:\/\/stylingagenten.com\/fi\/wp-json\/wp\/v2\/types\/product"}],"replies":[{"embeddable":true,"href":"https:\/\/stylingagenten.com\/fi\/wp-json\/wp\/v2\/comments?post=112589"}],"version-history":[{"count":0,"href":"https:\/\/stylingagenten.com\/fi\/wp-json\/wp\/v2\/product\/112589\/revisions"}],"wp:featuredmedia":[{"embeddable":true,"href":"https:\/\/stylingagenten.com\/fi\/wp-json\/wp\/v2\/media\/112585"}],"wp:attachment":[{"href":"https:\/\/stylingagenten.com\/fi\/wp-json\/wp\/v2\/media?parent=112589"}],"wp:term":[{"taxonomy":"product_brand","embeddable":true,"href":"https:\/\/stylingagenten.com\/fi\/wp-json\/wp\/v2\/product_brand?post=112589"},{"taxonomy":"product_cat","embeddable":true,"href":"https:\/\/stylingagenten.com\/fi\/wp-json\/wp\/v2\/product_cat?post=112589"},{"taxonomy":"product_tag","embeddable":true,"href":"https:\/\/stylingagenten.com\/fi\/wp-json\/wp\/v2\/product_tag?post=112589"},{"taxonomy":"berocket_brand","embeddable":true,"href":"https:\/\/stylingagenten.com\/fi\/wp-json\/wp\/v2\/berocket_brand?post=112589"}],"curies":[{"name":"wp","href":"https:\/\/api.w.org\/{rel}","templated":true}]}}