{"id":112504,"date":"2025-05-18T21:01:40","date_gmt":"2025-05-18T21:01:40","guid":{"rendered":"https:\/\/staging2.stylingagenten.com\/fi\/produkt\/elizabeth-arden-eight-hour-cream-skin-protectant-50ml\/"},"modified":"2026-04-14T07:08:31","modified_gmt":"2026-04-14T07:08:31","slug":"elizabeth-arden-eight-hour-cream-skin-protectant-50ml","status":"publish","type":"product","link":"https:\/\/stylingagenten.com\/fi\/tuote\/elizabeth-arden-eight-hour-cream-skin-protectant-50ml\/","title":{"rendered":"Elizabeth Arden Eight Hour Cream Skin Protectant 50ml"},"content":{"rendered":"<p>Eight Hour Cream Skin Protectant on kulttiksi julistettu ihonhoitoklassikko, joka rauhoittaa, palauttaa ja ravitsee kuivaa, halkeilevaa ihoa. Tekee kovasta ihosta pehme\u00e4mm\u00e4n, minimoi punoituksen ja ehk\u00e4isee pient\u00e4 iho\u00e4rsytyst\u00e4. Suojaa, rauhoittaa ja kosteuttaa ihoa. Auttaa kuivaa ihoa ja tarjoaa anti-inflammatorisia ominaisuuksia. Auttaa pieni\u00e4 naarmuja ja auringonpolttamia vastaan.<\/p>\n<p><strong>K\u00e4ytt\u00f6:<\/strong><br \/>K\u00e4yt\u00e4 p\u00e4ivitt\u00e4in tarpeen mukaan. V\u00e4lt\u00e4 kosketusta &ouml;goniin.<\/p>\n","protected":false},"excerpt":{"rendered":"<p>Eight Hour Cream Skin Protectant on kulttiksi julistettu ihonhoitoklassikko, joka rauhoittaa, palauttaa ja ravitsee kuivaa, halkeilevaa ihoa. Tekee kovasta ihosta pehme\u00e4mm\u00e4n, minimoi punoituksen ja ehk\u00e4isee pient\u00e4 iho\u00e4rsytyst\u00e4. Suojaa, rauhoittaa ja kosteuttaa ihoa. Auttaa kuivaa ihoa ja tarjoaa anti-inflammatorisia ominaisuuksia. Auttaa pieni\u00e4 naarmuja ja auringonpolttamia vastaan. K\u00e4ytt\u00f6:K\u00e4yt\u00e4 p\u00e4ivitt\u00e4in tarpeen mukaan. V\u00e4lt\u00e4 kosketusta &ouml;goniin.<\/p>\n","protected":false},"featured_media":112499,"comment_status":"open","ping_status":"closed","template":"","meta":{"_trash_the_other_posts":false},"product_brand":[],"product_cat":[559,1003],"product_tag":[2865],"berocket_brand":[1303],"class_list":{"0":"post-112504","1":"product","2":"type-product","3":"status-publish","4":"has-post-thumbnail","6":"product_cat-ansiktskrem","7":"product_cat-myydyimmat","8":"product_tag-elizabeth-arden-eight-hour-cream-skin-protectant","9":"pa_brand-elizabeth-arden","10":"pa_variantti-50ml","11":"berocket_brand-elizabeth-arden","13":"first","14":"instock","15":"sale","16":"taxable","17":"shipping-taxable","18":"purchasable","19":"product-type-simple"},"_links":{"self":[{"href":"https:\/\/stylingagenten.com\/fi\/wp-json\/wp\/v2\/product\/112504","targetHints":{"allow":["GET"]}}],"collection":[{"href":"https:\/\/stylingagenten.com\/fi\/wp-json\/wp\/v2\/product"}],"about":[{"href":"https:\/\/stylingagenten.com\/fi\/wp-json\/wp\/v2\/types\/product"}],"replies":[{"embeddable":true,"href":"https:\/\/stylingagenten.com\/fi\/wp-json\/wp\/v2\/comments?post=112504"}],"version-history":[{"count":0,"href":"https:\/\/stylingagenten.com\/fi\/wp-json\/wp\/v2\/product\/112504\/revisions"}],"wp:featuredmedia":[{"embeddable":true,"href":"https:\/\/stylingagenten.com\/fi\/wp-json\/wp\/v2\/media\/112499"}],"wp:attachment":[{"href":"https:\/\/stylingagenten.com\/fi\/wp-json\/wp\/v2\/media?parent=112504"}],"wp:term":[{"taxonomy":"product_brand","embeddable":true,"href":"https:\/\/stylingagenten.com\/fi\/wp-json\/wp\/v2\/product_brand?post=112504"},{"taxonomy":"product_cat","embeddable":true,"href":"https:\/\/stylingagenten.com\/fi\/wp-json\/wp\/v2\/product_cat?post=112504"},{"taxonomy":"product_tag","embeddable":true,"href":"https:\/\/stylingagenten.com\/fi\/wp-json\/wp\/v2\/product_tag?post=112504"},{"taxonomy":"berocket_brand","embeddable":true,"href":"https:\/\/stylingagenten.com\/fi\/wp-json\/wp\/v2\/berocket_brand?post=112504"}],"curies":[{"name":"wp","href":"https:\/\/api.w.org\/{rel}","templated":true}]}}