{"id":112490,"date":"2025-05-18T21:01:38","date_gmt":"2025-05-18T21:01:38","guid":{"rendered":"https:\/\/staging2.stylingagenten.com\/fi\/produkt\/elizabeth-arden-visible-difference-refining-moisture-cream-complex-75ml\/"},"modified":"2026-04-06T13:28:32","modified_gmt":"2026-04-06T13:28:32","slug":"elizabeth-arden-visible-difference-refining-moisture-cream-complex-75ml","status":"publish","type":"product","link":"https:\/\/stylingagenten.com\/fi\/tuote\/elizabeth-arden-visible-difference-refining-moisture-cream-complex-75ml\/","title":{"rendered":"Elizabeth Arden Visible Difference Refining Moisture Cream Complex 75ml"},"content":{"rendered":"<p>Kun ihosi tuntuu kuivalta ja samealta, niin apua tarvitsee pelastaja, Elizabeth Arden Visible Difference Moisturizer. P\u00e4iv\u00e4voiteiden klassikko, joka on t\u00e4ytel\u00e4inen ja eritt\u00e4in kosteuttava voide. Suojaa ihoasi kosteudella ja antaa sille suojan, joka est\u00e4\u00e4 ihoa menett\u00e4m\u00e4st\u00e4 kosteutta p\u00e4iv\u00e4n aikana. Testit osoittavat pienten juonteiden merkitt\u00e4v\u00e4\u00e4 v\u00e4henemist\u00e4 ja ihon dramaattista paranemista vain 14-21 p\u00e4iv\u00e4ss\u00e4. T\u00e4ytel\u00e4inen ja kosteuttava normaalille ja kuivalle iholle. F&ouml; palauttaa ihon kosteustasapainon. V\u00e4hent\u00e4\u00e4 hienoja juonteita. Dermatologisesti testattu. Allergiatestattu.<\/p>\n<p><strong>K\u00e4ytt\u00f6:<\/strong> Levit\u00e4 koko kasvoille ja kaulalle, k\u00e4yt\u00e4 sek\u00e4 p\u00e4iv\u00e4ll\u00e4 ett\u00e4 y\u00f6ll\u00e4.<\/p>\n<p><strong>Tilavuus:<\/strong> 75 ml.<br \/>&nbsp;<\/p>\n","protected":false},"excerpt":{"rendered":"<p>Kun ihosi tuntuu kuivalta ja samealta, niin apua tarvitsee pelastaja, Elizabeth Arden Visible Difference Moisturizer. P\u00e4iv\u00e4voiteiden klassikko, joka on t\u00e4ytel\u00e4inen ja eritt\u00e4in kosteuttava voide. Suojaa ihoasi kosteudella ja antaa sille suojan, joka est\u00e4\u00e4 ihoa menett\u00e4m\u00e4st\u00e4 kosteutta p\u00e4iv\u00e4n aikana. Testit osoittavat pienten juonteiden merkitt\u00e4v\u00e4\u00e4 v\u00e4henemist\u00e4 ja ihon dramaattista paranemista vain 14-21 p\u00e4iv\u00e4ss\u00e4. T\u00e4ytel\u00e4inen ja kosteuttava normaalille [&hellip;]<\/p>\n","protected":false},"featured_media":112469,"comment_status":"open","ping_status":"closed","template":"","meta":{"_trash_the_other_posts":false},"product_brand":[],"product_cat":[559,1003],"product_tag":[],"berocket_brand":[1303],"class_list":{"0":"post-112490","1":"product","2":"type-product","3":"status-publish","4":"has-post-thumbnail","6":"product_cat-ansiktskrem","7":"product_cat-myydyimmat","8":"pa_brand-elizabeth-arden","9":"berocket_brand-elizabeth-arden","11":"first","12":"instock","13":"sale","14":"taxable","15":"shipping-taxable","16":"purchasable","17":"product-type-simple"},"_links":{"self":[{"href":"https:\/\/stylingagenten.com\/fi\/wp-json\/wp\/v2\/product\/112490","targetHints":{"allow":["GET"]}}],"collection":[{"href":"https:\/\/stylingagenten.com\/fi\/wp-json\/wp\/v2\/product"}],"about":[{"href":"https:\/\/stylingagenten.com\/fi\/wp-json\/wp\/v2\/types\/product"}],"replies":[{"embeddable":true,"href":"https:\/\/stylingagenten.com\/fi\/wp-json\/wp\/v2\/comments?post=112490"}],"version-history":[{"count":0,"href":"https:\/\/stylingagenten.com\/fi\/wp-json\/wp\/v2\/product\/112490\/revisions"}],"wp:featuredmedia":[{"embeddable":true,"href":"https:\/\/stylingagenten.com\/fi\/wp-json\/wp\/v2\/media\/112469"}],"wp:attachment":[{"href":"https:\/\/stylingagenten.com\/fi\/wp-json\/wp\/v2\/media?parent=112490"}],"wp:term":[{"taxonomy":"product_brand","embeddable":true,"href":"https:\/\/stylingagenten.com\/fi\/wp-json\/wp\/v2\/product_brand?post=112490"},{"taxonomy":"product_cat","embeddable":true,"href":"https:\/\/stylingagenten.com\/fi\/wp-json\/wp\/v2\/product_cat?post=112490"},{"taxonomy":"product_tag","embeddable":true,"href":"https:\/\/stylingagenten.com\/fi\/wp-json\/wp\/v2\/product_tag?post=112490"},{"taxonomy":"berocket_brand","embeddable":true,"href":"https:\/\/stylingagenten.com\/fi\/wp-json\/wp\/v2\/berocket_brand?post=112490"}],"curies":[{"name":"wp","href":"https:\/\/api.w.org\/{rel}","templated":true}]}}