{"id":112378,"date":"2025-05-18T21:01:20","date_gmt":"2025-05-18T21:01:20","guid":{"rendered":"https:\/\/staging2.stylingagenten.com\/fi\/produkt\/nuxe-reve-de-miel-ultra-comforting-face-balm-50ml\/"},"modified":"2025-11-19T11:41:50","modified_gmt":"2025-11-19T11:41:50","slug":"nuxe-reve-de-miel-ultra-comforting-face-balm-50ml","status":"publish","type":"product","link":"https:\/\/stylingagenten.com\/fi\/tuote\/nuxe-reve-de-miel-ultra-comforting-face-balm-50ml\/","title":{"rendered":"Nuxe Reve de Miel Ultra Comforting Face Balm 50ml"},"content":{"rendered":"<p>Nuxe Reve de Miel Ultra Comforting Face Balm on runsas kasvovoide, joka sis\u00e4lt\u00e4\u00e4 hunajaa, propolista ja runsaita \u00f6ljyj\u00e4, joka ravitsee intensiivisesti, rauhoittaa ja korjaa ihoa samalla, kun se suojaa sit\u00e4 ulkoisilta houkutuksilta, kuten tuulelta ja kylm\u00e4lt\u00e4. Ihosta tulee tasaisempi ja se saa takaisin kimmoisuutensa, samalla kun kireys, punoitus ja \u00e4rsytys v\u00e4henev\u00e4t.<\/p>\n","protected":false},"excerpt":{"rendered":"<p>Nuxe Reve de Miel Ultra Comforting Face Balm on runsas kasvovoide, joka sis\u00e4lt\u00e4\u00e4 hunajaa, propolista ja runsaita \u00f6ljyj\u00e4, joka ravitsee intensiivisesti, rauhoittaa ja korjaa ihoa samalla, kun se suojaa sit\u00e4 ulkoisilta houkutuksilta, kuten tuulelta ja kylm\u00e4lt\u00e4. Ihosta tulee tasaisempi ja se saa takaisin kimmoisuutensa, samalla kun kireys, punoitus ja \u00e4rsytys v\u00e4henev\u00e4t.<\/p>\n","protected":false},"featured_media":112376,"comment_status":"open","ping_status":"closed","template":"","meta":{"_trash_the_other_posts":false},"product_brand":[],"product_cat":[559],"product_tag":[],"berocket_brand":[1024],"class_list":{"0":"post-112378","1":"product","2":"type-product","3":"status-publish","4":"has-post-thumbnail","6":"product_cat-ansiktskrem","7":"pa_brand-nuxe","8":"berocket_brand-nuxe","10":"first","11":"instock","12":"sale","13":"taxable","14":"shipping-taxable","15":"purchasable","16":"product-type-simple"},"_links":{"self":[{"href":"https:\/\/stylingagenten.com\/fi\/wp-json\/wp\/v2\/product\/112378","targetHints":{"allow":["GET"]}}],"collection":[{"href":"https:\/\/stylingagenten.com\/fi\/wp-json\/wp\/v2\/product"}],"about":[{"href":"https:\/\/stylingagenten.com\/fi\/wp-json\/wp\/v2\/types\/product"}],"replies":[{"embeddable":true,"href":"https:\/\/stylingagenten.com\/fi\/wp-json\/wp\/v2\/comments?post=112378"}],"version-history":[{"count":0,"href":"https:\/\/stylingagenten.com\/fi\/wp-json\/wp\/v2\/product\/112378\/revisions"}],"wp:featuredmedia":[{"embeddable":true,"href":"https:\/\/stylingagenten.com\/fi\/wp-json\/wp\/v2\/media\/112376"}],"wp:attachment":[{"href":"https:\/\/stylingagenten.com\/fi\/wp-json\/wp\/v2\/media?parent=112378"}],"wp:term":[{"taxonomy":"product_brand","embeddable":true,"href":"https:\/\/stylingagenten.com\/fi\/wp-json\/wp\/v2\/product_brand?post=112378"},{"taxonomy":"product_cat","embeddable":true,"href":"https:\/\/stylingagenten.com\/fi\/wp-json\/wp\/v2\/product_cat?post=112378"},{"taxonomy":"product_tag","embeddable":true,"href":"https:\/\/stylingagenten.com\/fi\/wp-json\/wp\/v2\/product_tag?post=112378"},{"taxonomy":"berocket_brand","embeddable":true,"href":"https:\/\/stylingagenten.com\/fi\/wp-json\/wp\/v2\/berocket_brand?post=112378"}],"curies":[{"name":"wp","href":"https:\/\/api.w.org\/{rel}","templated":true}]}}