{"id":112323,"date":"2025-05-18T21:01:13","date_gmt":"2025-05-18T21:01:13","guid":{"rendered":"https:\/\/staging2.stylingagenten.com\/fi\/produkt\/elemis-pro-collagen-marine-cream-50ml\/"},"modified":"2026-03-23T22:37:27","modified_gmt":"2026-03-23T22:37:27","slug":"elemis-pro-collagen-marine-cream-50ml","status":"publish","type":"product","link":"https:\/\/stylingagenten.com\/fi\/tuote\/elemis-pro-collagen-marine-cream-50ml\/","title":{"rendered":"Elemis Pro-Collagen Marine Cream 50ml"},"content":{"rendered":"<p>Tehokas kasvovoide, jolla on ik\u00e4\u00e4ntymist\u00e4 est\u00e4vi\u00e4 ominaisuuksia. Kiinteytt\u00e4\u00e4, tasoittaa ja kosteuttaa. V\u00e4hent\u00e4\u00e4 ryppyjen syvyytt\u00e4 ja ehk\u00e4isee uusien syntymist\u00e4. Vahvistaa ihon joustavuutta, parantaa kiinteytt\u00e4 ja kimmoisuutta. S\u00e4ilytt\u00e4\u00e4 ihon kosteutta, edist\u00e4\u00e4 solujen uusiutumista ja v\u00e4hent\u00e4\u00e4 n\u00e4kyvi\u00e4 ik\u00e4\u00e4ntymisen merkkej\u00e4. rypyt. Elemisin \u00e4\u00e4rimm\u00e4inen ryppyj\u00e4 ehk\u00e4isev\u00e4 voide.<\/p>\n<p>&nbsp;K\u00e4ytt\u00f6: Levit\u00e4 herneen kokoinen m\u00e4\u00e4r\u00e4 k\u00e4siisi ja l\u00e4mmit\u00e4. Levit\u00e4 voidetta varovasti; kasvoille, kaulalle ja dekolteelle.<\/p>\n","protected":false},"excerpt":{"rendered":"<p>Tehokas kasvovoide, jolla on ik\u00e4\u00e4ntymist\u00e4 est\u00e4vi\u00e4 ominaisuuksia. Kiinteytt\u00e4\u00e4, tasoittaa ja kosteuttaa. V\u00e4hent\u00e4\u00e4 ryppyjen syvyytt\u00e4 ja ehk\u00e4isee uusien syntymist\u00e4. Vahvistaa ihon joustavuutta, parantaa kiinteytt\u00e4 ja kimmoisuutta. S\u00e4ilytt\u00e4\u00e4 ihon kosteutta, edist\u00e4\u00e4 solujen uusiutumista ja v\u00e4hent\u00e4\u00e4 n\u00e4kyvi\u00e4 ik\u00e4\u00e4ntymisen merkkej\u00e4. rypyt. Elemisin \u00e4\u00e4rimm\u00e4inen ryppyj\u00e4 ehk\u00e4isev\u00e4 voide. &nbsp;K\u00e4ytt\u00f6: Levit\u00e4 herneen kokoinen m\u00e4\u00e4r\u00e4 k\u00e4siisi ja l\u00e4mmit\u00e4. Levit\u00e4 voidetta varovasti; kasvoille, kaulalle [&hellip;]<\/p>\n","protected":false},"featured_media":112304,"comment_status":"open","ping_status":"closed","template":"","meta":{"_trash_the_other_posts":false},"product_brand":[],"product_cat":[584,559,1003],"product_tag":[2855],"berocket_brand":[1301],"class_list":{"0":"post-112323","1":"product","2":"type-product","3":"status-publish","4":"has-post-thumbnail","6":"product_cat-anti-age","7":"product_cat-ansiktskrem","8":"product_cat-myydyimmat","9":"product_tag-elemis-pro-collagen-marine-cream","10":"pa_brand-elemis","11":"pa_variantti-50ml","12":"berocket_brand-elemis","14":"first","15":"outofstock","16":"sale","17":"taxable","18":"shipping-taxable","19":"purchasable","20":"product-type-simple"},"_links":{"self":[{"href":"https:\/\/stylingagenten.com\/fi\/wp-json\/wp\/v2\/product\/112323","targetHints":{"allow":["GET"]}}],"collection":[{"href":"https:\/\/stylingagenten.com\/fi\/wp-json\/wp\/v2\/product"}],"about":[{"href":"https:\/\/stylingagenten.com\/fi\/wp-json\/wp\/v2\/types\/product"}],"replies":[{"embeddable":true,"href":"https:\/\/stylingagenten.com\/fi\/wp-json\/wp\/v2\/comments?post=112323"}],"version-history":[{"count":0,"href":"https:\/\/stylingagenten.com\/fi\/wp-json\/wp\/v2\/product\/112323\/revisions"}],"wp:featuredmedia":[{"embeddable":true,"href":"https:\/\/stylingagenten.com\/fi\/wp-json\/wp\/v2\/media\/112304"}],"wp:attachment":[{"href":"https:\/\/stylingagenten.com\/fi\/wp-json\/wp\/v2\/media?parent=112323"}],"wp:term":[{"taxonomy":"product_brand","embeddable":true,"href":"https:\/\/stylingagenten.com\/fi\/wp-json\/wp\/v2\/product_brand?post=112323"},{"taxonomy":"product_cat","embeddable":true,"href":"https:\/\/stylingagenten.com\/fi\/wp-json\/wp\/v2\/product_cat?post=112323"},{"taxonomy":"product_tag","embeddable":true,"href":"https:\/\/stylingagenten.com\/fi\/wp-json\/wp\/v2\/product_tag?post=112323"},{"taxonomy":"berocket_brand","embeddable":true,"href":"https:\/\/stylingagenten.com\/fi\/wp-json\/wp\/v2\/berocket_brand?post=112323"}],"curies":[{"name":"wp","href":"https:\/\/api.w.org\/{rel}","templated":true}]}}