{"id":112211,"date":"2025-05-18T21:00:59","date_gmt":"2025-05-18T21:00:59","guid":{"rendered":"https:\/\/staging2.stylingagenten.com\/fi\/produkt\/filorga-oxygen-glow-cream-50-ml\/"},"modified":"2026-04-14T07:09:16","modified_gmt":"2026-04-14T07:09:16","slug":"filorga-oxygen-glow-cream-50-ml","status":"publish","type":"product","link":"https:\/\/stylingagenten.com\/fi\/tuote\/filorga-oxygen-glow-cream-50-ml\/","title":{"rendered":"Filorga Oxygen-Glow Cream 50 ml"},"content":{"rendered":"<p>Voima, joka lis\u00e4\u00e4 hehkua luonnollisesti kauniille iholle. Kosteuttaa, pehment\u00e4\u00e4, tasoittaa ihon pintaa ja s\u00e4vy\u00e4 sek\u00e4 puhdistaa ihon myrkkyj\u00e4. Yhdistelm\u00e4 energisoivasta happitehostimesta, kosteuttavasta ja volyymipitoisesta hyaluronihaposta sek\u00e4 tyhjent\u00e4v\u00e4st\u00e4 L-entsyymist\u00e4 tarjoaa virheett\u00f6m\u00e4n ihon joka p\u00e4iv\u00e4. Sopii kaikille ihotyypeille, ep\u00e4tasaiselle ihopinnalle ja kosteusk\u00f6yh\u00e4lle iholle.<\/p>\n<p>-Poista ihoa ja antaa v\u00e4litt\u00f6m\u00e4sti hehkua<br \/>-&Aring;kosteuttaa ja pehment\u00e4\u00e4<br \/> &#8211; Tasoittaa ihon pintaa ja ihon s\u00e4vy\u00e4 <\/p>\n","protected":false},"excerpt":{"rendered":"<p>Voima, joka lis\u00e4\u00e4 hehkua luonnollisesti kauniille iholle. Kosteuttaa, pehment\u00e4\u00e4, tasoittaa ihon pintaa ja s\u00e4vy\u00e4 sek\u00e4 puhdistaa ihon myrkkyj\u00e4. Yhdistelm\u00e4 energisoivasta happitehostimesta, kosteuttavasta ja volyymipitoisesta hyaluronihaposta sek\u00e4 tyhjent\u00e4v\u00e4st\u00e4 L-entsyymist\u00e4 tarjoaa virheett\u00f6m\u00e4n ihon joka p\u00e4iv\u00e4. Sopii kaikille ihotyypeille, ep\u00e4tasaiselle ihopinnalle ja kosteusk\u00f6yh\u00e4lle iholle. -Poista ihoa ja antaa v\u00e4litt\u00f6m\u00e4sti hehkua-&Aring;kosteuttaa ja pehment\u00e4\u00e4 &#8211; Tasoittaa ihon pintaa ja ihon [&hellip;]<\/p>\n","protected":false},"featured_media":112188,"comment_status":"open","ping_status":"closed","template":"","meta":{"_trash_the_other_posts":false},"product_brand":[],"product_cat":[559],"product_tag":[],"berocket_brand":[1317],"class_list":{"0":"post-112211","1":"product","2":"type-product","3":"status-publish","4":"has-post-thumbnail","6":"product_cat-ansiktskrem","7":"pa_brand-filorga","8":"berocket_brand-filorga","10":"first","11":"instock","12":"sale","13":"taxable","14":"shipping-taxable","15":"purchasable","16":"product-type-simple"},"_links":{"self":[{"href":"https:\/\/stylingagenten.com\/fi\/wp-json\/wp\/v2\/product\/112211","targetHints":{"allow":["GET"]}}],"collection":[{"href":"https:\/\/stylingagenten.com\/fi\/wp-json\/wp\/v2\/product"}],"about":[{"href":"https:\/\/stylingagenten.com\/fi\/wp-json\/wp\/v2\/types\/product"}],"replies":[{"embeddable":true,"href":"https:\/\/stylingagenten.com\/fi\/wp-json\/wp\/v2\/comments?post=112211"}],"version-history":[{"count":0,"href":"https:\/\/stylingagenten.com\/fi\/wp-json\/wp\/v2\/product\/112211\/revisions"}],"wp:featuredmedia":[{"embeddable":true,"href":"https:\/\/stylingagenten.com\/fi\/wp-json\/wp\/v2\/media\/112188"}],"wp:attachment":[{"href":"https:\/\/stylingagenten.com\/fi\/wp-json\/wp\/v2\/media?parent=112211"}],"wp:term":[{"taxonomy":"product_brand","embeddable":true,"href":"https:\/\/stylingagenten.com\/fi\/wp-json\/wp\/v2\/product_brand?post=112211"},{"taxonomy":"product_cat","embeddable":true,"href":"https:\/\/stylingagenten.com\/fi\/wp-json\/wp\/v2\/product_cat?post=112211"},{"taxonomy":"product_tag","embeddable":true,"href":"https:\/\/stylingagenten.com\/fi\/wp-json\/wp\/v2\/product_tag?post=112211"},{"taxonomy":"berocket_brand","embeddable":true,"href":"https:\/\/stylingagenten.com\/fi\/wp-json\/wp\/v2\/berocket_brand?post=112211"}],"curies":[{"name":"wp","href":"https:\/\/api.w.org\/{rel}","templated":true}]}}