{"id":112203,"date":"2025-05-18T21:00:59","date_gmt":"2025-05-18T21:00:59","guid":{"rendered":"https:\/\/staging2.stylingagenten.com\/fi\/produkt\/elizabeth-arden-eight-hour-cream-skin-protectant-lightly-scented-50ml\/"},"modified":"2026-04-10T06:59:13","modified_gmt":"2026-04-10T06:59:13","slug":"elizabeth-arden-eight-hour-cream-skin-protectant-lightly-scented-50ml","status":"publish","type":"product","link":"https:\/\/stylingagenten.com\/fi\/tuote\/elizabeth-arden-eight-hour-cream-skin-protectant-lightly-scented-50ml\/","title":{"rendered":"Elizabeth Arden Eight Hour Cream Skin Protectant Lightly Scented 50ml"},"content":{"rendered":"<p>Eight Hour Cream Skin Protectant on kulttiksi julistettu ihonhoitoklassikko, joka rauhoittaa, palauttaa ja ravitsee kuivaa, halkeilevaa ihoa. Tekee kovasta ihosta pehme\u00e4mm\u00e4n, minimoi punoituksen ja ehk\u00e4isee pient\u00e4 iho\u00e4rsytyst\u00e4. Suojaa, rauhoittaa ja kosteuttaa ihoa. Auttaa kuivaa ihoa ja tarjoaa anti-inflammatorisia ominaisuuksia. Auttaa pieniin naarmuihin ja auringonpolttoon. Skin Protectant Lightly Scented ei sis\u00e4ll\u00e4 hajustetta, vaan sen sijaan sis\u00e4lt\u00e4\u00e4 eteerisi\u00e4 \u00f6ljyj\u00e4, jotka antavat miedon, karvaisen vaniljan tuoksun.<\/p>\n<p><strong>K\u00e4ytt\u00f6:<\/strong><br \/>K\u00e4ytet\u00e4\u00e4n p\u00e4ivitt\u00e4in tarvittaessa. V\u00e4lt\u00e4 kosketusta &ouml;goniin.<\/p>\n","protected":false},"excerpt":{"rendered":"<p>Eight Hour Cream Skin Protectant on kulttiksi julistettu ihonhoitoklassikko, joka rauhoittaa, palauttaa ja ravitsee kuivaa, halkeilevaa ihoa. Tekee kovasta ihosta pehme\u00e4mm\u00e4n, minimoi punoituksen ja ehk\u00e4isee pient\u00e4 iho\u00e4rsytyst\u00e4. Suojaa, rauhoittaa ja kosteuttaa ihoa. Auttaa kuivaa ihoa ja tarjoaa anti-inflammatorisia ominaisuuksia. Auttaa pieniin naarmuihin ja auringonpolttoon. Skin Protectant Lightly Scented ei sis\u00e4ll\u00e4 hajustetta, vaan sen sijaan sis\u00e4lt\u00e4\u00e4 [&hellip;]<\/p>\n","protected":false},"featured_media":112194,"comment_status":"open","ping_status":"closed","template":"","meta":{"_trash_the_other_posts":false},"product_brand":[],"product_cat":[559],"product_tag":[],"berocket_brand":[1303],"class_list":{"0":"post-112203","1":"product","2":"type-product","3":"status-publish","4":"has-post-thumbnail","6":"product_cat-ansiktskrem","7":"pa_brand-elizabeth-arden","8":"berocket_brand-elizabeth-arden","10":"first","11":"instock","12":"sale","13":"taxable","14":"shipping-taxable","15":"purchasable","16":"product-type-simple"},"_links":{"self":[{"href":"https:\/\/stylingagenten.com\/fi\/wp-json\/wp\/v2\/product\/112203","targetHints":{"allow":["GET"]}}],"collection":[{"href":"https:\/\/stylingagenten.com\/fi\/wp-json\/wp\/v2\/product"}],"about":[{"href":"https:\/\/stylingagenten.com\/fi\/wp-json\/wp\/v2\/types\/product"}],"replies":[{"embeddable":true,"href":"https:\/\/stylingagenten.com\/fi\/wp-json\/wp\/v2\/comments?post=112203"}],"version-history":[{"count":0,"href":"https:\/\/stylingagenten.com\/fi\/wp-json\/wp\/v2\/product\/112203\/revisions"}],"wp:featuredmedia":[{"embeddable":true,"href":"https:\/\/stylingagenten.com\/fi\/wp-json\/wp\/v2\/media\/112194"}],"wp:attachment":[{"href":"https:\/\/stylingagenten.com\/fi\/wp-json\/wp\/v2\/media?parent=112203"}],"wp:term":[{"taxonomy":"product_brand","embeddable":true,"href":"https:\/\/stylingagenten.com\/fi\/wp-json\/wp\/v2\/product_brand?post=112203"},{"taxonomy":"product_cat","embeddable":true,"href":"https:\/\/stylingagenten.com\/fi\/wp-json\/wp\/v2\/product_cat?post=112203"},{"taxonomy":"product_tag","embeddable":true,"href":"https:\/\/stylingagenten.com\/fi\/wp-json\/wp\/v2\/product_tag?post=112203"},{"taxonomy":"berocket_brand","embeddable":true,"href":"https:\/\/stylingagenten.com\/fi\/wp-json\/wp\/v2\/berocket_brand?post=112203"}],"curies":[{"name":"wp","href":"https:\/\/api.w.org\/{rel}","templated":true}]}}