{"id":112180,"date":"2025-05-18T21:00:56","date_gmt":"2025-05-18T21:00:56","guid":{"rendered":"https:\/\/staging2.stylingagenten.com\/fi\/produkt\/filorga-hydra-hyal-cream-50ml\/"},"modified":"2026-02-08T18:05:30","modified_gmt":"2026-02-08T18:05:30","slug":"filorga-hydra-hyal-cream-50ml","status":"publish","type":"product","link":"https:\/\/stylingagenten.com\/fi\/tuote\/filorga-hydra-hyal-cream-50ml\/","title":{"rendered":"Filorga Hydra-Hyal Cream 50ml"},"content":{"rendered":"<p>HYDRA-HYAL CREAM on intensiivisesti kosteuttava ja volyymia lis\u00e4\u00e4v\u00e4 p\u00e4iv\u00e4- ja y\u00f6voide, joka sis\u00e4lt\u00e4\u00e4 5 erilaista hyaluronihappoa, jotka v\u00e4hent\u00e4v\u00e4t juonteita, silottavat ja antavat iholle runsaan t\u00e4ytel\u00e4isyyden. <br \/>Kermainen ja raikas rakenne antaa miellytt\u00e4v\u00e4n tunteen ja sopii t\u00e4ydellisesti normaalille ja kuivalle iholle. Kliinisesti todistettu tehokkuus ja dermatologisesti testattu.<\/p>\n<p>&bull; Syv\u00e4kosteuttava voide, jossa on 5 erilaista hyaluronihappoa<br \/>&bull; V\u00e4hent\u00e4\u00e4 hienoja juonteita, tasoittaa ja antaa t\u00e4ytel\u00e4isyyden<br \/>&bull; Sopii normaalille ja kuivalle iholle<br \/>&bull; Kliinisesti todistettu tehokkuus<br \/>&bull; Dermatologisesti testattu<\/p>\n<p>5 erilaista hyaluronihappoa (verkkomaiset, kapseloidut, matala-keski- ja suuripainoiset molekyylit) kosteuttavat, silottavat ja t\u00e4ytt\u00e4v\u00e4t ihon.<\/p>\n","protected":false},"excerpt":{"rendered":"<p>HYDRA-HYAL CREAM on intensiivisesti kosteuttava ja volyymia lis\u00e4\u00e4v\u00e4 p\u00e4iv\u00e4- ja y\u00f6voide, joka sis\u00e4lt\u00e4\u00e4 5 erilaista hyaluronihappoa, jotka v\u00e4hent\u00e4v\u00e4t juonteita, silottavat ja antavat iholle runsaan t\u00e4ytel\u00e4isyyden. Kermainen ja raikas rakenne antaa miellytt\u00e4v\u00e4n tunteen ja sopii t\u00e4ydellisesti normaalille ja kuivalle iholle. Kliinisesti todistettu tehokkuus ja dermatologisesti testattu. &bull; Syv\u00e4kosteuttava voide, jossa on 5 erilaista hyaluronihappoa&bull; V\u00e4hent\u00e4\u00e4 hienoja [&hellip;]<\/p>\n","protected":false},"featured_media":112173,"comment_status":"open","ping_status":"closed","template":"","meta":{"_trash_the_other_posts":false},"product_brand":[],"product_cat":[559],"product_tag":[],"berocket_brand":[1317],"class_list":{"0":"post-112180","1":"product","2":"type-product","3":"status-publish","4":"has-post-thumbnail","6":"product_cat-ansiktskrem","7":"pa_brand-filorga","8":"berocket_brand-filorga","10":"first","11":"instock","12":"sale","13":"taxable","14":"shipping-taxable","15":"purchasable","16":"product-type-simple"},"_links":{"self":[{"href":"https:\/\/stylingagenten.com\/fi\/wp-json\/wp\/v2\/product\/112180","targetHints":{"allow":["GET"]}}],"collection":[{"href":"https:\/\/stylingagenten.com\/fi\/wp-json\/wp\/v2\/product"}],"about":[{"href":"https:\/\/stylingagenten.com\/fi\/wp-json\/wp\/v2\/types\/product"}],"replies":[{"embeddable":true,"href":"https:\/\/stylingagenten.com\/fi\/wp-json\/wp\/v2\/comments?post=112180"}],"version-history":[{"count":0,"href":"https:\/\/stylingagenten.com\/fi\/wp-json\/wp\/v2\/product\/112180\/revisions"}],"wp:featuredmedia":[{"embeddable":true,"href":"https:\/\/stylingagenten.com\/fi\/wp-json\/wp\/v2\/media\/112173"}],"wp:attachment":[{"href":"https:\/\/stylingagenten.com\/fi\/wp-json\/wp\/v2\/media?parent=112180"}],"wp:term":[{"taxonomy":"product_brand","embeddable":true,"href":"https:\/\/stylingagenten.com\/fi\/wp-json\/wp\/v2\/product_brand?post=112180"},{"taxonomy":"product_cat","embeddable":true,"href":"https:\/\/stylingagenten.com\/fi\/wp-json\/wp\/v2\/product_cat?post=112180"},{"taxonomy":"product_tag","embeddable":true,"href":"https:\/\/stylingagenten.com\/fi\/wp-json\/wp\/v2\/product_tag?post=112180"},{"taxonomy":"berocket_brand","embeddable":true,"href":"https:\/\/stylingagenten.com\/fi\/wp-json\/wp\/v2\/berocket_brand?post=112180"}],"curies":[{"name":"wp","href":"https:\/\/api.w.org\/{rel}","templated":true}]}}