{"id":112054,"date":"2025-05-18T21:00:37","date_gmt":"2025-05-18T21:00:37","guid":{"rendered":"https:\/\/staging2.stylingagenten.com\/fi\/produkt\/elizabeth-arden-visible-difference-replenishing-hydragel-75ml\/"},"modified":"2026-03-16T17:47:45","modified_gmt":"2026-03-16T17:47:45","slug":"elizabeth-arden-visible-difference-replenishing-hydragel-75ml","status":"publish","type":"product","link":"https:\/\/stylingagenten.com\/fi\/tuote\/elizabeth-arden-visible-difference-replenishing-hydragel-75ml\/","title":{"rendered":"Elizabeth Arden Visible Difference Replenishing Hydragel 75ml"},"content":{"rendered":"<p>\u00d6ljyt\u00f6n geelivoide, joka kosteuttaa ihoa syv\u00e4sti. Iho tuntuu pehme\u00e4lt\u00e4 ja uudistuneelta. Hyaluronihappo kapseloi kosteutta ihoon, kun taas kasviuutteet supistavat huokosia ja kiinteytt\u00e4v\u00e4t ihon rakennetta. <\/p>\n<p>Sopii kaikille ihotyypeille. <\/p>\n<p>75 ml<\/p>\n","protected":false},"excerpt":{"rendered":"<p>\u00d6ljyt\u00f6n geelivoide, joka kosteuttaa ihoa syv\u00e4sti. Iho tuntuu pehme\u00e4lt\u00e4 ja uudistuneelta. Hyaluronihappo kapseloi kosteutta ihoon, kun taas kasviuutteet supistavat huokosia ja kiinteytt\u00e4v\u00e4t ihon rakennetta. Sopii kaikille ihotyypeille. 75 ml<\/p>\n","protected":false},"featured_media":112045,"comment_status":"open","ping_status":"closed","template":"","meta":{"_trash_the_other_posts":false},"product_brand":[],"product_cat":[559],"product_tag":[],"berocket_brand":[1303],"class_list":{"0":"post-112054","1":"product","2":"type-product","3":"status-publish","4":"has-post-thumbnail","6":"product_cat-ansiktskrem","7":"pa_brand-elizabeth-arden","8":"berocket_brand-elizabeth-arden","10":"first","11":"instock","12":"sale","13":"taxable","14":"shipping-taxable","15":"purchasable","16":"product-type-simple"},"_links":{"self":[{"href":"https:\/\/stylingagenten.com\/fi\/wp-json\/wp\/v2\/product\/112054","targetHints":{"allow":["GET"]}}],"collection":[{"href":"https:\/\/stylingagenten.com\/fi\/wp-json\/wp\/v2\/product"}],"about":[{"href":"https:\/\/stylingagenten.com\/fi\/wp-json\/wp\/v2\/types\/product"}],"replies":[{"embeddable":true,"href":"https:\/\/stylingagenten.com\/fi\/wp-json\/wp\/v2\/comments?post=112054"}],"version-history":[{"count":0,"href":"https:\/\/stylingagenten.com\/fi\/wp-json\/wp\/v2\/product\/112054\/revisions"}],"wp:featuredmedia":[{"embeddable":true,"href":"https:\/\/stylingagenten.com\/fi\/wp-json\/wp\/v2\/media\/112045"}],"wp:attachment":[{"href":"https:\/\/stylingagenten.com\/fi\/wp-json\/wp\/v2\/media?parent=112054"}],"wp:term":[{"taxonomy":"product_brand","embeddable":true,"href":"https:\/\/stylingagenten.com\/fi\/wp-json\/wp\/v2\/product_brand?post=112054"},{"taxonomy":"product_cat","embeddable":true,"href":"https:\/\/stylingagenten.com\/fi\/wp-json\/wp\/v2\/product_cat?post=112054"},{"taxonomy":"product_tag","embeddable":true,"href":"https:\/\/stylingagenten.com\/fi\/wp-json\/wp\/v2\/product_tag?post=112054"},{"taxonomy":"berocket_brand","embeddable":true,"href":"https:\/\/stylingagenten.com\/fi\/wp-json\/wp\/v2\/berocket_brand?post=112054"}],"curies":[{"name":"wp","href":"https:\/\/api.w.org\/{rel}","templated":true}]}}