{"id":112022,"date":"2025-05-18T21:00:32","date_gmt":"2025-05-18T21:00:32","guid":{"rendered":"https:\/\/staging2.stylingagenten.com\/fi\/produkt\/filorga-age-purify-cream-50ml\/"},"modified":"2026-04-07T06:38:47","modified_gmt":"2026-04-07T06:38:47","slug":"filorga-age-purify-cream-50ml","status":"publish","type":"product","link":"https:\/\/stylingagenten.com\/fi\/tuote\/filorga-age-purify-cream-50ml\/","title":{"rendered":"Filorga Age-Purify Cream 50ml"},"content":{"rendered":"<p>Kaksoiskorjaava voide ep\u00e4tasapainoiselle iholle, jossa on hienoja juonteita. Esteettisen l\u00e4\u00e4ketieteen ja dermatologian asiantuntijoiden kehitt\u00e4m\u00e4 tuote tasaisempaan ja kirkkaampaan ihoon.<\/p>\n<p>Tekee ryppyj\u00e4, juonteita ja ep\u00e4tasapainoista ihoa vastaan \u200b\u200bsek\u00e4 suojaa saasteelta. Siin\u00e4 on mattapintainen ja kosteuttava koostumus, joka sopii sekaiholle tai rasvaiselle ep\u00e4tasapainoiselle iholle.<\/p>\n<p>&#8211; Korjaa ryppyj\u00e4 ja juonteita<br \/>&#8211; Tasapainottaa ihoa<br \/>&#8211; Suojaa saasteelta<\/p>\n<p>HYALURO-YOUTH CX [hyaluronihappo + peptidi + glykopeptidi] on t\u00e4ytel\u00e4inen ja tasoittava vaikutus ryppyjen ja juonteiden korjaamiseen.<\/p>\n<p>DERMO-RESCUE CX [5 mikrokuorintahappoa + sinkki + kasviuute] korjaa ep\u00e4puhtauksia ja ep\u00e4tasapainoista ihoa . Suojaavat polysakkaridit suojaavat ihoa ja hylkiv\u00e4t saasteita.<\/p>\n<p>Kauneusvinkkej\u00e4! T\u00e4ydellinen k\u00e4ytett\u00e4v\u00e4ksi aikoina, jolloin iho on alttiina saasteille ihon suojaamiseksi ja puhdistamiseksi.<\/p>\n","protected":false},"excerpt":{"rendered":"<p>Kaksoiskorjaava voide ep\u00e4tasapainoiselle iholle, jossa on hienoja juonteita. Esteettisen l\u00e4\u00e4ketieteen ja dermatologian asiantuntijoiden kehitt\u00e4m\u00e4 tuote tasaisempaan ja kirkkaampaan ihoon. Tekee ryppyj\u00e4, juonteita ja ep\u00e4tasapainoista ihoa vastaan \u200b\u200bsek\u00e4 suojaa saasteelta. Siin\u00e4 on mattapintainen ja kosteuttava koostumus, joka sopii sekaiholle tai rasvaiselle ep\u00e4tasapainoiselle iholle. &#8211; Korjaa ryppyj\u00e4 ja juonteita&#8211; Tasapainottaa ihoa&#8211; Suojaa saasteelta HYALURO-YOUTH CX [hyaluronihappo + [&hellip;]<\/p>\n","protected":false},"featured_media":112016,"comment_status":"open","ping_status":"closed","template":"","meta":{"_trash_the_other_posts":false},"product_brand":[],"product_cat":[559],"product_tag":[2913],"berocket_brand":[1317],"class_list":{"0":"post-112022","1":"product","2":"type-product","3":"status-publish","4":"has-post-thumbnail","6":"product_cat-ansiktskrem","7":"product_tag-filorga-age-purify-cream","8":"pa_brand-filorga","9":"pa_variantti-50ml","10":"berocket_brand-filorga","12":"first","13":"instock","14":"sale","15":"taxable","16":"shipping-taxable","17":"purchasable","18":"product-type-simple"},"_links":{"self":[{"href":"https:\/\/stylingagenten.com\/fi\/wp-json\/wp\/v2\/product\/112022","targetHints":{"allow":["GET"]}}],"collection":[{"href":"https:\/\/stylingagenten.com\/fi\/wp-json\/wp\/v2\/product"}],"about":[{"href":"https:\/\/stylingagenten.com\/fi\/wp-json\/wp\/v2\/types\/product"}],"replies":[{"embeddable":true,"href":"https:\/\/stylingagenten.com\/fi\/wp-json\/wp\/v2\/comments?post=112022"}],"version-history":[{"count":0,"href":"https:\/\/stylingagenten.com\/fi\/wp-json\/wp\/v2\/product\/112022\/revisions"}],"wp:featuredmedia":[{"embeddable":true,"href":"https:\/\/stylingagenten.com\/fi\/wp-json\/wp\/v2\/media\/112016"}],"wp:attachment":[{"href":"https:\/\/stylingagenten.com\/fi\/wp-json\/wp\/v2\/media?parent=112022"}],"wp:term":[{"taxonomy":"product_brand","embeddable":true,"href":"https:\/\/stylingagenten.com\/fi\/wp-json\/wp\/v2\/product_brand?post=112022"},{"taxonomy":"product_cat","embeddable":true,"href":"https:\/\/stylingagenten.com\/fi\/wp-json\/wp\/v2\/product_cat?post=112022"},{"taxonomy":"product_tag","embeddable":true,"href":"https:\/\/stylingagenten.com\/fi\/wp-json\/wp\/v2\/product_tag?post=112022"},{"taxonomy":"berocket_brand","embeddable":true,"href":"https:\/\/stylingagenten.com\/fi\/wp-json\/wp\/v2\/berocket_brand?post=112022"}],"curies":[{"name":"wp","href":"https:\/\/api.w.org\/{rel}","templated":true}]}}