{"id":112004,"date":"2025-05-18T21:00:30","date_gmt":"2025-05-18T21:00:30","guid":{"rendered":"https:\/\/staging2.stylingagenten.com\/fi\/produkt\/elizabeth-arden-white-tea-skin-purifying-cleanser-125-ml\/"},"modified":"2025-11-19T12:28:45","modified_gmt":"2025-11-19T12:28:45","slug":"elizabeth-arden-white-tea-skin-purifying-cleanser-125-ml","status":"publish","type":"product","link":"https:\/\/stylingagenten.com\/fi\/tuote\/elizabeth-arden-white-tea-skin-purifying-cleanser-125-ml\/","title":{"rendered":"Elizabeth Arden White Tea Skin Purifying Cleanser 125 ml"},"content":{"rendered":"<p>Elizabeth Arden White Tea Skin Purifying Cleanser 125 ml<br \/>White Tea Skin Solutions on Elizabeth Ardenin vegaaninen ihonhoitosarja, joka on luotu valkoisessa teess\u00e4 olevasta voimakkaasta antioksidanttisesta EGCG:st\u00e4, joka antaa iholle nuorekasta elinvoimaa ja vahvistaa ihon puolustuskyky\u00e4. Jokainen kaava on huolellisesti suunniteltu EGCG:ll\u00e4, biotekniikalla, joka vahvistaa ihon luonnollista kollageenia vain 6 tunnissa. Koe aistinvaraiset koostumukset ja puhtaat koostumukset kest\u00e4v\u00e4sti tuotettujen ainesosien ja pakkausten avulla. Hell\u00e4varainen ihonhoito, joka sopii kaikille &#8211; my\u00f6s niille, joilla on herkk\u00e4 iho.<br \/>&#8211;<br \/>White Tea Skin Solutions Gentle Purifying Cleanser on rikastettu antioksidanttirikkaalla EGCG:ll\u00e4*, joka poistaa tehokkaasti meikin, ep\u00e4puhtaudet ja ylim\u00e4\u00e4r\u00e4isen talin. T\u00e4m\u00e4 virkist\u00e4v\u00e4 puhdistusgeeli on my\u00f6s rikastettu puhdistavalla myrtill\u00e4, joka j\u00e4tt\u00e4\u00e4 ihosi pehme\u00e4ksi ja raikkaaksi poistamatta v\u00e4ltt\u00e4m\u00e4t\u00f6nt\u00e4 kosteutta. Iho tuntuu v\u00e4litt\u00f6m\u00e4sti rauhallisemmalta ja tasapainoisemmalta sek\u00e4 n\u00e4kyv\u00e4sti s\u00e4teilev\u00e4mm\u00e4lt\u00e4 ja terveemm\u00e4lt\u00e4** Puhdistusaine sopii kaikille ihotyypeille, my\u00f6s herk\u00e4lle iholle. Vegaaninen koostumus.<br \/>&#8211;<br \/>* Epigallokatekiinigallaattiglukosidi, aktiivinen molekyyli valkoisessa teess\u00e4.<br \/>** Perustuu 34 naisen, i\u00e4lt\u00e4\u00e4n 25\u201360 vuoden ik\u00e4isen ensimm\u00e4isen k\u00e4ytt\u00f6kerran j\u00e4lkeen, instrumentaaliseen arviointiin, mukaan lukien herk\u00e4n ihon omaavat naiset .<\/p>\n","protected":false},"excerpt":{"rendered":"<p>Elizabeth Arden White Tea Skin Purifying Cleanser 125 mlWhite Tea Skin Solutions on Elizabeth Ardenin vegaaninen ihonhoitosarja, joka on luotu valkoisessa teess\u00e4 olevasta voimakkaasta antioksidanttisesta EGCG:st\u00e4, joka antaa iholle nuorekasta elinvoimaa ja vahvistaa ihon puolustuskyky\u00e4. Jokainen kaava on huolellisesti suunniteltu EGCG:ll\u00e4, biotekniikalla, joka vahvistaa ihon luonnollista kollageenia vain 6 tunnissa. Koe aistinvaraiset koostumukset ja puhtaat [&hellip;]<\/p>\n","protected":false},"featured_media":111992,"comment_status":"open","ping_status":"closed","template":"","meta":{"_trash_the_other_posts":false},"product_brand":[],"product_cat":[609],"product_tag":[],"berocket_brand":[1303],"class_list":{"0":"post-112004","1":"product","2":"type-product","3":"status-publish","4":"has-post-thumbnail","6":"product_cat-kasvojen-puhdistus","7":"pa_brand-elizabeth-arden","8":"berocket_brand-elizabeth-arden","10":"first","11":"instock","12":"sale","13":"taxable","14":"shipping-taxable","15":"purchasable","16":"product-type-simple"},"_links":{"self":[{"href":"https:\/\/stylingagenten.com\/fi\/wp-json\/wp\/v2\/product\/112004","targetHints":{"allow":["GET"]}}],"collection":[{"href":"https:\/\/stylingagenten.com\/fi\/wp-json\/wp\/v2\/product"}],"about":[{"href":"https:\/\/stylingagenten.com\/fi\/wp-json\/wp\/v2\/types\/product"}],"replies":[{"embeddable":true,"href":"https:\/\/stylingagenten.com\/fi\/wp-json\/wp\/v2\/comments?post=112004"}],"version-history":[{"count":0,"href":"https:\/\/stylingagenten.com\/fi\/wp-json\/wp\/v2\/product\/112004\/revisions"}],"wp:featuredmedia":[{"embeddable":true,"href":"https:\/\/stylingagenten.com\/fi\/wp-json\/wp\/v2\/media\/111992"}],"wp:attachment":[{"href":"https:\/\/stylingagenten.com\/fi\/wp-json\/wp\/v2\/media?parent=112004"}],"wp:term":[{"taxonomy":"product_brand","embeddable":true,"href":"https:\/\/stylingagenten.com\/fi\/wp-json\/wp\/v2\/product_brand?post=112004"},{"taxonomy":"product_cat","embeddable":true,"href":"https:\/\/stylingagenten.com\/fi\/wp-json\/wp\/v2\/product_cat?post=112004"},{"taxonomy":"product_tag","embeddable":true,"href":"https:\/\/stylingagenten.com\/fi\/wp-json\/wp\/v2\/product_tag?post=112004"},{"taxonomy":"berocket_brand","embeddable":true,"href":"https:\/\/stylingagenten.com\/fi\/wp-json\/wp\/v2\/berocket_brand?post=112004"}],"curies":[{"name":"wp","href":"https:\/\/api.w.org\/{rel}","templated":true}]}}