{"id":111872,"date":"2025-05-18T21:00:12","date_gmt":"2025-05-18T21:00:12","guid":{"rendered":"https:\/\/staging2.stylingagenten.com\/fi\/produkt\/purito-wonder-releaf-centella-cream-unscented-50ml\/"},"modified":"2026-02-12T13:46:26","modified_gmt":"2026-02-12T13:46:26","slug":"purito-wonder-releaf-centella-cream-unscented-50ml","status":"publish","type":"product","link":"https:\/\/stylingagenten.com\/fi\/tuote\/purito-wonder-releaf-centella-cream-unscented-50ml\/","title":{"rendered":"Purito Wonder Releaf Centella Cream Unscented 50ml"},"content":{"rendered":"<p>Purito Wonder Releaf Centella Cream Unscented &#8211; avain terveelliseen ja elinvoimaiseen ihoon ilman tuoksuja, jotka voivat \u00e4rsytt\u00e4\u00e4 herkk\u00e4\u00e4 ihoa.<\/p>\n<p>T\u00e4m\u00e4 eritt\u00e4in tiivistetty kasvovoide on rikastettu jopa 50%: lla Centella Asiatica -uutetta, joka rauhoittaa ja vahvistaa ihon suojakerrosta samalla antaen syv\u00e4\u00e4 kosteutusta ja kimmoisuutta iholle. Voide imeytyy hell\u00e4varaisesti ihoon s\u00e4ilytt\u00e4en vesi- ja \u00f6ljy tasapainon iholla.<\/p>\n<p>Erityisesti suunniteltu rauhoittamaan ja kosteuttamaan \u00e4rtynytt\u00e4 ihoa, t\u00e4m\u00e4 voide on pelastaja punoitusta ja ep\u00e4puhtauksia vastaan. Sis\u00e4lt\u00e4en ainesosia kuten skvaleenia\u00f6ljy\u00e4, hyaluronihappoa, E-vitamiinia ja keramideja, se rakentaa ja vahvistaa ihon luonnollista suojakerrosta, tuoden kirkkaamman ja kest\u00e4v\u00e4mm\u00e4n ihon.<\/p>\n<p>Valmistettu luomulaatuisista EWG-hyv\u00e4ksytyist\u00e4 ainesosista ja tarkasti testattu ihon \u00e4rsytyksen varalta, t\u00e4m\u00e4 voide on vapaa parfyymeista ja eteerisist\u00e4 \u00f6ljyist\u00e4 varmistaen maksimaalisen tuen ihollesi ilman \u00e4rsytyst\u00e4.<\/p>\n<p>50 ml<\/p>\n","protected":false},"excerpt":{"rendered":"<p>Purito Wonder Releaf Centella Cream Unscented &#8211; avain terveelliseen ja elinvoimaiseen ihoon ilman tuoksuja, jotka voivat \u00e4rsytt\u00e4\u00e4 herkk\u00e4\u00e4 ihoa. T\u00e4m\u00e4 eritt\u00e4in tiivistetty kasvovoide on rikastettu jopa 50%: lla Centella Asiatica -uutetta, joka rauhoittaa ja vahvistaa ihon suojakerrosta samalla antaen syv\u00e4\u00e4 kosteutusta ja kimmoisuutta iholle. Voide imeytyy hell\u00e4varaisesti ihoon s\u00e4ilytt\u00e4en vesi- ja \u00f6ljy tasapainon iholla. Erityisesti [&hellip;]<\/p>\n","protected":false},"featured_media":111829,"comment_status":"open","ping_status":"closed","template":"","meta":{"_trash_the_other_posts":false},"product_brand":[],"product_cat":[1001,559],"product_tag":[],"berocket_brand":[1412],"class_list":{"0":"post-111872","1":"product","2":"type-product","3":"status-publish","4":"has-post-thumbnail","6":"product_cat-k-beauty","7":"product_cat-ansiktskrem","8":"pa_brand-purito","9":"berocket_brand-purito","11":"first","12":"instock","13":"sale","14":"taxable","15":"shipping-taxable","16":"purchasable","17":"product-type-simple"},"_links":{"self":[{"href":"https:\/\/stylingagenten.com\/fi\/wp-json\/wp\/v2\/product\/111872","targetHints":{"allow":["GET"]}}],"collection":[{"href":"https:\/\/stylingagenten.com\/fi\/wp-json\/wp\/v2\/product"}],"about":[{"href":"https:\/\/stylingagenten.com\/fi\/wp-json\/wp\/v2\/types\/product"}],"replies":[{"embeddable":true,"href":"https:\/\/stylingagenten.com\/fi\/wp-json\/wp\/v2\/comments?post=111872"}],"version-history":[{"count":0,"href":"https:\/\/stylingagenten.com\/fi\/wp-json\/wp\/v2\/product\/111872\/revisions"}],"wp:featuredmedia":[{"embeddable":true,"href":"https:\/\/stylingagenten.com\/fi\/wp-json\/wp\/v2\/media\/111829"}],"wp:attachment":[{"href":"https:\/\/stylingagenten.com\/fi\/wp-json\/wp\/v2\/media?parent=111872"}],"wp:term":[{"taxonomy":"product_brand","embeddable":true,"href":"https:\/\/stylingagenten.com\/fi\/wp-json\/wp\/v2\/product_brand?post=111872"},{"taxonomy":"product_cat","embeddable":true,"href":"https:\/\/stylingagenten.com\/fi\/wp-json\/wp\/v2\/product_cat?post=111872"},{"taxonomy":"product_tag","embeddable":true,"href":"https:\/\/stylingagenten.com\/fi\/wp-json\/wp\/v2\/product_tag?post=111872"},{"taxonomy":"berocket_brand","embeddable":true,"href":"https:\/\/stylingagenten.com\/fi\/wp-json\/wp\/v2\/berocket_brand?post=111872"}],"curies":[{"name":"wp","href":"https:\/\/api.w.org\/{rel}","templated":true}]}}