{"id":111865,"date":"2025-05-18T21:00:11","date_gmt":"2025-05-18T21:00:11","guid":{"rendered":"https:\/\/staging2.stylingagenten.com\/fi\/produkt\/round-lab-dokdo-cream-80ml\/"},"modified":"2026-04-06T17:37:29","modified_gmt":"2026-04-06T17:37:29","slug":"round-lab-dokdo-cream-80ml","status":"publish","type":"product","link":"https:\/\/stylingagenten.com\/fi\/tuote\/round-lab-dokdo-cream-80ml\/","title":{"rendered":"Round Lab Dokdo Cream 80ml"},"content":{"rendered":"<p>Round Lab Dokdo Cream on suunniteltu ravitsemaan ja hoitamaan kaikkia ihotyyppej\u00e4, sek\u00e4 aamulla ett\u00e4 illalla. T\u00e4m\u00e4 helposti imeytyv\u00e4 voide on helppo levitt\u00e4\u00e4 eik\u00e4 j\u00e4t\u00e4 \u00f6ljyist\u00e4 tunnetta. Sen sijaan se j\u00e4tt\u00e4\u00e4 ihon uskomattoman pehme\u00e4ksi, sile\u00e4ksi ja hoidetuksi koko p\u00e4iv\u00e4ksi.<\/p>\n<p>Puhdistuksen j\u00e4lkeen levit\u00e4 sopiva m\u00e4\u00e4r\u00e4 kasvoille, kaulalle ja dekolteelle ja hiero kevyesti tasaisen ja s\u00e4teilev\u00e4n ihons\u00e4vyn saavuttamiseksi. Rikastettuna huolella valituilla ainesosilla t\u00e4m\u00e4 voide auttaa palauttamaan ihon luonnollisen tasapainon ja j\u00e4tt\u00e4m\u00e4\u00e4n sen nuorekkaaksi ja s\u00e4teilev\u00e4ksi.<\/p>\n<p>80 ml<\/p>\n","protected":false},"excerpt":{"rendered":"<p>Round Lab Dokdo Cream on suunniteltu ravitsemaan ja hoitamaan kaikkia ihotyyppej\u00e4, sek\u00e4 aamulla ett\u00e4 illalla. T\u00e4m\u00e4 helposti imeytyv\u00e4 voide on helppo levitt\u00e4\u00e4 eik\u00e4 j\u00e4t\u00e4 \u00f6ljyist\u00e4 tunnetta. Sen sijaan se j\u00e4tt\u00e4\u00e4 ihon uskomattoman pehme\u00e4ksi, sile\u00e4ksi ja hoidetuksi koko p\u00e4iv\u00e4ksi. Puhdistuksen j\u00e4lkeen levit\u00e4 sopiva m\u00e4\u00e4r\u00e4 kasvoille, kaulalle ja dekolteelle ja hiero kevyesti tasaisen ja s\u00e4teilev\u00e4n ihons\u00e4vyn saavuttamiseksi. [&hellip;]<\/p>\n","protected":false},"featured_media":111841,"comment_status":"open","ping_status":"closed","template":"","meta":{"_trash_the_other_posts":false},"product_brand":[],"product_cat":[1001,559],"product_tag":[],"berocket_brand":[1415],"class_list":{"0":"post-111865","1":"product","2":"type-product","3":"status-publish","4":"has-post-thumbnail","6":"product_cat-k-beauty","7":"product_cat-ansiktskrem","8":"pa_brand-round-lab","9":"berocket_brand-round-lab","11":"first","12":"instock","13":"sale","14":"taxable","15":"shipping-taxable","16":"purchasable","17":"product-type-simple"},"_links":{"self":[{"href":"https:\/\/stylingagenten.com\/fi\/wp-json\/wp\/v2\/product\/111865","targetHints":{"allow":["GET"]}}],"collection":[{"href":"https:\/\/stylingagenten.com\/fi\/wp-json\/wp\/v2\/product"}],"about":[{"href":"https:\/\/stylingagenten.com\/fi\/wp-json\/wp\/v2\/types\/product"}],"replies":[{"embeddable":true,"href":"https:\/\/stylingagenten.com\/fi\/wp-json\/wp\/v2\/comments?post=111865"}],"version-history":[{"count":0,"href":"https:\/\/stylingagenten.com\/fi\/wp-json\/wp\/v2\/product\/111865\/revisions"}],"wp:featuredmedia":[{"embeddable":true,"href":"https:\/\/stylingagenten.com\/fi\/wp-json\/wp\/v2\/media\/111841"}],"wp:attachment":[{"href":"https:\/\/stylingagenten.com\/fi\/wp-json\/wp\/v2\/media?parent=111865"}],"wp:term":[{"taxonomy":"product_brand","embeddable":true,"href":"https:\/\/stylingagenten.com\/fi\/wp-json\/wp\/v2\/product_brand?post=111865"},{"taxonomy":"product_cat","embeddable":true,"href":"https:\/\/stylingagenten.com\/fi\/wp-json\/wp\/v2\/product_cat?post=111865"},{"taxonomy":"product_tag","embeddable":true,"href":"https:\/\/stylingagenten.com\/fi\/wp-json\/wp\/v2\/product_tag?post=111865"},{"taxonomy":"berocket_brand","embeddable":true,"href":"https:\/\/stylingagenten.com\/fi\/wp-json\/wp\/v2\/berocket_brand?post=111865"}],"curies":[{"name":"wp","href":"https:\/\/api.w.org\/{rel}","templated":true}]}}