{"id":111824,"date":"2025-05-18T21:00:05","date_gmt":"2025-05-18T21:00:05","guid":{"rendered":"https:\/\/staging2.stylingagenten.com\/fi\/produkt\/nuxe-aquabella-beauty-revealing-moisturising-emulsion-50ml\/"},"modified":"2025-11-28T08:50:26","modified_gmt":"2025-11-28T08:50:26","slug":"nuxe-aquabella-beauty-revealing-moisturising-emulsion-50ml","status":"publish","type":"product","link":"https:\/\/stylingagenten.com\/fi\/tuote\/nuxe-aquabella-beauty-revealing-moisturising-emulsion-50ml\/","title":{"rendered":"Nuxe Aquabella Beauty Revealing Moisturising Emulsion 50ml"},"content":{"rendered":"<p>Nuxe Aquabella Beauty Revealing Moisturising Emulsion on kevyt voide, joka mukautuu kasvojen erilaisiin tarpeisiin. Se kosteuttaa kuivia alueita valkoisen lumpeen avulla samalla kun se pit\u00e4\u00e4 rasvaiset alueet mattapintaisina silikajauheen avulla, joka my\u00f6s kuorii.<\/p>\n<p>50ml<\/p>\n","protected":false},"excerpt":{"rendered":"<p>Nuxe Aquabella Beauty Revealing Moisturising Emulsion on kevyt voide, joka mukautuu kasvojen erilaisiin tarpeisiin. Se kosteuttaa kuivia alueita valkoisen lumpeen avulla samalla kun se pit\u00e4\u00e4 rasvaiset alueet mattapintaisina silikajauheen avulla, joka my\u00f6s kuorii. 50ml<\/p>\n","protected":false},"featured_media":111812,"comment_status":"open","ping_status":"closed","template":"","meta":{"_trash_the_other_posts":false},"product_brand":[],"product_cat":[559],"product_tag":[],"berocket_brand":[1024],"class_list":{"0":"post-111824","1":"product","2":"type-product","3":"status-publish","4":"has-post-thumbnail","6":"product_cat-ansiktskrem","7":"pa_brand-nuxe","8":"berocket_brand-nuxe","10":"first","11":"instock","12":"sale","13":"taxable","14":"shipping-taxable","15":"purchasable","16":"product-type-simple"},"_links":{"self":[{"href":"https:\/\/stylingagenten.com\/fi\/wp-json\/wp\/v2\/product\/111824","targetHints":{"allow":["GET"]}}],"collection":[{"href":"https:\/\/stylingagenten.com\/fi\/wp-json\/wp\/v2\/product"}],"about":[{"href":"https:\/\/stylingagenten.com\/fi\/wp-json\/wp\/v2\/types\/product"}],"replies":[{"embeddable":true,"href":"https:\/\/stylingagenten.com\/fi\/wp-json\/wp\/v2\/comments?post=111824"}],"version-history":[{"count":0,"href":"https:\/\/stylingagenten.com\/fi\/wp-json\/wp\/v2\/product\/111824\/revisions"}],"wp:featuredmedia":[{"embeddable":true,"href":"https:\/\/stylingagenten.com\/fi\/wp-json\/wp\/v2\/media\/111812"}],"wp:attachment":[{"href":"https:\/\/stylingagenten.com\/fi\/wp-json\/wp\/v2\/media?parent=111824"}],"wp:term":[{"taxonomy":"product_brand","embeddable":true,"href":"https:\/\/stylingagenten.com\/fi\/wp-json\/wp\/v2\/product_brand?post=111824"},{"taxonomy":"product_cat","embeddable":true,"href":"https:\/\/stylingagenten.com\/fi\/wp-json\/wp\/v2\/product_cat?post=111824"},{"taxonomy":"product_tag","embeddable":true,"href":"https:\/\/stylingagenten.com\/fi\/wp-json\/wp\/v2\/product_tag?post=111824"},{"taxonomy":"berocket_brand","embeddable":true,"href":"https:\/\/stylingagenten.com\/fi\/wp-json\/wp\/v2\/berocket_brand?post=111824"}],"curies":[{"name":"wp","href":"https:\/\/api.w.org\/{rel}","templated":true}]}}