{"id":111814,"date":"2025-05-18T21:00:04","date_gmt":"2025-05-18T21:00:04","guid":{"rendered":"https:\/\/staging2.stylingagenten.com\/fi\/produkt\/dermalogica-skin-smoothing-cream-100ml\/"},"modified":"2026-04-08T15:30:15","modified_gmt":"2026-04-08T15:30:15","slug":"dermalogica-skin-smoothing-cream-100ml","status":"publish","type":"product","link":"https:\/\/stylingagenten.com\/fi\/tuote\/dermalogica-skin-smoothing-cream-100ml\/","title":{"rendered":"Dermalogica Skin Smoothing Cream 100ml"},"content":{"rendered":"<p>Dermalogica Skin Smoothing Cream on keskiraskas kosteusvoide, joka s\u00e4ilytt\u00e4\u00e4 ihon kosteustasapainon ja rakenteen. Innovatiiviset ainesosat, kuten Active HydraMesh Technology\u2122, tarjoavat pitk\u00e4kestoista kosteutusta ihon yl\u00e4kerroksille. Active HydraMesh Technology\u2122 muodostaa my\u00f6s n\u00e4kym\u00e4tt\u00f6m\u00e4n suojan ulkoisia rasituksia vastaan ja tasapainottaa ihon mikrobiomia.<\/p>\n<p>Active HydraMesh Technology\u2122: Kosteuttaa ihoa ja vahvistaa sen suojakerrosta.<br \/>\n<br \/>Kompleksi, joka sis\u00e4lt\u00e4\u00e4 malvaa, kurkkua ja arnikki pehment\u00e4\u00e4 ja rauhoittaa.<br \/>\n<br \/>Ryp\u00e4leensiemenuute torjuu vapaiden radikaalien aiheuttamia vaurioita.<br \/>\n<br \/>C-vitamiini vahvistaa ihon omaa suojaa hapetusstressi\u00e4 vastaan.<br \/>\n<br \/>E-vitamiini pehment\u00e4\u00e4 ihoa.<br \/>\n<br \/>100ml<\/p>\n","protected":false},"excerpt":{"rendered":"<p>Dermalogica Skin Smoothing Cream on keskiraskas kosteusvoide, joka s\u00e4ilytt\u00e4\u00e4 ihon kosteustasapainon ja rakenteen. Innovatiiviset ainesosat, kuten Active HydraMesh Technology\u2122, tarjoavat pitk\u00e4kestoista kosteutusta ihon yl\u00e4kerroksille. Active HydraMesh Technology\u2122 muodostaa my\u00f6s n\u00e4kym\u00e4tt\u00f6m\u00e4n suojan ulkoisia rasituksia vastaan ja tasapainottaa ihon mikrobiomia. Active HydraMesh Technology\u2122: Kosteuttaa ihoa ja vahvistaa sen suojakerrosta. Kompleksi, joka sis\u00e4lt\u00e4\u00e4 malvaa, kurkkua ja arnikki pehment\u00e4\u00e4 [&hellip;]<\/p>\n","protected":false},"featured_media":111808,"comment_status":"open","ping_status":"closed","template":"","meta":{"_trash_the_other_posts":false},"product_brand":[],"product_cat":[559],"product_tag":[2798],"berocket_brand":[1420],"class_list":{"0":"post-111814","1":"product","2":"type-product","3":"status-publish","4":"has-post-thumbnail","6":"product_cat-ansiktskrem","7":"product_tag-dermalogica-skin-smoothing-cream","8":"pa_brand-dermalogica","9":"pa_variantti-100ml","10":"berocket_brand-dermalogica","12":"first","13":"outofstock","14":"sale","15":"taxable","16":"shipping-taxable","17":"purchasable","18":"product-type-simple"},"_links":{"self":[{"href":"https:\/\/stylingagenten.com\/fi\/wp-json\/wp\/v2\/product\/111814","targetHints":{"allow":["GET"]}}],"collection":[{"href":"https:\/\/stylingagenten.com\/fi\/wp-json\/wp\/v2\/product"}],"about":[{"href":"https:\/\/stylingagenten.com\/fi\/wp-json\/wp\/v2\/types\/product"}],"replies":[{"embeddable":true,"href":"https:\/\/stylingagenten.com\/fi\/wp-json\/wp\/v2\/comments?post=111814"}],"version-history":[{"count":0,"href":"https:\/\/stylingagenten.com\/fi\/wp-json\/wp\/v2\/product\/111814\/revisions"}],"wp:featuredmedia":[{"embeddable":true,"href":"https:\/\/stylingagenten.com\/fi\/wp-json\/wp\/v2\/media\/111808"}],"wp:attachment":[{"href":"https:\/\/stylingagenten.com\/fi\/wp-json\/wp\/v2\/media?parent=111814"}],"wp:term":[{"taxonomy":"product_brand","embeddable":true,"href":"https:\/\/stylingagenten.com\/fi\/wp-json\/wp\/v2\/product_brand?post=111814"},{"taxonomy":"product_cat","embeddable":true,"href":"https:\/\/stylingagenten.com\/fi\/wp-json\/wp\/v2\/product_cat?post=111814"},{"taxonomy":"product_tag","embeddable":true,"href":"https:\/\/stylingagenten.com\/fi\/wp-json\/wp\/v2\/product_tag?post=111814"},{"taxonomy":"berocket_brand","embeddable":true,"href":"https:\/\/stylingagenten.com\/fi\/wp-json\/wp\/v2\/berocket_brand?post=111814"}],"curies":[{"name":"wp","href":"https:\/\/api.w.org\/{rel}","templated":true}]}}