{"id":111806,"date":"2025-05-18T21:00:02","date_gmt":"2025-05-18T21:00:02","guid":{"rendered":"https:\/\/staging2.stylingagenten.com\/fi\/produkt\/nuxe-merveillance-lift-firming-powdery-cream-50ml\/"},"modified":"2025-11-19T12:44:53","modified_gmt":"2025-11-19T12:44:53","slug":"nuxe-merveillance-lift-firming-powdery-cream-50ml","status":"publish","type":"product","link":"https:\/\/stylingagenten.com\/fi\/tuote\/nuxe-merveillance-lift-firming-powdery-cream-50ml\/","title":{"rendered":"Nuxe Merveillance Lift Firming Powdery Cream 50ml"},"content":{"rendered":"<p>Nuxe Merveillance Lift Firming Powdery Day Cream on erinomainen ja tehokas ik\u00e4\u00e4ntymist\u00e4 est\u00e4v\u00e4 p\u00e4iv\u00e4voide yli 35-vuotiaille naisille, joilla on normaali tai sekaiho. Se on valmistettu innovatiivisella puuterimaisella koostumuksella, joka tarjoaa v\u00e4litt\u00f6mi\u00e4 ik\u00e4\u00e4ntymist\u00e4 est\u00e4vi\u00e4 tuloksia ja antaa iholle kohotetun ulkon\u00e4\u00f6n ja virheett\u00f6m\u00e4mm\u00e4n pinnan. T\u00e4m\u00e4 p\u00e4iv\u00e4voide on valmistettu 96% luonnollisesti alkuper\u00e4isist\u00e4 ainesosista.<\/p>\n<p>Se on rikastettu eritt\u00e4in voimakkaalla mikrolev\u00e4\u00f6ljyll\u00e4, Chlorella Vulgaris, joka intensiivisesti uudistaa ja vahvistaa ihon rakenteita tasoittaakseen ryppyj\u00e4 ja kiinteytt\u00e4\u00e4kseen ihoa. Kahden kuukauden j\u00e4lkeen iho on kiinte\u00e4mpi, sile\u00e4mpi ja n\u00e4ytt\u00e4\u00e4 nuoremmalta. Voide sis\u00e4lt\u00e4\u00e4 ihania tuoksuhelmi\u00e4 valkoisesta muskista, magnoliasta ja freesiasta, mik\u00e4 tekee t\u00e4st\u00e4 voiteesta sek\u00e4 iholle ett\u00e4 aisteille miellytt\u00e4v\u00e4n kokemuksen joka aamu. Voide on vegaaninen, parabeeniton ja silikoniton.<\/p>\n<p>50ml<\/p>\n","protected":false},"excerpt":{"rendered":"<p>Nuxe Merveillance Lift Firming Powdery Day Cream on erinomainen ja tehokas ik\u00e4\u00e4ntymist\u00e4 est\u00e4v\u00e4 p\u00e4iv\u00e4voide yli 35-vuotiaille naisille, joilla on normaali tai sekaiho. Se on valmistettu innovatiivisella puuterimaisella koostumuksella, joka tarjoaa v\u00e4litt\u00f6mi\u00e4 ik\u00e4\u00e4ntymist\u00e4 est\u00e4vi\u00e4 tuloksia ja antaa iholle kohotetun ulkon\u00e4\u00f6n ja virheett\u00f6m\u00e4mm\u00e4n pinnan. T\u00e4m\u00e4 p\u00e4iv\u00e4voide on valmistettu 96% luonnollisesti alkuper\u00e4isist\u00e4 ainesosista. Se on rikastettu eritt\u00e4in voimakkaalla [&hellip;]<\/p>\n","protected":false},"featured_media":111771,"comment_status":"open","ping_status":"closed","template":"","meta":{"_trash_the_other_posts":false},"product_brand":[],"product_cat":[559],"product_tag":[],"berocket_brand":[1024],"class_list":{"0":"post-111806","1":"product","2":"type-product","3":"status-publish","4":"has-post-thumbnail","6":"product_cat-ansiktskrem","7":"pa_brand-nuxe","8":"berocket_brand-nuxe","10":"first","11":"instock","12":"sale","13":"taxable","14":"shipping-taxable","15":"purchasable","16":"product-type-simple"},"_links":{"self":[{"href":"https:\/\/stylingagenten.com\/fi\/wp-json\/wp\/v2\/product\/111806","targetHints":{"allow":["GET"]}}],"collection":[{"href":"https:\/\/stylingagenten.com\/fi\/wp-json\/wp\/v2\/product"}],"about":[{"href":"https:\/\/stylingagenten.com\/fi\/wp-json\/wp\/v2\/types\/product"}],"replies":[{"embeddable":true,"href":"https:\/\/stylingagenten.com\/fi\/wp-json\/wp\/v2\/comments?post=111806"}],"version-history":[{"count":0,"href":"https:\/\/stylingagenten.com\/fi\/wp-json\/wp\/v2\/product\/111806\/revisions"}],"wp:featuredmedia":[{"embeddable":true,"href":"https:\/\/stylingagenten.com\/fi\/wp-json\/wp\/v2\/media\/111771"}],"wp:attachment":[{"href":"https:\/\/stylingagenten.com\/fi\/wp-json\/wp\/v2\/media?parent=111806"}],"wp:term":[{"taxonomy":"product_brand","embeddable":true,"href":"https:\/\/stylingagenten.com\/fi\/wp-json\/wp\/v2\/product_brand?post=111806"},{"taxonomy":"product_cat","embeddable":true,"href":"https:\/\/stylingagenten.com\/fi\/wp-json\/wp\/v2\/product_cat?post=111806"},{"taxonomy":"product_tag","embeddable":true,"href":"https:\/\/stylingagenten.com\/fi\/wp-json\/wp\/v2\/product_tag?post=111806"},{"taxonomy":"berocket_brand","embeddable":true,"href":"https:\/\/stylingagenten.com\/fi\/wp-json\/wp\/v2\/berocket_brand?post=111806"}],"curies":[{"name":"wp","href":"https:\/\/api.w.org\/{rel}","templated":true}]}}