{"id":111796,"date":"2025-05-18T21:00:00","date_gmt":"2025-05-18T21:00:00","guid":{"rendered":"https:\/\/staging2.stylingagenten.com\/fi\/produkt\/dermalogica-ultracalming-calm-water-gel-50ml\/"},"modified":"2026-04-08T15:30:31","modified_gmt":"2026-04-08T15:30:31","slug":"dermalogica-ultracalming-calm-water-gel-50ml","status":"publish","type":"product","link":"https:\/\/stylingagenten.com\/fi\/tuote\/dermalogica-ultracalming-calm-water-gel-50ml\/","title":{"rendered":"Dermalogica UltraCalming Calm Water Gel 50ml"},"content":{"rendered":"<p>Dermalogica UltraCalming Calm Water sis\u00e4lt\u00e4\u00e4 viilent\u00e4vi\u00e4 ja turvotusta v\u00e4hent\u00e4vi\u00e4 ominaisuuksia, mink\u00e4 ansiosta t\u00e4m\u00e4 geelipohjainen kosteusvoide tuntuu l\u00e4hes painottomalta, kun se sulaa ihoon. Se on eritt\u00e4in kevyt, l\u00e4pikuultava tuote, joka tuntuu kuin raikas lasillinen vett\u00e4 janoiselle iholle. Tarjoaa v\u00e4lit\u00f6nt\u00e4 helpotusta kosteutta kaipaavalle, herk\u00e4lle iholle.<\/p>\n<p>Omenauute (Pyrus Malus) ja glyseriini: kosteuttavat ja pehment\u00e4v\u00e4t samalla, kun ne est\u00e4v\u00e4t kuivumista. Viikunaopuntia (Opuntia Ficus-Indica): kanta-uute, joka lievitt\u00e4\u00e4 herkkyytt\u00e4 ja parantaa ihon kyky\u00e4 sitoa kosteutta. Natriumhyaluronaatti ja hydrolysoitu natriumhyaluronaatti: kompleksi, jossa on erikokoisia hyaluronihappomolekyylej\u00e4. T\u00e4m\u00e4 ainutlaatuinen teknologia optimoi kudosten kosteustasapainon useiden tuntien ajan.<\/p>\n<p>50 ml<\/p>\n","protected":false},"excerpt":{"rendered":"<p>Dermalogica UltraCalming Calm Water sis\u00e4lt\u00e4\u00e4 viilent\u00e4vi\u00e4 ja turvotusta v\u00e4hent\u00e4vi\u00e4 ominaisuuksia, mink\u00e4 ansiosta t\u00e4m\u00e4 geelipohjainen kosteusvoide tuntuu l\u00e4hes painottomalta, kun se sulaa ihoon. Se on eritt\u00e4in kevyt, l\u00e4pikuultava tuote, joka tuntuu kuin raikas lasillinen vett\u00e4 janoiselle iholle. Tarjoaa v\u00e4lit\u00f6nt\u00e4 helpotusta kosteutta kaipaavalle, herk\u00e4lle iholle. Omenauute (Pyrus Malus) ja glyseriini: kosteuttavat ja pehment\u00e4v\u00e4t samalla, kun ne est\u00e4v\u00e4t [&hellip;]<\/p>\n","protected":false},"featured_media":111770,"comment_status":"open","ping_status":"closed","template":"","meta":{"_trash_the_other_posts":false},"product_brand":[],"product_cat":[559],"product_tag":[],"berocket_brand":[1420],"class_list":{"0":"post-111796","1":"product","2":"type-product","3":"status-publish","4":"has-post-thumbnail","6":"product_cat-ansiktskrem","7":"pa_brand-dermalogica","8":"berocket_brand-dermalogica","10":"first","11":"instock","12":"sale","13":"taxable","14":"shipping-taxable","15":"purchasable","16":"product-type-simple"},"_links":{"self":[{"href":"https:\/\/stylingagenten.com\/fi\/wp-json\/wp\/v2\/product\/111796","targetHints":{"allow":["GET"]}}],"collection":[{"href":"https:\/\/stylingagenten.com\/fi\/wp-json\/wp\/v2\/product"}],"about":[{"href":"https:\/\/stylingagenten.com\/fi\/wp-json\/wp\/v2\/types\/product"}],"replies":[{"embeddable":true,"href":"https:\/\/stylingagenten.com\/fi\/wp-json\/wp\/v2\/comments?post=111796"}],"version-history":[{"count":0,"href":"https:\/\/stylingagenten.com\/fi\/wp-json\/wp\/v2\/product\/111796\/revisions"}],"wp:featuredmedia":[{"embeddable":true,"href":"https:\/\/stylingagenten.com\/fi\/wp-json\/wp\/v2\/media\/111770"}],"wp:attachment":[{"href":"https:\/\/stylingagenten.com\/fi\/wp-json\/wp\/v2\/media?parent=111796"}],"wp:term":[{"taxonomy":"product_brand","embeddable":true,"href":"https:\/\/stylingagenten.com\/fi\/wp-json\/wp\/v2\/product_brand?post=111796"},{"taxonomy":"product_cat","embeddable":true,"href":"https:\/\/stylingagenten.com\/fi\/wp-json\/wp\/v2\/product_cat?post=111796"},{"taxonomy":"product_tag","embeddable":true,"href":"https:\/\/stylingagenten.com\/fi\/wp-json\/wp\/v2\/product_tag?post=111796"},{"taxonomy":"berocket_brand","embeddable":true,"href":"https:\/\/stylingagenten.com\/fi\/wp-json\/wp\/v2\/berocket_brand?post=111796"}],"curies":[{"name":"wp","href":"https:\/\/api.w.org\/{rel}","templated":true}]}}