{"id":111741,"date":"2025-05-18T20:59:55","date_gmt":"2025-05-18T20:59:55","guid":{"rendered":"https:\/\/staging2.stylingagenten.com\/fi\/produkt\/dermalogica-intensive-moisture-balance-15ml\/"},"modified":"2026-04-08T15:29:45","modified_gmt":"2026-04-08T15:29:45","slug":"dermalogica-intensive-moisture-balance-15ml","status":"publish","type":"product","link":"https:\/\/stylingagenten.com\/fi\/tuote\/dermalogica-intensive-moisture-balance-15ml\/","title":{"rendered":"Dermalogica Intensive Moisture Balance 15ml"},"content":{"rendered":"<p>Dermalogica Intensive Moisture Balance on syv\u00e4vaikutteinen, hoitava ja ravitseva kosteusvoide, joka palauttaa ihon suojaavan esteen ja taistelee kuivaa, kosteudeltaan v\u00e4h\u00e4ist\u00e4 ihoa vastaan. Intensive Moisture Balance on rikastettu BioReplenish Complex\u2122<br \/>\n<br \/>, joka kliinisiss\u00e4 testeiss\u00e4 on osoittautunut vahvistavan ihon omia suojaavia lipidikerroksia. Eksklusiivinen sekoitus rakenteen parantavia kasviuutteita, antioksidantteja vitamiineja ja vahvistavia kosteuttajia palauttaa ihon samalla kun se torjuu vapaiden radikaalien aiheuttamia vaurioita.<\/p>\n<p>BioReplenish Complex\u2122: Vahvistaa ja palauttaa ihon suojaavat lipidit.<br \/>\n<br \/>Prebioottinen lev\u00e4uute (Chlorella Vulgaris): Palauttaa ja tasapainottaa ihon luonnollista mikrobiomia edist\u00e4m\u00e4ll\u00e4 hy\u00f6dyllisi\u00e4 ihobakteereja (S.Epidermidis) ja v\u00e4hent\u00e4m\u00e4ll\u00e4 haitallisten bakteerien aktiivisuutta (S.Aureus).<br \/>\n<br \/>Hyaluronihappo yhdess\u00e4 punahattu-, tiikeri-yrtti- ja aloe vera -uutteiden kanssa: Sulkee kosteuden ihoon parantaen ihon este-toimintaa ja v\u00e4hent\u00e4en hienojen ryppyjen vaikutelmaa.<br \/>\n<br \/>15ml<\/p>\n","protected":false},"excerpt":{"rendered":"<p>Dermalogica Intensive Moisture Balance on syv\u00e4vaikutteinen, hoitava ja ravitseva kosteusvoide, joka palauttaa ihon suojaavan esteen ja taistelee kuivaa, kosteudeltaan v\u00e4h\u00e4ist\u00e4 ihoa vastaan. Intensive Moisture Balance on rikastettu BioReplenish Complex\u2122 , joka kliinisiss\u00e4 testeiss\u00e4 on osoittautunut vahvistavan ihon omia suojaavia lipidikerroksia. Eksklusiivinen sekoitus rakenteen parantavia kasviuutteita, antioksidantteja vitamiineja ja vahvistavia kosteuttajia palauttaa ihon samalla kun se [&hellip;]<\/p>\n","protected":false},"featured_media":111727,"comment_status":"open","ping_status":"closed","template":"","meta":{"_trash_the_other_posts":false},"product_brand":[],"product_cat":[559],"product_tag":[2795],"berocket_brand":[1420],"class_list":{"0":"post-111741","1":"product","2":"type-product","3":"status-publish","4":"has-post-thumbnail","6":"product_cat-ansiktskrem","7":"product_tag-dermalogica-intensive-moisture-balance","8":"pa_brand-dermalogica","9":"pa_variantti-15ml","10":"berocket_brand-dermalogica","12":"first","13":"instock","14":"sale","15":"taxable","16":"shipping-taxable","17":"purchasable","18":"product-type-simple"},"_links":{"self":[{"href":"https:\/\/stylingagenten.com\/fi\/wp-json\/wp\/v2\/product\/111741","targetHints":{"allow":["GET"]}}],"collection":[{"href":"https:\/\/stylingagenten.com\/fi\/wp-json\/wp\/v2\/product"}],"about":[{"href":"https:\/\/stylingagenten.com\/fi\/wp-json\/wp\/v2\/types\/product"}],"replies":[{"embeddable":true,"href":"https:\/\/stylingagenten.com\/fi\/wp-json\/wp\/v2\/comments?post=111741"}],"version-history":[{"count":0,"href":"https:\/\/stylingagenten.com\/fi\/wp-json\/wp\/v2\/product\/111741\/revisions"}],"wp:featuredmedia":[{"embeddable":true,"href":"https:\/\/stylingagenten.com\/fi\/wp-json\/wp\/v2\/media\/111727"}],"wp:attachment":[{"href":"https:\/\/stylingagenten.com\/fi\/wp-json\/wp\/v2\/media?parent=111741"}],"wp:term":[{"taxonomy":"product_brand","embeddable":true,"href":"https:\/\/stylingagenten.com\/fi\/wp-json\/wp\/v2\/product_brand?post=111741"},{"taxonomy":"product_cat","embeddable":true,"href":"https:\/\/stylingagenten.com\/fi\/wp-json\/wp\/v2\/product_cat?post=111741"},{"taxonomy":"product_tag","embeddable":true,"href":"https:\/\/stylingagenten.com\/fi\/wp-json\/wp\/v2\/product_tag?post=111741"},{"taxonomy":"berocket_brand","embeddable":true,"href":"https:\/\/stylingagenten.com\/fi\/wp-json\/wp\/v2\/berocket_brand?post=111741"}],"curies":[{"name":"wp","href":"https:\/\/api.w.org\/{rel}","templated":true}]}}