{"id":111725,"date":"2025-05-18T20:59:53","date_gmt":"2025-05-18T20:59:53","guid":{"rendered":"https:\/\/staging2.stylingagenten.com\/fi\/produkt\/skin1004-madagascar-centella-soothing-cream-75ml\/"},"modified":"2025-12-01T08:43:37","modified_gmt":"2025-12-01T08:43:37","slug":"skin1004-madagascar-centella-soothing-cream-75ml","status":"publish","type":"product","link":"https:\/\/stylingagenten.com\/fi\/tuote\/skin1004-madagascar-centella-soothing-cream-75ml\/","title":{"rendered":"SKIN1004 Madagascar Centella Soothing Cream 75ml"},"content":{"rendered":"<p>SKIN1004 Madagascar Centella Soothing Cream on suojaava voide, jossa on rauhoittava koostumus herk\u00e4lle iholle. Sis\u00e4lt\u00e4\u00e4 3 t\u00e4rke\u00e4\u00e4 ainesosaa terveelle iholle: keramideja, kolesterolia ja rasvahappoja. Sis\u00e4lt\u00e4\u00e4 72 % eritt\u00e4in puhdasta Centella Asiatica -uutetta Madagaskarilta. Kevyt ja tahmaamaton geelikoostumus levittyy helposti iholle.<br \/>\n<br \/>75ml<\/p>\n","protected":false},"excerpt":{"rendered":"<p>SKIN1004 Madagascar Centella Soothing Cream on suojaava voide, jossa on rauhoittava koostumus herk\u00e4lle iholle. Sis\u00e4lt\u00e4\u00e4 3 t\u00e4rke\u00e4\u00e4 ainesosaa terveelle iholle: keramideja, kolesterolia ja rasvahappoja. Sis\u00e4lt\u00e4\u00e4 72 % eritt\u00e4in puhdasta Centella Asiatica -uutetta Madagaskarilta. Kevyt ja tahmaamaton geelikoostumus levittyy helposti iholle. 75ml<\/p>\n","protected":false},"featured_media":111718,"comment_status":"open","ping_status":"closed","template":"","meta":{"_trash_the_other_posts":false},"product_brand":[],"product_cat":[559],"product_tag":[],"berocket_brand":[1999],"class_list":{"0":"post-111725","1":"product","2":"type-product","3":"status-publish","4":"has-post-thumbnail","6":"product_cat-ansiktskrem","7":"pa_brand-skin1005","8":"berocket_brand-skin1005","10":"first","11":"instock","12":"sale","13":"taxable","14":"shipping-taxable","15":"purchasable","16":"product-type-simple"},"_links":{"self":[{"href":"https:\/\/stylingagenten.com\/fi\/wp-json\/wp\/v2\/product\/111725","targetHints":{"allow":["GET"]}}],"collection":[{"href":"https:\/\/stylingagenten.com\/fi\/wp-json\/wp\/v2\/product"}],"about":[{"href":"https:\/\/stylingagenten.com\/fi\/wp-json\/wp\/v2\/types\/product"}],"replies":[{"embeddable":true,"href":"https:\/\/stylingagenten.com\/fi\/wp-json\/wp\/v2\/comments?post=111725"}],"version-history":[{"count":0,"href":"https:\/\/stylingagenten.com\/fi\/wp-json\/wp\/v2\/product\/111725\/revisions"}],"wp:featuredmedia":[{"embeddable":true,"href":"https:\/\/stylingagenten.com\/fi\/wp-json\/wp\/v2\/media\/111718"}],"wp:attachment":[{"href":"https:\/\/stylingagenten.com\/fi\/wp-json\/wp\/v2\/media?parent=111725"}],"wp:term":[{"taxonomy":"product_brand","embeddable":true,"href":"https:\/\/stylingagenten.com\/fi\/wp-json\/wp\/v2\/product_brand?post=111725"},{"taxonomy":"product_cat","embeddable":true,"href":"https:\/\/stylingagenten.com\/fi\/wp-json\/wp\/v2\/product_cat?post=111725"},{"taxonomy":"product_tag","embeddable":true,"href":"https:\/\/stylingagenten.com\/fi\/wp-json\/wp\/v2\/product_tag?post=111725"},{"taxonomy":"berocket_brand","embeddable":true,"href":"https:\/\/stylingagenten.com\/fi\/wp-json\/wp\/v2\/berocket_brand?post=111725"}],"curies":[{"name":"wp","href":"https:\/\/api.w.org\/{rel}","templated":true}]}}