{"id":111717,"date":"2025-05-18T20:59:51","date_gmt":"2025-05-18T20:59:51","guid":{"rendered":"https:\/\/staging2.stylingagenten.com\/fi\/produkt\/tocobo-multi-ceramide-cream-50ml\/"},"modified":"2025-12-15T07:48:26","modified_gmt":"2025-12-15T07:48:26","slug":"tocobo-multi-ceramide-cream-50ml","status":"publish","type":"product","link":"https:\/\/stylingagenten.com\/fi\/tuote\/tocobo-multi-ceramide-cream-50ml\/","title":{"rendered":"TOCOBO Multi Ceramide Cream 50ml"},"content":{"rendered":"<p>TOCOBO Multi Ceramide Cream on kosteusvoide, joka sis\u00e4lt\u00e4\u00e4 useita ceramideja ja kolmea tyyppi\u00e4 hyaluronihappoa, vahvistaen ihon suojabarri\u00e4\u00e4ri\u00e4 ja tarjoten intensiivist\u00e4 kosteutusta.<\/p>\n<p>Triple Hyaluronic Acid 10%<br \/>\n<br \/>Multi Ceramide Complex 1 000 ppm<\/p>\n<p>50ml<\/p>\n","protected":false},"excerpt":{"rendered":"<p>TOCOBO Multi Ceramide Cream on kosteusvoide, joka sis\u00e4lt\u00e4\u00e4 useita ceramideja ja kolmea tyyppi\u00e4 hyaluronihappoa, vahvistaen ihon suojabarri\u00e4\u00e4ri\u00e4 ja tarjoten intensiivist\u00e4 kosteutusta. Triple Hyaluronic Acid 10% Multi Ceramide Complex 1 000 ppm 50ml<\/p>\n","protected":false},"featured_media":111705,"comment_status":"open","ping_status":"closed","template":"","meta":{"_trash_the_other_posts":false},"product_brand":[],"product_cat":[559],"product_tag":[],"berocket_brand":[1423],"class_list":{"0":"post-111717","1":"product","2":"type-product","3":"status-publish","4":"has-post-thumbnail","6":"product_cat-ansiktskrem","7":"pa_brand-tocobo","8":"berocket_brand-tocobo","10":"first","11":"instock","12":"sale","13":"taxable","14":"shipping-taxable","15":"purchasable","16":"product-type-simple"},"_links":{"self":[{"href":"https:\/\/stylingagenten.com\/fi\/wp-json\/wp\/v2\/product\/111717","targetHints":{"allow":["GET"]}}],"collection":[{"href":"https:\/\/stylingagenten.com\/fi\/wp-json\/wp\/v2\/product"}],"about":[{"href":"https:\/\/stylingagenten.com\/fi\/wp-json\/wp\/v2\/types\/product"}],"replies":[{"embeddable":true,"href":"https:\/\/stylingagenten.com\/fi\/wp-json\/wp\/v2\/comments?post=111717"}],"version-history":[{"count":0,"href":"https:\/\/stylingagenten.com\/fi\/wp-json\/wp\/v2\/product\/111717\/revisions"}],"wp:featuredmedia":[{"embeddable":true,"href":"https:\/\/stylingagenten.com\/fi\/wp-json\/wp\/v2\/media\/111705"}],"wp:attachment":[{"href":"https:\/\/stylingagenten.com\/fi\/wp-json\/wp\/v2\/media?parent=111717"}],"wp:term":[{"taxonomy":"product_brand","embeddable":true,"href":"https:\/\/stylingagenten.com\/fi\/wp-json\/wp\/v2\/product_brand?post=111717"},{"taxonomy":"product_cat","embeddable":true,"href":"https:\/\/stylingagenten.com\/fi\/wp-json\/wp\/v2\/product_cat?post=111717"},{"taxonomy":"product_tag","embeddable":true,"href":"https:\/\/stylingagenten.com\/fi\/wp-json\/wp\/v2\/product_tag?post=111717"},{"taxonomy":"berocket_brand","embeddable":true,"href":"https:\/\/stylingagenten.com\/fi\/wp-json\/wp\/v2\/berocket_brand?post=111717"}],"curies":[{"name":"wp","href":"https:\/\/api.w.org\/{rel}","templated":true}]}}