{"id":111716,"date":"2025-05-18T20:59:51","date_gmt":"2025-05-18T20:59:51","guid":{"rendered":"https:\/\/staging2.stylingagenten.com\/fi\/produkt\/neutrogena-clear-soothe-moisturiser-75ml\/"},"modified":"2026-04-13T20:18:42","modified_gmt":"2026-04-13T20:18:42","slug":"neutrogena-clear-soothe-moisturiser-75ml","status":"publish","type":"product","link":"https:\/\/stylingagenten.com\/fi\/tuote\/neutrogena-clear-soothe-moisturiser-75ml\/","title":{"rendered":"Neutrogena Clear &amp; Soothe Moisturiser 75ml"},"content":{"rendered":"<p>Neutrogena Clear &amp; Soothe Moisturiser on kevyt kasvovoide, joka sis\u00e4lt\u00e4\u00e4 kurkumaa ja rauhoittaa sek\u00e4 kosteuttaa stressaantunutta ihoa. Nopeaimeytyv\u00e4 geelikoostumus kurkumalla kosteuttaa ihoa. Kasvogeeli, jossa on ihoyst\u00e4v\u00e4llisi\u00e4 ainesosia ja joka on \u00f6ljyt\u00f6n, sopii ep\u00e4puhtaalle iholle ja finneille.<br \/>\n<br \/>75ml<\/p>\n","protected":false},"excerpt":{"rendered":"<p>Neutrogena Clear &amp; Soothe Moisturiser on kevyt kasvovoide, joka sis\u00e4lt\u00e4\u00e4 kurkumaa ja rauhoittaa sek\u00e4 kosteuttaa stressaantunutta ihoa. Nopeaimeytyv\u00e4 geelikoostumus kurkumalla kosteuttaa ihoa. Kasvogeeli, jossa on ihoyst\u00e4v\u00e4llisi\u00e4 ainesosia ja joka on \u00f6ljyt\u00f6n, sopii ep\u00e4puhtaalle iholle ja finneille. 75ml<\/p>\n","protected":false},"featured_media":111708,"comment_status":"open","ping_status":"closed","template":"","meta":{"_trash_the_other_posts":false},"product_brand":[],"product_cat":[559],"product_tag":[],"berocket_brand":[1262],"class_list":{"0":"post-111716","1":"product","2":"type-product","3":"status-publish","4":"has-post-thumbnail","6":"product_cat-ansiktskrem","7":"pa_brand-neutrogena","8":"berocket_brand-neutrogena","10":"first","11":"instock","12":"sale","13":"taxable","14":"shipping-taxable","15":"purchasable","16":"product-type-simple"},"_links":{"self":[{"href":"https:\/\/stylingagenten.com\/fi\/wp-json\/wp\/v2\/product\/111716","targetHints":{"allow":["GET"]}}],"collection":[{"href":"https:\/\/stylingagenten.com\/fi\/wp-json\/wp\/v2\/product"}],"about":[{"href":"https:\/\/stylingagenten.com\/fi\/wp-json\/wp\/v2\/types\/product"}],"replies":[{"embeddable":true,"href":"https:\/\/stylingagenten.com\/fi\/wp-json\/wp\/v2\/comments?post=111716"}],"version-history":[{"count":0,"href":"https:\/\/stylingagenten.com\/fi\/wp-json\/wp\/v2\/product\/111716\/revisions"}],"wp:featuredmedia":[{"embeddable":true,"href":"https:\/\/stylingagenten.com\/fi\/wp-json\/wp\/v2\/media\/111708"}],"wp:attachment":[{"href":"https:\/\/stylingagenten.com\/fi\/wp-json\/wp\/v2\/media?parent=111716"}],"wp:term":[{"taxonomy":"product_brand","embeddable":true,"href":"https:\/\/stylingagenten.com\/fi\/wp-json\/wp\/v2\/product_brand?post=111716"},{"taxonomy":"product_cat","embeddable":true,"href":"https:\/\/stylingagenten.com\/fi\/wp-json\/wp\/v2\/product_cat?post=111716"},{"taxonomy":"product_tag","embeddable":true,"href":"https:\/\/stylingagenten.com\/fi\/wp-json\/wp\/v2\/product_tag?post=111716"},{"taxonomy":"berocket_brand","embeddable":true,"href":"https:\/\/stylingagenten.com\/fi\/wp-json\/wp\/v2\/berocket_brand?post=111716"}],"curies":[{"name":"wp","href":"https:\/\/api.w.org\/{rel}","templated":true}]}}