{"id":111709,"date":"2025-05-18T20:59:50","date_gmt":"2025-05-18T20:59:50","guid":{"rendered":"https:\/\/staging2.stylingagenten.com\/fi\/produkt\/skin1004-madagascar-centella-probio-cica-enrich-cream-50ml\/"},"modified":"2026-02-06T17:36:36","modified_gmt":"2026-02-06T17:36:36","slug":"skin1004-madagascar-centella-probio-cica-enrich-cream-50ml","status":"publish","type":"product","link":"https:\/\/stylingagenten.com\/fi\/tuote\/skin1004-madagascar-centella-probio-cica-enrich-cream-50ml\/","title":{"rendered":"SKIN1004 Madagascar Centella Probio-Cica Enrich Cream 50ml"},"content":{"rendered":"<p>SKIN1004 Madagascar Centella Probio-Cica Enrich Cream on korkeapitoisuuksinen voide, joka kiinteytt\u00e4\u00e4 ihon rakennetta ja vahvistaa ihon suojakerrosta j\u00e4ljittelem\u00e4ll\u00e4 ihon suojakerrossolujen lamellaarista rakennetta, joka on iholipidien terve perusta. Levityksen j\u00e4lkeen se kiinnittyy hell\u00e4varaisesti ihoon ja j\u00e4tt\u00e4\u00e4 silkkisen pinnan.<\/p>\n<p>50ml<\/p>\n","protected":false},"excerpt":{"rendered":"<p>SKIN1004 Madagascar Centella Probio-Cica Enrich Cream on korkeapitoisuuksinen voide, joka kiinteytt\u00e4\u00e4 ihon rakennetta ja vahvistaa ihon suojakerrosta j\u00e4ljittelem\u00e4ll\u00e4 ihon suojakerrossolujen lamellaarista rakennetta, joka on iholipidien terve perusta. Levityksen j\u00e4lkeen se kiinnittyy hell\u00e4varaisesti ihoon ja j\u00e4tt\u00e4\u00e4 silkkisen pinnan. 50ml<\/p>\n","protected":false},"featured_media":111681,"comment_status":"open","ping_status":"closed","template":"","meta":{"_trash_the_other_posts":false},"product_brand":[],"product_cat":[559],"product_tag":[],"berocket_brand":[1998],"class_list":{"0":"post-111709","1":"product","2":"type-product","3":"status-publish","4":"has-post-thumbnail","6":"product_cat-ansiktskrem","7":"pa_brand-1541-london","8":"berocket_brand-skin1010","10":"first","11":"instock","12":"sale","13":"taxable","14":"shipping-taxable","15":"purchasable","16":"product-type-simple"},"_links":{"self":[{"href":"https:\/\/stylingagenten.com\/fi\/wp-json\/wp\/v2\/product\/111709","targetHints":{"allow":["GET"]}}],"collection":[{"href":"https:\/\/stylingagenten.com\/fi\/wp-json\/wp\/v2\/product"}],"about":[{"href":"https:\/\/stylingagenten.com\/fi\/wp-json\/wp\/v2\/types\/product"}],"replies":[{"embeddable":true,"href":"https:\/\/stylingagenten.com\/fi\/wp-json\/wp\/v2\/comments?post=111709"}],"version-history":[{"count":0,"href":"https:\/\/stylingagenten.com\/fi\/wp-json\/wp\/v2\/product\/111709\/revisions"}],"wp:featuredmedia":[{"embeddable":true,"href":"https:\/\/stylingagenten.com\/fi\/wp-json\/wp\/v2\/media\/111681"}],"wp:attachment":[{"href":"https:\/\/stylingagenten.com\/fi\/wp-json\/wp\/v2\/media?parent=111709"}],"wp:term":[{"taxonomy":"product_brand","embeddable":true,"href":"https:\/\/stylingagenten.com\/fi\/wp-json\/wp\/v2\/product_brand?post=111709"},{"taxonomy":"product_cat","embeddable":true,"href":"https:\/\/stylingagenten.com\/fi\/wp-json\/wp\/v2\/product_cat?post=111709"},{"taxonomy":"product_tag","embeddable":true,"href":"https:\/\/stylingagenten.com\/fi\/wp-json\/wp\/v2\/product_tag?post=111709"},{"taxonomy":"berocket_brand","embeddable":true,"href":"https:\/\/stylingagenten.com\/fi\/wp-json\/wp\/v2\/berocket_brand?post=111709"}],"curies":[{"name":"wp","href":"https:\/\/api.w.org\/{rel}","templated":true}]}}