{"id":111678,"date":"2025-05-18T20:59:47","date_gmt":"2025-05-18T20:59:47","guid":{"rendered":"https:\/\/staging2.stylingagenten.com\/fi\/produkt\/anua-heartleaf-70-intense-calming-cream-50ml\/"},"modified":"2025-11-19T12:48:15","modified_gmt":"2025-11-19T12:48:15","slug":"anua-heartleaf-70-intense-calming-cream-50ml","status":"publish","type":"product","link":"https:\/\/stylingagenten.com\/fi\/tuote\/anua-heartleaf-70-intense-calming-cream-50ml\/","title":{"rendered":"Anua Heartleaf 70% Intense Calming Cream 50ml"},"content":{"rendered":"<p>Anua Heartleaf 70% Intense Calming Cream rauhoittaa herkk\u00e4\u00e4 ja \u00e4rtynytt\u00e4 ihoa. Rikastettu 70 % heartleaf-uutteella tulehdusta ehk\u00e4iseviin vaikutuksiin. Ceramide NP ja pantenoli vahvistavat ihon kosteussuojaa, kun taas adenosiini tarjoaa ik\u00e4\u00e4ntymist\u00e4 est\u00e4vi\u00e4 vaikutuksia.<\/p>\n<p>50ml<\/p>\n","protected":false},"excerpt":{"rendered":"<p>Anua Heartleaf 70% Intense Calming Cream rauhoittaa herkk\u00e4\u00e4 ja \u00e4rtynytt\u00e4 ihoa. Rikastettu 70 % heartleaf-uutteella tulehdusta ehk\u00e4iseviin vaikutuksiin. Ceramide NP ja pantenoli vahvistavat ihon kosteussuojaa, kun taas adenosiini tarjoaa ik\u00e4\u00e4ntymist\u00e4 est\u00e4vi\u00e4 vaikutuksia. 50ml<\/p>\n","protected":false},"featured_media":111669,"comment_status":"open","ping_status":"closed","template":"","meta":{"_trash_the_other_posts":false},"product_brand":[],"product_cat":[559],"product_tag":[],"berocket_brand":[1421],"class_list":{"0":"post-111678","1":"product","2":"type-product","3":"status-publish","4":"has-post-thumbnail","6":"product_cat-ansiktskrem","7":"pa_brand-anua","8":"berocket_brand-anua","10":"first","11":"instock","12":"sale","13":"taxable","14":"shipping-taxable","15":"purchasable","16":"product-type-simple"},"_links":{"self":[{"href":"https:\/\/stylingagenten.com\/fi\/wp-json\/wp\/v2\/product\/111678","targetHints":{"allow":["GET"]}}],"collection":[{"href":"https:\/\/stylingagenten.com\/fi\/wp-json\/wp\/v2\/product"}],"about":[{"href":"https:\/\/stylingagenten.com\/fi\/wp-json\/wp\/v2\/types\/product"}],"replies":[{"embeddable":true,"href":"https:\/\/stylingagenten.com\/fi\/wp-json\/wp\/v2\/comments?post=111678"}],"version-history":[{"count":0,"href":"https:\/\/stylingagenten.com\/fi\/wp-json\/wp\/v2\/product\/111678\/revisions"}],"wp:featuredmedia":[{"embeddable":true,"href":"https:\/\/stylingagenten.com\/fi\/wp-json\/wp\/v2\/media\/111669"}],"wp:attachment":[{"href":"https:\/\/stylingagenten.com\/fi\/wp-json\/wp\/v2\/media?parent=111678"}],"wp:term":[{"taxonomy":"product_brand","embeddable":true,"href":"https:\/\/stylingagenten.com\/fi\/wp-json\/wp\/v2\/product_brand?post=111678"},{"taxonomy":"product_cat","embeddable":true,"href":"https:\/\/stylingagenten.com\/fi\/wp-json\/wp\/v2\/product_cat?post=111678"},{"taxonomy":"product_tag","embeddable":true,"href":"https:\/\/stylingagenten.com\/fi\/wp-json\/wp\/v2\/product_tag?post=111678"},{"taxonomy":"berocket_brand","embeddable":true,"href":"https:\/\/stylingagenten.com\/fi\/wp-json\/wp\/v2\/berocket_brand?post=111678"}],"curies":[{"name":"wp","href":"https:\/\/api.w.org\/{rel}","templated":true}]}}