{"id":111670,"date":"2025-05-18T20:59:45","date_gmt":"2025-05-18T20:59:45","guid":{"rendered":"https:\/\/staging2.stylingagenten.com\/fi\/produkt\/anua-peach-77-niacin-enriched-cream-50ml\/"},"modified":"2025-11-19T12:50:46","modified_gmt":"2025-11-19T12:50:46","slug":"anua-peach-77-niacin-enriched-cream-50ml","status":"publish","type":"product","link":"https:\/\/stylingagenten.com\/fi\/tuote\/anua-peach-77-niacin-enriched-cream-50ml\/","title":{"rendered":"Anua Peach 77% Niacin Enriched Cream 50ml"},"content":{"rendered":"<p>ANUA Peach 77% Niacin Enriched Cream on kosteuttava ja ihoa kirkastava kasvovoide, joka antaa s\u00e4teilev\u00e4n ja terveen ihons\u00e4vyn.<\/p>\n<p>Kosteuttava ja kirkastava kasvovoide sopii kaikille ihotyypeille ja sinulle, joka haluat hehkuvan ja terveen ihon. Voide sis\u00e4lt\u00e4\u00e4 77 % persikkauutetta, joka on rikas vitamiinien ja antioksidanttien l\u00e4hde ja auttaa kosteuttamaan ihoa sek\u00e4 antamaan sille hehkua. Niasiiniamidi (B3-vitamiini) v\u00e4hent\u00e4\u00e4 hyperpigmentaation n\u00e4kyvyytt\u00e4 ja tasoittaa ihons\u00e4vy\u00e4. Keramidit vahvistavat ihon suojakerrosta ja sitovat kosteutta, kun taas kollageeni parantaa ihon elastisuutta ja v\u00e4hent\u00e4\u00e4 hienojen juonteiden n\u00e4kyvyytt\u00e4. Pantenoli (B5-vitamiini) kosteuttaa ja rauhoittaa ihoa. Voiteella on kevyt koostumus, joka imeytyy nopeasti ihoon.<\/p>\n<p>50ml<\/p>\n","protected":false},"excerpt":{"rendered":"<p>ANUA Peach 77% Niacin Enriched Cream on kosteuttava ja ihoa kirkastava kasvovoide, joka antaa s\u00e4teilev\u00e4n ja terveen ihons\u00e4vyn. Kosteuttava ja kirkastava kasvovoide sopii kaikille ihotyypeille ja sinulle, joka haluat hehkuvan ja terveen ihon. Voide sis\u00e4lt\u00e4\u00e4 77 % persikkauutetta, joka on rikas vitamiinien ja antioksidanttien l\u00e4hde ja auttaa kosteuttamaan ihoa sek\u00e4 antamaan sille hehkua. Niasiiniamidi (B3-vitamiini) [&hellip;]<\/p>\n","protected":false},"featured_media":111655,"comment_status":"open","ping_status":"closed","template":"","meta":{"_trash_the_other_posts":false},"product_brand":[],"product_cat":[559],"product_tag":[],"berocket_brand":[1421],"class_list":{"0":"post-111670","1":"product","2":"type-product","3":"status-publish","4":"has-post-thumbnail","6":"product_cat-ansiktskrem","7":"pa_brand-anua","8":"berocket_brand-anua","10":"first","11":"instock","12":"taxable","13":"shipping-taxable","14":"purchasable","15":"product-type-simple"},"_links":{"self":[{"href":"https:\/\/stylingagenten.com\/fi\/wp-json\/wp\/v2\/product\/111670","targetHints":{"allow":["GET"]}}],"collection":[{"href":"https:\/\/stylingagenten.com\/fi\/wp-json\/wp\/v2\/product"}],"about":[{"href":"https:\/\/stylingagenten.com\/fi\/wp-json\/wp\/v2\/types\/product"}],"replies":[{"embeddable":true,"href":"https:\/\/stylingagenten.com\/fi\/wp-json\/wp\/v2\/comments?post=111670"}],"version-history":[{"count":0,"href":"https:\/\/stylingagenten.com\/fi\/wp-json\/wp\/v2\/product\/111670\/revisions"}],"wp:featuredmedia":[{"embeddable":true,"href":"https:\/\/stylingagenten.com\/fi\/wp-json\/wp\/v2\/media\/111655"}],"wp:attachment":[{"href":"https:\/\/stylingagenten.com\/fi\/wp-json\/wp\/v2\/media?parent=111670"}],"wp:term":[{"taxonomy":"product_brand","embeddable":true,"href":"https:\/\/stylingagenten.com\/fi\/wp-json\/wp\/v2\/product_brand?post=111670"},{"taxonomy":"product_cat","embeddable":true,"href":"https:\/\/stylingagenten.com\/fi\/wp-json\/wp\/v2\/product_cat?post=111670"},{"taxonomy":"product_tag","embeddable":true,"href":"https:\/\/stylingagenten.com\/fi\/wp-json\/wp\/v2\/product_tag?post=111670"},{"taxonomy":"berocket_brand","embeddable":true,"href":"https:\/\/stylingagenten.com\/fi\/wp-json\/wp\/v2\/berocket_brand?post=111670"}],"curies":[{"name":"wp","href":"https:\/\/api.w.org\/{rel}","templated":true}]}}