{"id":111643,"date":"2025-05-18T20:59:40","date_gmt":"2025-05-18T20:59:40","guid":{"rendered":"https:\/\/staging2.stylingagenten.com\/fi\/produkt\/malibu-ice-blue-cooling-after-sun-gel-100ml\/"},"modified":"2026-04-12T15:18:28","modified_gmt":"2026-04-12T15:18:28","slug":"malibu-ice-blue-cooling-after-sun-gel-100ml","status":"publish","type":"product","link":"https:\/\/stylingagenten.com\/fi\/tuote\/malibu-ice-blue-cooling-after-sun-gel-100ml\/","title":{"rendered":"Malibu Ice Blue Cooling After Sun Gel 100ml"},"content":{"rendered":"<p>Viilent\u00e4\u00e4 ja rauhoittaa ihoa auringolle altistumisen j\u00e4lkeen. S\u00e4ilytt\u00e4m\u00e4ll\u00e4 kosteuden ihossa se auttaa est\u00e4m\u00e4\u00e4n hilseily\u00e4, pit\u00e4\u00e4 ihon sile\u00e4n\u00e4 ja joustavana ja pident\u00e4\u00e4 rusketusta. After Sun, joka sis\u00e4lt\u00e4\u00e4 runsaasti Aloe Veran rauhoittavia vaikutuksia.<\/p>\n","protected":false},"excerpt":{"rendered":"<p>Viilent\u00e4\u00e4 ja rauhoittaa ihoa auringolle altistumisen j\u00e4lkeen. S\u00e4ilytt\u00e4m\u00e4ll\u00e4 kosteuden ihossa se auttaa est\u00e4m\u00e4\u00e4n hilseily\u00e4, pit\u00e4\u00e4 ihon sile\u00e4n\u00e4 ja joustavana ja pident\u00e4\u00e4 rusketusta. After Sun, joka sis\u00e4lt\u00e4\u00e4 runsaasti Aloe Veran rauhoittavia vaikutuksia.<\/p>\n","protected":false},"featured_media":111642,"comment_status":"open","ping_status":"closed","template":"","meta":{"_trash_the_other_posts":false},"product_brand":[],"product_cat":[658],"product_tag":[],"berocket_brand":[1241],"class_list":{"0":"post-111643","1":"product","2":"type-product","3":"status-publish","4":"has-post-thumbnail","6":"product_cat-auringon-jalkeen","7":"pa_brand-malibu","8":"berocket_brand-malibu","10":"first","11":"instock","12":"sale","13":"taxable","14":"shipping-taxable","15":"purchasable","16":"product-type-simple"},"_links":{"self":[{"href":"https:\/\/stylingagenten.com\/fi\/wp-json\/wp\/v2\/product\/111643","targetHints":{"allow":["GET"]}}],"collection":[{"href":"https:\/\/stylingagenten.com\/fi\/wp-json\/wp\/v2\/product"}],"about":[{"href":"https:\/\/stylingagenten.com\/fi\/wp-json\/wp\/v2\/types\/product"}],"replies":[{"embeddable":true,"href":"https:\/\/stylingagenten.com\/fi\/wp-json\/wp\/v2\/comments?post=111643"}],"version-history":[{"count":0,"href":"https:\/\/stylingagenten.com\/fi\/wp-json\/wp\/v2\/product\/111643\/revisions"}],"wp:featuredmedia":[{"embeddable":true,"href":"https:\/\/stylingagenten.com\/fi\/wp-json\/wp\/v2\/media\/111642"}],"wp:attachment":[{"href":"https:\/\/stylingagenten.com\/fi\/wp-json\/wp\/v2\/media?parent=111643"}],"wp:term":[{"taxonomy":"product_brand","embeddable":true,"href":"https:\/\/stylingagenten.com\/fi\/wp-json\/wp\/v2\/product_brand?post=111643"},{"taxonomy":"product_cat","embeddable":true,"href":"https:\/\/stylingagenten.com\/fi\/wp-json\/wp\/v2\/product_cat?post=111643"},{"taxonomy":"product_tag","embeddable":true,"href":"https:\/\/stylingagenten.com\/fi\/wp-json\/wp\/v2\/product_tag?post=111643"},{"taxonomy":"berocket_brand","embeddable":true,"href":"https:\/\/stylingagenten.com\/fi\/wp-json\/wp\/v2\/berocket_brand?post=111643"}],"curies":[{"name":"wp","href":"https:\/\/api.w.org\/{rel}","templated":true}]}}