{"id":111633,"date":"2025-05-18T20:59:38","date_gmt":"2025-05-18T20:59:38","guid":{"rendered":"https:\/\/staging2.stylingagenten.com\/fi\/produkt\/malibu-moisturising-after-sun-with-tan-extender-400ml\/"},"modified":"2026-04-12T21:28:31","modified_gmt":"2026-04-12T21:28:31","slug":"malibu-moisturising-after-sun-with-tan-extender-400ml","status":"publish","type":"product","link":"https:\/\/stylingagenten.com\/fi\/tuote\/malibu-moisturising-after-sun-with-tan-extender-400ml\/","title":{"rendered":"Malibu Moisturising After Sun With Tan Extender 400ml"},"content":{"rendered":"<p>Malibu Moisturizing After Sun With Tan Extender 400ml<br \/>Malibu Moisturizing After Sun Tan Extender on mukava auringonoton j\u00e4lkeen ja mieto rusketus ilman aurinkoa yhdess\u00e4 tuotteessa. Se antaa rusketuksellesi hieman lis\u00e4potkua samalla kun hoitaa syv\u00e4sti kosteuttavalla aloe veralla, allantoiinilla ja E-vitamiinilla. Malibu Moisturizing After Sun Tan Extenderin vitamiinirikas koostumus sis\u00e4lt\u00e4\u00e4 my\u00f6s provitamiinia B5, joka auttaa ihoa s\u00e4ilytt\u00e4m\u00e4\u00e4n houkuttelevan rusketuksensa pidemp\u00e4\u00e4n.<\/p>\n","protected":false},"excerpt":{"rendered":"<p>Malibu Moisturizing After Sun With Tan Extender 400mlMalibu Moisturizing After Sun Tan Extender on mukava auringonoton j\u00e4lkeen ja mieto rusketus ilman aurinkoa yhdess\u00e4 tuotteessa. Se antaa rusketuksellesi hieman lis\u00e4potkua samalla kun hoitaa syv\u00e4sti kosteuttavalla aloe veralla, allantoiinilla ja E-vitamiinilla. Malibu Moisturizing After Sun Tan Extenderin vitamiinirikas koostumus sis\u00e4lt\u00e4\u00e4 my\u00f6s provitamiinia B5, joka auttaa ihoa s\u00e4ilytt\u00e4m\u00e4\u00e4n [&hellip;]<\/p>\n","protected":false},"featured_media":111630,"comment_status":"open","ping_status":"closed","template":"","meta":{"_trash_the_other_posts":false},"product_brand":[],"product_cat":[658],"product_tag":[],"berocket_brand":[1241],"class_list":{"0":"post-111633","1":"product","2":"type-product","3":"status-publish","4":"has-post-thumbnail","6":"product_cat-auringon-jalkeen","7":"pa_brand-malibu","8":"berocket_brand-malibu","10":"first","11":"instock","12":"sale","13":"taxable","14":"shipping-taxable","15":"purchasable","16":"product-type-simple"},"_links":{"self":[{"href":"https:\/\/stylingagenten.com\/fi\/wp-json\/wp\/v2\/product\/111633","targetHints":{"allow":["GET"]}}],"collection":[{"href":"https:\/\/stylingagenten.com\/fi\/wp-json\/wp\/v2\/product"}],"about":[{"href":"https:\/\/stylingagenten.com\/fi\/wp-json\/wp\/v2\/types\/product"}],"replies":[{"embeddable":true,"href":"https:\/\/stylingagenten.com\/fi\/wp-json\/wp\/v2\/comments?post=111633"}],"version-history":[{"count":0,"href":"https:\/\/stylingagenten.com\/fi\/wp-json\/wp\/v2\/product\/111633\/revisions"}],"wp:featuredmedia":[{"embeddable":true,"href":"https:\/\/stylingagenten.com\/fi\/wp-json\/wp\/v2\/media\/111630"}],"wp:attachment":[{"href":"https:\/\/stylingagenten.com\/fi\/wp-json\/wp\/v2\/media?parent=111633"}],"wp:term":[{"taxonomy":"product_brand","embeddable":true,"href":"https:\/\/stylingagenten.com\/fi\/wp-json\/wp\/v2\/product_brand?post=111633"},{"taxonomy":"product_cat","embeddable":true,"href":"https:\/\/stylingagenten.com\/fi\/wp-json\/wp\/v2\/product_cat?post=111633"},{"taxonomy":"product_tag","embeddable":true,"href":"https:\/\/stylingagenten.com\/fi\/wp-json\/wp\/v2\/product_tag?post=111633"},{"taxonomy":"berocket_brand","embeddable":true,"href":"https:\/\/stylingagenten.com\/fi\/wp-json\/wp\/v2\/berocket_brand?post=111633"}],"curies":[{"name":"wp","href":"https:\/\/api.w.org\/{rel}","templated":true}]}}