{"id":111628,"date":"2025-05-18T20:59:37","date_gmt":"2025-05-18T20:59:37","guid":{"rendered":"https:\/\/staging2.stylingagenten.com\/fi\/produkt\/malibu-miracle-tan-before-after-sun-lotion-150ml\/"},"modified":"2026-04-13T07:10:04","modified_gmt":"2026-04-13T07:10:04","slug":"malibu-miracle-tan-before-after-sun-lotion-150ml","status":"publish","type":"product","link":"https:\/\/stylingagenten.com\/fi\/tuote\/malibu-miracle-tan-before-after-sun-lotion-150ml\/","title":{"rendered":"Malibu Miracle Tan Before &amp; After Sun Lotion 150ml"},"content":{"rendered":"<p>T\u00e4m\u00e4 ihmevoide elvytt\u00e4\u00e4 ihoa ja antaa sille s\u00e4teilev\u00e4n ilmeen kaikkialla.<\/p>\n<p>T\u00e4m\u00e4n voiteen vaikuttava ainesosa sis\u00e4lt\u00e4\u00e4 runsaasti; sitrushedelmien flavanoideja, jotka voivat nopeuttaa ihon pigmentaatiota stimuloimalla tyrosinaasin toimintaa ja melaniinin synteesi\u00e4, mik\u00e4 tarjoaa auringosta riippumattoman luonnollisen rusketuksen ja sit\u00e4 kautta valosuojan ihosoluille. K\u00e4yt\u00e4 ennen auringolle altistumista ihon valmisteluun sek\u00e4 pitk\u00e4n auringossa vietetyn p\u00e4iv\u00e4n j\u00e4lkeen rusketuksen haalistumisen tai hilseilyn est\u00e4miseksi.<\/p>\n<p>Kliinisesti todistettu nopeaksi Hell\u00e4varainen iholle<br \/>Silkkinen kosteusvoide <br \/>Nopeuttaa rusketusta<br \/>S\u00e4ilytt\u00e4\u00e4 rusketuksen ja antaa luonnollisen v\u00e4rin ihon oman melaniinin avulla.<br \/>Vain testattu; ihmiset<br \/>Made in England<\/p>\n","protected":false},"excerpt":{"rendered":"<p>T\u00e4m\u00e4 ihmevoide elvytt\u00e4\u00e4 ihoa ja antaa sille s\u00e4teilev\u00e4n ilmeen kaikkialla. T\u00e4m\u00e4n voiteen vaikuttava ainesosa sis\u00e4lt\u00e4\u00e4 runsaasti; sitrushedelmien flavanoideja, jotka voivat nopeuttaa ihon pigmentaatiota stimuloimalla tyrosinaasin toimintaa ja melaniinin synteesi\u00e4, mik\u00e4 tarjoaa auringosta riippumattoman luonnollisen rusketuksen ja sit\u00e4 kautta valosuojan ihosoluille. K\u00e4yt\u00e4 ennen auringolle altistumista ihon valmisteluun sek\u00e4 pitk\u00e4n auringossa vietetyn p\u00e4iv\u00e4n j\u00e4lkeen rusketuksen haalistumisen tai [&hellip;]<\/p>\n","protected":false},"featured_media":111627,"comment_status":"open","ping_status":"closed","template":"","meta":{"_trash_the_other_posts":false},"product_brand":[],"product_cat":[658],"product_tag":[],"berocket_brand":[1241],"class_list":{"0":"post-111628","1":"product","2":"type-product","3":"status-publish","4":"has-post-thumbnail","6":"product_cat-auringon-jalkeen","7":"pa_brand-malibu","8":"berocket_brand-malibu","10":"first","11":"instock","12":"sale","13":"taxable","14":"shipping-taxable","15":"purchasable","16":"product-type-simple"},"_links":{"self":[{"href":"https:\/\/stylingagenten.com\/fi\/wp-json\/wp\/v2\/product\/111628","targetHints":{"allow":["GET"]}}],"collection":[{"href":"https:\/\/stylingagenten.com\/fi\/wp-json\/wp\/v2\/product"}],"about":[{"href":"https:\/\/stylingagenten.com\/fi\/wp-json\/wp\/v2\/types\/product"}],"replies":[{"embeddable":true,"href":"https:\/\/stylingagenten.com\/fi\/wp-json\/wp\/v2\/comments?post=111628"}],"version-history":[{"count":0,"href":"https:\/\/stylingagenten.com\/fi\/wp-json\/wp\/v2\/product\/111628\/revisions"}],"wp:featuredmedia":[{"embeddable":true,"href":"https:\/\/stylingagenten.com\/fi\/wp-json\/wp\/v2\/media\/111627"}],"wp:attachment":[{"href":"https:\/\/stylingagenten.com\/fi\/wp-json\/wp\/v2\/media?parent=111628"}],"wp:term":[{"taxonomy":"product_brand","embeddable":true,"href":"https:\/\/stylingagenten.com\/fi\/wp-json\/wp\/v2\/product_brand?post=111628"},{"taxonomy":"product_cat","embeddable":true,"href":"https:\/\/stylingagenten.com\/fi\/wp-json\/wp\/v2\/product_cat?post=111628"},{"taxonomy":"product_tag","embeddable":true,"href":"https:\/\/stylingagenten.com\/fi\/wp-json\/wp\/v2\/product_tag?post=111628"},{"taxonomy":"berocket_brand","embeddable":true,"href":"https:\/\/stylingagenten.com\/fi\/wp-json\/wp\/v2\/berocket_brand?post=111628"}],"curies":[{"name":"wp","href":"https:\/\/api.w.org\/{rel}","templated":true}]}}