{"id":111513,"date":"2025-05-18T20:59:20","date_gmt":"2025-05-18T20:59:20","guid":{"rendered":"https:\/\/staging2.stylingagenten.com\/fi\/produkt\/zmile-cosmetics-beauty-advent-calendar-cube-blue-magic\/"},"modified":"2026-02-20T08:24:28","modified_gmt":"2026-02-20T08:24:28","slug":"zmile-cosmetics-beauty-advent-calendar-cube-blue-magic","status":"publish","type":"product","link":"https:\/\/stylingagenten.com\/fi\/tuote\/zmile-cosmetics-beauty-advent-calendar-cube-blue-magic\/","title":{"rendered":"Zmile Cosmetics Beauty Advent Calendar Cube &#8217;Blue Magic&#8217;"},"content":{"rendered":"<p>Zmile Cosmetics Beauty Advent Calendar Cube &#8217;Blue Magic&#8217;<br \/>\n<br \/>Merry Magic XMAS! Kaikki-yhdess\u00e4 kauneusjoulukalenterisi, jossa on 24 vegaanista kosmetiikkatuotetta t\u00e4ydellisiin joululookeihin! Anna inspiraation vied\u00e4 ja luo joka p\u00e4iv\u00e4 uusi tyyli, joka saa sinut s\u00e4ihkym\u00e4\u00e4n. Kimaltelevista luomiv\u00e4reist\u00e4 ja huulituotteista hohtaviin korostusv\u00e4reihin: valmistaudu taianomaiseen kauneuden ja glamourin t\u00e4yteiseen joulukuuhun!<\/p>\n<p>Joulukalenteri, jossa on 24 erilaista meikkituotetta ja asustetta.<\/p>\n","protected":false},"excerpt":{"rendered":"<p>Zmile Cosmetics Beauty Advent Calendar Cube &#8217;Blue Magic&#8217; Merry Magic XMAS! Kaikki-yhdess\u00e4 kauneusjoulukalenterisi, jossa on 24 vegaanista kosmetiikkatuotetta t\u00e4ydellisiin joululookeihin! Anna inspiraation vied\u00e4 ja luo joka p\u00e4iv\u00e4 uusi tyyli, joka saa sinut s\u00e4ihkym\u00e4\u00e4n. Kimaltelevista luomiv\u00e4reist\u00e4 ja huulituotteista hohtaviin korostusv\u00e4reihin: valmistaudu taianomaiseen kauneuden ja glamourin t\u00e4yteiseen joulukuuhun! Joulukalenteri, jossa on 24 erilaista meikkituotetta ja asustetta.<\/p>\n","protected":false},"featured_media":111497,"comment_status":"open","ping_status":"closed","template":"","meta":{"_trash_the_other_posts":false},"product_brand":[],"product_cat":[643,999,1003,735],"product_tag":[],"berocket_brand":[1179],"class_list":{"0":"post-111513","1":"product","2":"type-product","3":"status-publish","4":"has-post-thumbnail","6":"product_cat-adventskalendrar","7":"product_cat-kampanjatarjous-naiselle","8":"product_cat-myydyimmat","9":"product_cat-kampanjamme","10":"pa_brand-zmile-cosmetics","11":"berocket_brand-zmile-cosmetics","13":"first","14":"instock","15":"sale","16":"taxable","17":"shipping-taxable","18":"purchasable","19":"product-type-simple"},"_links":{"self":[{"href":"https:\/\/stylingagenten.com\/fi\/wp-json\/wp\/v2\/product\/111513","targetHints":{"allow":["GET"]}}],"collection":[{"href":"https:\/\/stylingagenten.com\/fi\/wp-json\/wp\/v2\/product"}],"about":[{"href":"https:\/\/stylingagenten.com\/fi\/wp-json\/wp\/v2\/types\/product"}],"replies":[{"embeddable":true,"href":"https:\/\/stylingagenten.com\/fi\/wp-json\/wp\/v2\/comments?post=111513"}],"version-history":[{"count":0,"href":"https:\/\/stylingagenten.com\/fi\/wp-json\/wp\/v2\/product\/111513\/revisions"}],"wp:featuredmedia":[{"embeddable":true,"href":"https:\/\/stylingagenten.com\/fi\/wp-json\/wp\/v2\/media\/111497"}],"wp:attachment":[{"href":"https:\/\/stylingagenten.com\/fi\/wp-json\/wp\/v2\/media?parent=111513"}],"wp:term":[{"taxonomy":"product_brand","embeddable":true,"href":"https:\/\/stylingagenten.com\/fi\/wp-json\/wp\/v2\/product_brand?post=111513"},{"taxonomy":"product_cat","embeddable":true,"href":"https:\/\/stylingagenten.com\/fi\/wp-json\/wp\/v2\/product_cat?post=111513"},{"taxonomy":"product_tag","embeddable":true,"href":"https:\/\/stylingagenten.com\/fi\/wp-json\/wp\/v2\/product_tag?post=111513"},{"taxonomy":"berocket_brand","embeddable":true,"href":"https:\/\/stylingagenten.com\/fi\/wp-json\/wp\/v2\/berocket_brand?post=111513"}],"curies":[{"name":"wp","href":"https:\/\/api.w.org\/{rel}","templated":true}]}}