{"id":111484,"date":"2025-05-18T20:59:16","date_gmt":"2025-05-18T20:59:16","guid":{"rendered":"https:\/\/staging2.stylingagenten.com\/fi\/produkt\/parker-65r-3-piece-safety-razor\/"},"modified":"2025-12-16T21:17:12","modified_gmt":"2025-12-16T21:17:12","slug":"parker-65r-3-piece-safety-razor","status":"publish","type":"product","link":"https:\/\/stylingagenten.com\/fi\/tuote\/parker-65r-3-piece-safety-razor\/","title":{"rendered":"Parker 65R 3-piece safety Razor"},"content":{"rendered":"<p style='font-family: \"Calibri\", sans-serif'>65R Three Piece Safety Razor<br \/>Parker on maailmanlaajuinen perheyritys, joka on ollut genrens\u00e4 johtaja vuodesta 1973 l\u00e4htien. Niiden korkealla laadulla ja innovatiivinen suunnittelu p&aring; Parkerin turvaparranajokoneet hyv\u00e4ksyv\u00e4t vain yhden tyyppisen vakioparametrin; heid\u00e4n tuotteensa &ndash; Parasta!<\/p>\n<p style='margin-top:0cm;margin-right:0cm;margin-bottom:8.0pt;margin-left:0cm;font-size:15px;font-family:\" Calibri\" ,sans-serif'>Perinteinen 3-osainen turvaparranajokone, joka on valmistettu messingist\u00e4, mustalla viimeistelyll\u00e4, joka j\u00e4ljittelee graniittia ja kultaa. Siin\u00e4 on muotoiltu ajop\u00e4\u00e4, jossa on suljettu kampa. Sinun on ruuvattava ajop\u00e4\u00e4 irti akselista, jotta voit asentaa partakoneen teri\u00e4.<\/p>\n<p>HUOM! H\u00f6yl\u00e4n mukana ei tule partakoneen teri\u00e4.<\/p>\n<p>Kokonaispituus: 11 cm.<br \/>Paino: 80 g.<\/p>\n","protected":false},"excerpt":{"rendered":"<p>65R Three Piece Safety RazorParker on maailmanlaajuinen perheyritys, joka on ollut genrens\u00e4 johtaja vuodesta 1973 l\u00e4htien. Niiden korkealla laadulla ja innovatiivinen suunnittelu p&aring; Parkerin turvaparranajokoneet hyv\u00e4ksyv\u00e4t vain yhden tyyppisen vakioparametrin; heid\u00e4n tuotteensa &ndash; Parasta! Perinteinen 3-osainen turvaparranajokone, joka on valmistettu messingist\u00e4, mustalla viimeistelyll\u00e4, joka j\u00e4ljittelee graniittia ja kultaa. Siin\u00e4 on muotoiltu ajop\u00e4\u00e4, jossa on suljettu [&hellip;]<\/p>\n","protected":false},"featured_media":111482,"comment_status":"open","ping_status":"closed","template":"","meta":{"_trash_the_other_posts":false},"product_brand":[],"product_cat":[1000,1005,690,735],"product_tag":[],"berocket_brand":[1088],"class_list":{"0":"post-111484","1":"product","2":"type-product","3":"status-publish","4":"has-post-thumbnail","6":"product_cat-kampanjatarjous-miehelle","7":"product_cat-outlet","8":"product_cat-partaveitsi","9":"product_cat-kampanjamme","10":"pa_brand-parker","11":"berocket_brand-parker","13":"first","14":"instock","15":"sale","16":"taxable","17":"shipping-taxable","18":"purchasable","19":"product-type-simple"},"_links":{"self":[{"href":"https:\/\/stylingagenten.com\/fi\/wp-json\/wp\/v2\/product\/111484","targetHints":{"allow":["GET"]}}],"collection":[{"href":"https:\/\/stylingagenten.com\/fi\/wp-json\/wp\/v2\/product"}],"about":[{"href":"https:\/\/stylingagenten.com\/fi\/wp-json\/wp\/v2\/types\/product"}],"replies":[{"embeddable":true,"href":"https:\/\/stylingagenten.com\/fi\/wp-json\/wp\/v2\/comments?post=111484"}],"version-history":[{"count":0,"href":"https:\/\/stylingagenten.com\/fi\/wp-json\/wp\/v2\/product\/111484\/revisions"}],"wp:featuredmedia":[{"embeddable":true,"href":"https:\/\/stylingagenten.com\/fi\/wp-json\/wp\/v2\/media\/111482"}],"wp:attachment":[{"href":"https:\/\/stylingagenten.com\/fi\/wp-json\/wp\/v2\/media?parent=111484"}],"wp:term":[{"taxonomy":"product_brand","embeddable":true,"href":"https:\/\/stylingagenten.com\/fi\/wp-json\/wp\/v2\/product_brand?post=111484"},{"taxonomy":"product_cat","embeddable":true,"href":"https:\/\/stylingagenten.com\/fi\/wp-json\/wp\/v2\/product_cat?post=111484"},{"taxonomy":"product_tag","embeddable":true,"href":"https:\/\/stylingagenten.com\/fi\/wp-json\/wp\/v2\/product_tag?post=111484"},{"taxonomy":"berocket_brand","embeddable":true,"href":"https:\/\/stylingagenten.com\/fi\/wp-json\/wp\/v2\/berocket_brand?post=111484"}],"curies":[{"name":"wp","href":"https:\/\/api.w.org\/{rel}","templated":true}]}}